{"id":15437,"date":"2023-01-22T15:59:22","date_gmt":"2023-01-22T15:59:22","guid":{"rendered":"https:\/\/canyontrekguara.com\/producto\/bon-cadeau-stage-de-via-ferrata-2-jours-1-personne\/"},"modified":"2026-04-16T08:55:13","modified_gmt":"2026-04-16T08:55:13","slug":"bon-cadeau-stage-de-via-ferrata-2-jours-1-personne","status":"publish","type":"product","link":"https:\/\/canyontrekguara.com\/fr\/producto\/bon-cadeau-stage-de-via-ferrata-2-jours-1-personne\/","title":{"rendered":"BON CADEAU Stage de via ferrata 2 jours \u2013 1 personne"},"content":{"rendered":"<p><span style=\"font-weight: 400;\">Stage de perfectionnement en via ferrata de deux jours pour une personne<\/span><\/p>\n","protected":false},"excerpt":{"rendered":"<h3>Stage de fia ferrata de 2 jours pour une personne<\/h3>\n<p data-start=\"67\" data-end=\"105\"><strong>Un cadeau pour vivre et profiter<\/strong><\/p>\n<p class=\"\" data-start=\"107\" data-end=\"284\">Vous souhaitez surprendre avec une exp\u00e9rience unique en plein air ? Offrez un stage de via ferrata de deux jours dans l\u2019impressionnante Sierra de Guara et cr\u00e9ez des souvenirs inoubliables.<\/p>\n<p class=\"\" data-start=\"286\" data-end=\"542\">Ce bon cadeau est id\u00e9al pour toute occasion : No\u00ebl, Saint-Valentin, anniversaire, F\u00eate des P\u00e8res ou des M\u00e8res, mariages, communions\u2026 ou m\u00eame comme cadeau de derni\u00e8re minute !<\/p>\n<h3 class=\"\" data-start=\"544\" data-end=\"565\"><span style=\"color: #039dbd;\">Comment \u00e7a marche ?<\/span><\/h3>\n<p class=\"\" data-start=\"567\" data-end=\"772\"><strong data-start=\"567\" data-end=\"595\">1. Achetez votre bon cadeau<\/strong><br data-start=\"595\" data-end=\"598\" \/>Le processus est simple et rapide. Ajoutez le bon cadeau au panier et remplissez les informations.<\/p>\n<p class=\"\" data-start=\"774\" data-end=\"925\"><strong data-start=\"774\" data-end=\"802\">2. Recevez votre bon cadeau<\/strong><br data-start=\"802\" data-end=\"805\" \/>Une fois l\u2019achat confirm\u00e9, vous recevrez un bon personnalis\u00e9 au format num\u00e9rique.<\/p>\n<ul>\n<li data-start=\"567\" data-end=\"772\">\ud83d\udce9 <strong>Vous<\/strong> recevrez un e-mail avec un PDF t\u00e9l\u00e9chargeable du bon cadeau.<\/li>\n<li data-start=\"567\" data-end=\"772\">\ud83d\udce9 <strong>Le destinataire<\/strong> recevra \u00e9galement le PDF t\u00e9l\u00e9chargeable du bon cadeau (\u00e0 l\u2019adresse e-mail que vous aurez indiqu\u00e9e).<\/li>\n<li data-start=\"567\" data-end=\"772\">\ud83d\udce9 Le PDF du bon cadeau contient un<strong> identifiant<\/strong> que vous devrez communiquer pour fixer le jour et l\u2019heure de l\u2019activit\u00e9 au t\u00e9l\u00e9phone 650 55 47 88.<\/li>\n<\/ul>\n<p class=\"\" data-start=\"927\" data-end=\"1164\"><strong data-start=\"927\" data-end=\"960\">3. Profitez de l\u2019exp\u00e9rience<\/strong><br data-start=\"960\" data-end=\"963\" \/>La personne qui re\u00e7oit le bon cadeau doit simplement nous contacter, indiquer le code du bon et r\u00e9server la date de son aventure. Plus t\u00f4t elle le fera, plus elle aura de disponibilit\u00e9s.<\/p>\n<h3 class=\"\" data-start=\"1166\" data-end=\"1185\"><span style=\"color: #039dbd;\">Qu\u2019est-ce qui est inclus ?<\/span><\/h3>\n<p class=\"\" data-start=\"1187\" data-end=\"1400\">\u2705 Activit\u00e9 de plein air<br data-start=\"1273\" data-end=\"1276\" \/>\u2705 Guides dipl\u00f4m\u00e9s<br data-start=\"1302\" data-end=\"1305\" \/>\u2705 Mat\u00e9riel technique et de s\u00e9curit\u00e9<br data-start=\"1338\" data-end=\"1341\" \/>\u2705 Assurance accidents et assistance<br data-start=\"1338\" data-end=\"1341\" \/>\u2705 Transport du mat\u00e9riel<\/p>\n<h3 class=\"\" data-start=\"1402\" data-end=\"1436\"><span style=\"color: #039dbd;\">Lieu des activit\u00e9s<\/span><\/h3>\n<p class=\"\" data-start=\"1437\" data-end=\"1589\">La plupart de nos exp\u00e9riences ont lieu dans la Sierra de Guara \u2013 Huesca.<\/p>\n<h3 class=\"\" data-start=\"1591\" data-end=\"1613\"><span style=\"color: #039dbd;\">Validit\u00e9 du bon cadeau<\/span><\/h3>\n<p class=\"\" data-start=\"1614\" data-end=\"1691\">Votre bon cadeau est valable 365 jours \u00e0 partir de la date d\u2019achat.<\/p>\n<p class=\"\" data-start=\"1896\" data-end=\"1957\">\ud83d\udce9 Achetez d\u00e8s maintenant et offrez une exp\u00e9rience inoubliable !<\/p>\n<p data-start=\"1896\" data-end=\"1957\"><strong>\ud83d\udcf8 En plus, nous vous offrons des photos de l\u2019activit\u00e9 !<\/strong><\/p>\n","protected":false},"featured_media":15466,"comment_status":"closed","ping_status":"closed","template":"","meta":{"_exactmetrics_skip_tracking":false,"_exactmetrics_sitenote_active":false,"_exactmetrics_sitenote_note":"","_exactmetrics_sitenote_category":0,"_monsterinsights_skip_tracking":false,"_monsterinsights_sitenote_active":false,"_monsterinsights_sitenote_note":"","_monsterinsights_sitenote_category":0},"product_brand":[],"product_cat":[191],"product_tag":[193,192],"class_list":{"0":"post-15437","1":"product","2":"type-product","3":"status-publish","4":"has-post-thumbnail","6":"product_cat-sin-categorizar","7":"product_tag-bono","8":"product_tag-via-ferratas","10":"first","11":"instock","12":"virtual","13":"sold-individually","14":"purchasable","15":"product-type-simple"},"aioseo_notices":[],"_links":{"self":[{"href":"https:\/\/canyontrekguara.com\/fr\/wp-json\/wp\/v2\/product\/15437","targetHints":{"allow":["GET"]}}],"collection":[{"href":"https:\/\/canyontrekguara.com\/fr\/wp-json\/wp\/v2\/product"}],"about":[{"href":"https:\/\/canyontrekguara.com\/fr\/wp-json\/wp\/v2\/types\/product"}],"replies":[{"embeddable":true,"href":"https:\/\/canyontrekguara.com\/fr\/wp-json\/wp\/v2\/comments?post=15437"}],"wp:featuredmedia":[{"embeddable":true,"href":"https:\/\/canyontrekguara.com\/fr\/wp-json\/wp\/v2\/media\/15466"}],"wp:attachment":[{"href":"https:\/\/canyontrekguara.com\/fr\/wp-json\/wp\/v2\/media?parent=15437"}],"wp:term":[{"taxonomy":"product_brand","embeddable":true,"href":"https:\/\/canyontrekguara.com\/fr\/wp-json\/wp\/v2\/product_brand?post=15437"},{"taxonomy":"product_cat","embeddable":true,"href":"https:\/\/canyontrekguara.com\/fr\/wp-json\/wp\/v2\/product_cat?post=15437"},{"taxonomy":"product_tag","embeddable":true,"href":"https:\/\/canyontrekguara.com\/fr\/wp-json\/wp\/v2\/product_tag?post=15437"}],"curies":[{"name":"wp","href":"https:\/\/api.w.org\/{rel}","templated":true}]}}