{"id":15378,"date":"2025-09-05T07:49:37","date_gmt":"2025-09-05T07:49:37","guid":{"rendered":"https:\/\/canyontrekguara.com\/producto\/bon-cadeau-deux-activites-niveau-debutant-intermediaire-2-personnes\/"},"modified":"2026-04-16T08:40:02","modified_gmt":"2026-04-16T08:40:02","slug":"bon-cadeau-deux-activites-niveau-debutant-intermediaire-2-personnes","status":"publish","type":"product","link":"https:\/\/canyontrekguara.com\/fr\/producto\/bon-cadeau-deux-activites-niveau-debutant-intermediaire-2-personnes\/","title":{"rendered":"BON CADEAU Deux activit\u00e9s Niveau d\u00e9butant\/interm\u00e9diaire &#8211; 2 personnes"},"content":{"rendered":"<p>Deux activit\u00e9s de niveau d\u00e9butant\/interm\u00e9diaire pour deux personnes<\/p>\n","protected":false},"excerpt":{"rendered":"<h3>Deux activit\u00e9s de canyoning ou de via ferrata<\/h3>\n<p data-start=\"67\" data-end=\"105\"><strong>Un cadeau \u00e0 vivre et \u00e0 appr\u00e9cier<\/strong><\/p>\n<p class=\"\" data-start=\"107\" data-end=\"284\">\u00bfQuieres sorprender con una experiencia \u00fanica al aire libre? Regala una emocionante aventura de barranquismo o v\u00edas ferratas en la impresionante Sierra de Guara y crea recuerdos inolvidables.<\/p>\n<p class=\"\" data-start=\"286\" data-end=\"542\">e bon cadeau est id\u00e9al pour toutes les occasions : No\u00ebl, Saint-Valentin, anniversaire, f\u00eate des p\u00e8res ou des m\u00e8res, mariages, communions\u2026 ou m\u00eame comme petit cadeau de derni\u00e8re minute !<\/p>\n<h3 class=\"\" data-start=\"544\" data-end=\"565\"><span style=\"color: #039dbd;\">Comment \u00e7a fonctionne ?<\/span><\/h3>\n<p class=\"\" data-start=\"567\" data-end=\"772\"><strong data-start=\"567\" data-end=\"595\">1. Achetez votre Bon Cadeau<\/strong><br data-start=\"595\" data-end=\"598\" \/>Le processus est simple et rapide. Ajoutez le bon cadeau au panier et remplissez les informations n\u00e9cessaires.<\/p>\n<p class=\"\" data-start=\"774\" data-end=\"925\"><strong data-start=\"774\" data-end=\"802\">2. Recevez votre Bon Cadeau<\/strong><br data-start=\"802\" data-end=\"805\" \/>Une fois l\u2019achat confirm\u00e9, vous recevrez un bon personnalis\u00e9 au format num\u00e9rique.<\/p>\n<ul>\n<li data-start=\"567\" data-end=\"772\">\ud83d\udce9 <strong>Vous<\/strong> recevrez un email avec un PDF t\u00e9l\u00e9chargeable du bon cadeau.<\/li>\n<li data-start=\"567\" data-end=\"772\">\ud83d\udce9 Le destinataire du bon cadeau recevra \u00e9galement le PDF t\u00e9l\u00e9chargeable (\u00e0 l\u2019email que vous fournissez).<\/li>\n<li data-start=\"567\" data-end=\"772\">\ud83d\udce9 Le PDF du bon cadeau contient un identifiant qu\u2019il faudra communiquer pour fixer la date et l\u2019heure de l\u2019activit\u00e9 au num\u00e9ro 650 55 47 88.<\/li>\n<\/ul>\n<p class=\"\" data-start=\"927\" data-end=\"1164\"><strong data-start=\"927\" data-end=\"960\">Profitez de l\u2019exp\u00e9rience<\/strong><br data-start=\"960\" data-end=\"963\" \/>La personne qui re\u00e7oit le bon cadeau doit simplement nous contacter, nous indiquer le code du bon cadeau et r\u00e9server la date pour son aventure. Plus elle le fera t\u00f4t, meilleure sera la disponibilit\u00e9.<\/p>\n<h3 class=\"\" data-start=\"1166\" data-end=\"1185\"><span style=\"color: #039dbd;\">Qu\u2019est-ce qui est inclus ?<\/span><\/h3>\n<p class=\"\" data-start=\"1187\" data-end=\"1400\">\u2705 Activit\u00e9 de tourisme actif<br data-start=\"1273\" data-end=\"1276\" \/>\u2705 Guides dipl\u00f4m\u00e9s<br data-start=\"1302\" data-end=\"1305\" \/>\u2705 Mat\u00e9riel technique et de s\u00e9curit\u00e9<br data-start=\"1338\" data-end=\"1341\" \/>\u2705 Assurance accidents et assistance<br data-start=\"1338\" data-end=\"1341\" \/>\u2705 Transport du mat\u00e9riel<\/p>\n<h3 class=\"\" data-start=\"1402\" data-end=\"1436\"><span style=\"color: #039dbd;\">Lieu des activit\u00e9s<\/span><\/h3>\n<p class=\"\" data-start=\"1437\" data-end=\"1589\">La plupart de nos exp\u00e9riences se d\u00e9roulent dans la <strong data-start=\"1496\" data-end=\"1524\">Sierra de Guara \u2013 Huesca.<\/strong><\/p>\n<h3 class=\"\" data-start=\"1591\" data-end=\"1613\"><span style=\"color: #039dbd;\">Validit\u00e9 du bon cadeau<\/span><\/h3>\n<p class=\"\" data-start=\"1614\" data-end=\"1691\">Votre bon cadeau sera valable<strong data-start=\"1646\" data-end=\"1658\"> 365 jours<\/strong> \u00e0 partir de la date d\u2019achat.<\/p>\n<p class=\"\" data-start=\"1896\" data-end=\"1957\">\ud83d\udce9 Faites votre achat d\u00e8s maintenant et offrez une exp\u00e9rience inoubliable !<\/p>\n<p data-start=\"1896\" data-end=\"1957\"><strong>Et en plus, nous vous offrons des photos de l\u2019activit\u00e9 !<\/strong><\/p>\n","protected":false},"featured_media":15449,"comment_status":"closed","ping_status":"closed","template":"","meta":{"_exactmetrics_skip_tracking":false,"_exactmetrics_sitenote_active":false,"_exactmetrics_sitenote_note":"","_exactmetrics_sitenote_category":0,"_monsterinsights_skip_tracking":false,"_monsterinsights_sitenote_active":false,"_monsterinsights_sitenote_note":"","_monsterinsights_sitenote_category":0},"product_brand":[],"product_cat":[194],"product_tag":[202,193,201,192],"class_list":{"0":"post-15378","1":"product","2":"type-product","3":"status-publish","4":"has-post-thumbnail","6":"product_cat-bono-regalo","7":"product_tag-actividades","8":"product_tag-bono","9":"product_tag-canyoning","10":"product_tag-via-ferratas","12":"first","13":"instock","14":"virtual","15":"sold-individually","16":"purchasable","17":"product-type-simple"},"aioseo_notices":[],"_links":{"self":[{"href":"https:\/\/canyontrekguara.com\/fr\/wp-json\/wp\/v2\/product\/15378","targetHints":{"allow":["GET"]}}],"collection":[{"href":"https:\/\/canyontrekguara.com\/fr\/wp-json\/wp\/v2\/product"}],"about":[{"href":"https:\/\/canyontrekguara.com\/fr\/wp-json\/wp\/v2\/types\/product"}],"replies":[{"embeddable":true,"href":"https:\/\/canyontrekguara.com\/fr\/wp-json\/wp\/v2\/comments?post=15378"}],"wp:featuredmedia":[{"embeddable":true,"href":"https:\/\/canyontrekguara.com\/fr\/wp-json\/wp\/v2\/media\/15449"}],"wp:attachment":[{"href":"https:\/\/canyontrekguara.com\/fr\/wp-json\/wp\/v2\/media?parent=15378"}],"wp:term":[{"taxonomy":"product_brand","embeddable":true,"href":"https:\/\/canyontrekguara.com\/fr\/wp-json\/wp\/v2\/product_brand?post=15378"},{"taxonomy":"product_cat","embeddable":true,"href":"https:\/\/canyontrekguara.com\/fr\/wp-json\/wp\/v2\/product_cat?post=15378"},{"taxonomy":"product_tag","embeddable":true,"href":"https:\/\/canyontrekguara.com\/fr\/wp-json\/wp\/v2\/product_tag?post=15378"}],"curies":[{"name":"wp","href":"https:\/\/api.w.org\/{rel}","templated":true}]}}