{"id":14730,"date":"2026-03-09T13:50:12","date_gmt":"2026-03-09T13:50:12","guid":{"rendered":"https:\/\/canyontrekguara.com\/location-de-materiel\/location-de-materiel-de-canyoning\/"},"modified":"2026-03-09T13:51:14","modified_gmt":"2026-03-09T13:51:14","slug":"location-de-materiel-de-canyoning","status":"publish","type":"page","link":"https:\/\/canyontrekguara.com\/fr\/location-de-materiel\/location-de-materiel-de-canyoning\/","title":{"rendered":"Location de mat\u00e9riel de canyoning"},"content":{"rendered":"\t\t<div data-elementor-type=\"wp-post\" data-elementor-id=\"14730\" class=\"elementor elementor-14730 elementor-14727\" data-elementor-post-type=\"page\">\n\t\t\t\t\t\t<section class=\"elementor-section elementor-top-section elementor-element elementor-element-840eec8 elementor-section-height-min-height elementor-section-boxed elementor-section-height-default elementor-section-items-middle wpr-particle-no wpr-jarallax-no wpr-parallax-no wpr-sticky-section-no\" data-id=\"840eec8\" data-element_type=\"section\" data-e-type=\"section\" data-settings=\"{&quot;background_background&quot;:&quot;classic&quot;,&quot;shape_divider_bottom&quot;:&quot;triangle&quot;,&quot;shape_divider_bottom_negative&quot;:&quot;yes&quot;}\">\n\t\t\t\t\t\t\t<div class=\"elementor-background-overlay\"><\/div>\n\t\t\t\t\t\t<div class=\"elementor-shape elementor-shape-bottom\" aria-hidden=\"true\" data-negative=\"true\">\n\t\t\t<svg xmlns=\"http:\/\/www.w3.org\/2000\/svg\" viewBox=\"0 0 1000 100\" preserveAspectRatio=\"none\">\n\t<path class=\"elementor-shape-fill\" d=\"M500.2,94.7L0,0v100h1000V0L500.2,94.7z\"\/>\n<\/svg>\t\t<\/div>\n\t\t\t\t\t<div class=\"elementor-container elementor-column-gap-default\">\n\t\t\t\t\t<div class=\"elementor-column elementor-col-100 elementor-top-column elementor-element elementor-element-6862af1f\" data-id=\"6862af1f\" data-element_type=\"column\" data-e-type=\"column\">\n\t\t\t<div class=\"elementor-widget-wrap elementor-element-populated\">\n\t\t\t\t\t\t<div class=\"elementor-element elementor-element-1e2f46c elementor-widget elementor-widget-heading\" data-id=\"1e2f46c\" data-element_type=\"widget\" data-e-type=\"widget\" data-widget_type=\"heading.default\">\n\t\t\t\t<div class=\"elementor-widget-container\">\n\t\t\t\t\t<h1 class=\"elementor-heading-title elementor-size-default\">Location de mat\u00e9riel de canyoning<\/h1>\t\t\t\t<\/div>\n\t\t\t\t<\/div>\n\t\t\t\t<div class=\"elementor-element elementor-element-2879900a elementor-widget elementor-widget-text-editor\" data-id=\"2879900a\" data-element_type=\"widget\" data-e-type=\"widget\" data-widget_type=\"text-editor.default\">\n\t\t\t\t<div class=\"elementor-widget-container\">\n\t\t\t\t\t\t\t\t\t<p>Service de location de mat\u00e9riel pour le canyoning et la via ferrata<\/p>\t\t\t\t\t\t\t\t<\/div>\n\t\t\t\t<\/div>\n\t\t\t\t<div class=\"elementor-element elementor-element-ba77f22 elementor-widget elementor-widget-image\" data-id=\"ba77f22\" data-element_type=\"widget\" data-e-type=\"widget\" data-widget_type=\"image.default\">\n\t\t\t\t<div class=\"elementor-widget-container\">\n\t\t\t\t\t\t\t\t\t\t\t\t\t\t\t\t<a href=\"https:\/\/www.trustindex.io\/reviews\/canyontrekguara.com\">\n\t\t\t\t\t\t\t<img decoding=\"async\" data-src=\"https:\/\/canyontrekguara.com\/wp-content\/uploads\/2024\/03\/tripavisor-2024.png\" title=\"\" alt=\"\" src=\"data:image\/svg+xml;base64,PHN2ZyB3aWR0aD0iMSIgaGVpZ2h0PSIxIiB4bWxucz0iaHR0cDovL3d3dy53My5vcmcvMjAwMC9zdmciPjwvc3ZnPg==\" class=\"lazyload\" \/>\t\t\t\t\t\t\t\t<\/a>\n\t\t\t\t\t\t\t\t\t\t\t\t\t\t\t<\/div>\n\t\t\t\t<\/div>\n\t\t\t\t\t<\/div>\n\t\t<\/div>\n\t\t\t\t\t<\/div>\n\t\t<\/section>\n\t\t\t\t<section class=\"elementor-section elementor-top-section elementor-element elementor-element-ef829c2 elementor-section-boxed elementor-section-height-default elementor-section-height-default wpr-particle-no wpr-jarallax-no wpr-parallax-no wpr-sticky-section-no\" data-id=\"ef829c2\" data-element_type=\"section\" data-e-type=\"section\">\n\t\t\t\t\t\t<div class=\"elementor-container elementor-column-gap-default\">\n\t\t\t\t\t<div class=\"elementor-column elementor-col-100 elementor-top-column elementor-element elementor-element-dc13440\" data-id=\"dc13440\" data-element_type=\"column\" data-e-type=\"column\">\n\t\t\t<div class=\"elementor-widget-wrap elementor-element-populated\">\n\t\t\t\t\t\t<div class=\"elementor-element elementor-element-0462365 elementor-widget elementor-widget-text-editor\" data-id=\"0462365\" data-element_type=\"widget\" data-e-type=\"widget\" data-widget_type=\"text-editor.default\">\n\t\t\t\t<div class=\"elementor-widget-container\">\n\t\t\t\t\t\t\t\t\tNous vous fournissons tout l&rsquo;\u00e9quipement n\u00e9cessaire pour que vous puissiez profiter de nos activit\u00e9s en toute s\u00e9curit\u00e9. Tous nos \u00e9quipements sont homologu\u00e9s. Contactez nous !\t\t\t\t\t\t\t\t<\/div>\n\t\t\t\t<\/div>\n\t\t\t\t\t<\/div>\n\t\t<\/div>\n\t\t\t\t\t<\/div>\n\t\t<\/section>\n\t\t\t\t<section class=\"elementor-section elementor-top-section elementor-element elementor-element-2200b77 elementor-section-full_width elementor-section-height-default elementor-section-height-default wpr-particle-no wpr-jarallax-no wpr-parallax-no wpr-sticky-section-no\" data-id=\"2200b77\" data-element_type=\"section\" data-e-type=\"section\" id=\"iniciacion-intermedio\">\n\t\t\t\t\t\t<div class=\"elementor-container elementor-column-gap-default\">\n\t\t\t\t\t<div class=\"elementor-column elementor-col-100 elementor-top-column elementor-element elementor-element-dea6017\" data-id=\"dea6017\" data-element_type=\"column\" data-e-type=\"column\">\n\t\t\t<div class=\"elementor-widget-wrap elementor-element-populated\">\n\t\t\t\t\t\t<div class=\"elementor-element elementor-element-7651a6b elementor-widget elementor-widget-spacer\" data-id=\"7651a6b\" data-element_type=\"widget\" data-e-type=\"widget\" data-widget_type=\"spacer.default\">\n\t\t\t\t<div class=\"elementor-widget-container\">\n\t\t\t\t\t\t\t<div class=\"elementor-spacer\">\n\t\t\t<div class=\"elementor-spacer-inner\"><\/div>\n\t\t<\/div>\n\t\t\t\t\t\t<\/div>\n\t\t\t\t<\/div>\n\t\t\t\t<div class=\"elementor-element elementor-element-c7dd523 elementor-widget elementor-widget-heading\" data-id=\"c7dd523\" data-element_type=\"widget\" data-e-type=\"widget\" data-widget_type=\"heading.default\">\n\t\t\t\t<div class=\"elementor-widget-container\">\n\t\t\t\t\t<h2 class=\"elementor-heading-title elementor-size-default\">Location de mat\u00e9riel de canyoning<\/h2>\t\t\t\t<\/div>\n\t\t\t\t<\/div>\n\t\t\t\t<div class=\"elementor-element elementor-element-9f6bf7a elementor-widget elementor-widget-ucaddon_post_blocks\" data-id=\"9f6bf7a\" data-element_type=\"widget\" data-e-type=\"widget\" data-widget_type=\"ucaddon_post_blocks.default\">\n\t\t\t\t<div class=\"elementor-widget-container\">\n\t\t\t\t\t\n<!-- start Post Blocks -->\n\t\t<link id='font-awesome-css' href='https:\/\/canyontrekguara.com\/wp-content\/plugins\/unlimited-elements-for-elementor\/assets_libraries\/font-awesome6\/fontawesome-all.min.css' type='text\/css' rel='stylesheet' >\n\t\t<link id='font-awesome-4-shim-css' href='https:\/\/canyontrekguara.com\/wp-content\/plugins\/unlimited-elements-for-elementor\/assets_libraries\/font-awesome6\/fontawesome-v4-shims.min.css' type='text\/css' rel='stylesheet' >\n\n<style>\/* widget: Post Blocks *\/\n\n\n\n#uc_post_blocks_elementor_9f6bf7a {\n    display:grid;\n}\n#uc_post_blocks_elementor_9f6bf7a .ue_post_blocks_box\n{\n  overflow:hidden;\n}\n\n#uc_post_blocks_elementor_9f6bf7a .ue_post_blocks_image\n{\n  overflow:hidden;\n}\n#uc_post_blocks_elementor_9f6bf7a .ue_post_blocks_image img\n{\n  width:100%;\n  display:block;\n}\n#uc_post_blocks_elementor_9f6bf7a .ue_post_blocks_link a\n{\n  display:inline-block;\n  text-decoration:none;\n  text-align:center;\n}\n\n\n#uc_post_blocks_elementor_9f6bf7a .ue-grid-item-meta-data\n{\n  display:inlin-flex;\n  flex-wrap: wrap;\n}\n\n.ue-grid-item-meta-data\n{\n  font-size:12px;\n}\n\n#uc_post_blocks_elementor_9f6bf7a .ue-grid-item-meta-data-icon\n{\n  line-height:1em;\n}\n\n#uc_post_blocks_elementor_9f6bf7a .ue-grid-item-meta-data-icon svg\n{\n  width:1em;\n  height:1em;\n}\n\n#uc_post_blocks_elementor_9f6bf7a .ue_post_blocks_box{\n  display: flex;\n  flex-direction: column;\n}\n#uc_post_blocks_elementor_9f6bf7a .ue_post_blocks_content{\n display: flex; flex-grow: 1;\n flex-direction: column;\n}\n#uc_post_blocks_elementor_9f6bf7a .ue_post_blocks_link{ margin-top: auto;\n}\n\n.ue-grid-item-category a\n{\n  display:inline-block;\n  font-size:10px;\n  text-transform:uppercase;\n}\n\n\n\n\n<\/style>\n\n<div id=\"uc_post_blocks_elementor_9f6bf7a\" class=\"ue_post_blocks uc-items-wrapper \" >\n    <div class=\"ue_post_blocks_box\">\n    <div class=\"ue_post_blocks_image\">\n    <a href=\"https:\/\/canyontrekguara.com\/fr\/cordes-dancrage-avec-2-mousquetons\/\" style=\"display:block;\"><img decoding=\"async\" data-src=\"https:\/\/canyontrekguara.com\/wp-content\/uploads\/2024\/03\/Cabos-de-anclaje-barrancos-y-mosquetones-de-seguridad.jpg\"  data-src=\"https:\/\/canyontrekguara.com\/wp-content\/uploads\/2024\/03\/Cabos-de-anclaje-barrancos-y-mosquetones-de-seguridad.jpg\" alt=\"Cabos de anclaje barrancos y mosquetones de seguridad\" width=\"516\" height=\"516\" src=\"data:image\/svg+xml;base64,PHN2ZyB3aWR0aD0iMSIgaGVpZ2h0PSIxIiB4bWxucz0iaHR0cDovL3d3dy53My5vcmcvMjAwMC9zdmciPjwvc3ZnPg==\" class=\"lazyload\" style=\"--smush-placeholder-width: 516px; --smush-placeholder-aspect-ratio: 516\/516;\"><\/a>\n  <\/div>\n    <div class=\"ue_post_blocks_content\">\n      \n     \n         \n    <div class=\"ue_post_blocks_title\"><a href=\"https:\/\/canyontrekguara.com\/fr\/cordes-dancrage-avec-2-mousquetons\/\">longes d\u2019ancrage avec 2 mousquetons<\/a><\/div>    \n        \n    \n    <div class=\"ue_post_blocks_text\">4,00 \u20ac TTC\/jour<\/div>      <\/div>\n<\/div>\n<div class=\"ue_post_blocks_box\">\n    <div class=\"ue_post_blocks_image\">\n    <a href=\"https:\/\/canyontrekguara.com\/fr\/descendeur-8-mousqueton-de-securite\/\" style=\"display:block;\"><img decoding=\"async\" data-src=\"https:\/\/canyontrekguara.com\/wp-content\/uploads\/2024\/03\/descensor-8-mosqueton-768x768.jpg\"  data-src=\"https:\/\/canyontrekguara.com\/wp-content\/uploads\/2024\/03\/descensor-8-mosqueton-768x768.jpg\" alt=\"descensor 8 + mosqueton\" width=\"768\" height=\"768\" src=\"data:image\/svg+xml;base64,PHN2ZyB3aWR0aD0iMSIgaGVpZ2h0PSIxIiB4bWxucz0iaHR0cDovL3d3dy53My5vcmcvMjAwMC9zdmciPjwvc3ZnPg==\" class=\"lazyload\" style=\"--smush-placeholder-width: 768px; --smush-placeholder-aspect-ratio: 768\/768;\"><\/a>\n  <\/div>\n    <div class=\"ue_post_blocks_content\">\n      \n     \n         \n    <div class=\"ue_post_blocks_title\"><a href=\"https:\/\/canyontrekguara.com\/fr\/descendeur-8-mousqueton-de-securite\/\">Descendeur 8 + mousqueton de s\u00e9curit\u00e9<\/a><\/div>    \n        \n    \n    <div class=\"ue_post_blocks_text\">4,00 \u20ac TTC\/jour<\/div>      <\/div>\n<\/div>\n<div class=\"ue_post_blocks_box\">\n    <div class=\"ue_post_blocks_image\">\n    <a href=\"https:\/\/canyontrekguara.com\/fr\/reservoir-etanche-de-64-litres\/\" style=\"display:block;\"><img decoding=\"async\" data-src=\"https:\/\/canyontrekguara.com\/wp-content\/uploads\/2024\/03\/Bidon-estanco-de-6.jpg\"  data-src=\"https:\/\/canyontrekguara.com\/wp-content\/uploads\/2024\/03\/Bidon-estanco-de-6.jpg\" alt=\"Bid\u00f3n estanco de 6\" width=\"531\" height=\"531\" src=\"data:image\/svg+xml;base64,PHN2ZyB3aWR0aD0iMSIgaGVpZ2h0PSIxIiB4bWxucz0iaHR0cDovL3d3dy53My5vcmcvMjAwMC9zdmciPjwvc3ZnPg==\" class=\"lazyload\" style=\"--smush-placeholder-width: 531px; --smush-placeholder-aspect-ratio: 531\/531;\"><\/a>\n  <\/div>\n    <div class=\"ue_post_blocks_content\">\n      \n     \n         \n    <div class=\"ue_post_blocks_title\"><a href=\"https:\/\/canyontrekguara.com\/fr\/reservoir-etanche-de-64-litres\/\">Bidon \u00e9tanche de 6,4 litres<\/a><\/div>    \n        \n    \n    <div class=\"ue_post_blocks_text\">4,00 \u20ac TVA incluse<\/div>      <\/div>\n<\/div>\n<div class=\"ue_post_blocks_box\">\n    <div class=\"ue_post_blocks_image\">\n    <a href=\"https:\/\/canyontrekguara.com\/fr\/harnais-de-canyoning-complet-avec-deux-cordes-dancrage-8-et-un-mousqueton-de-securite\/\" style=\"display:block;\"><img decoding=\"async\" data-src=\"https:\/\/canyontrekguara.com\/wp-content\/uploads\/2024\/03\/Arnes-barrancos-y-Cabos-de-anclaje-barrancos-y-mosquetones-de-seguridad-768x768.jpg\"  data-src=\"https:\/\/canyontrekguara.com\/wp-content\/uploads\/2024\/03\/Arnes-barrancos-y-Cabos-de-anclaje-barrancos-y-mosquetones-de-seguridad-768x768.jpg\" alt=\"Arnes barrancos y Cabos de anclaje barrancos y mosquetones de seguridad\" width=\"768\" height=\"768\" src=\"data:image\/svg+xml;base64,PHN2ZyB3aWR0aD0iMSIgaGVpZ2h0PSIxIiB4bWxucz0iaHR0cDovL3d3dy53My5vcmcvMjAwMC9zdmciPjwvc3ZnPg==\" class=\"lazyload\" style=\"--smush-placeholder-width: 768px; --smush-placeholder-aspect-ratio: 768\/768;\"><\/a>\n  <\/div>\n    <div class=\"ue_post_blocks_content\">\n      \n     \n         \n    <div class=\"ue_post_blocks_title\"><a href=\"https:\/\/canyontrekguara.com\/fr\/harnais-de-canyoning-complet-avec-deux-cordes-dancrage-8-et-un-mousqueton-de-securite\/\">Boudrier de canyoning complet, comprenant deux longes d'ancrage avec mousquetons, descendeur 8 avec mousqueton de s\u00e9curit\u00e9.<\/a><\/div>    \n        \n    \n    <div class=\"ue_post_blocks_text\">8,00 \u20ac TVA incluse<\/div>      <\/div>\n<\/div>\n<div class=\"ue_post_blocks_box\">\n    <div class=\"ue_post_blocks_image\">\n    <a href=\"https:\/\/canyontrekguara.com\/fr\/casque-pour-enfant\/\" style=\"display:block;\"><img decoding=\"async\" data-src=\"https:\/\/canyontrekguara.com\/wp-content\/uploads\/2024\/03\/casco-para-ninos-768x768.jpg\"  data-src=\"https:\/\/canyontrekguara.com\/wp-content\/uploads\/2024\/03\/casco-para-ninos-768x768.jpg\" alt=\"casco para ni\u00f1os\" width=\"768\" height=\"768\" src=\"data:image\/svg+xml;base64,PHN2ZyB3aWR0aD0iMSIgaGVpZ2h0PSIxIiB4bWxucz0iaHR0cDovL3d3dy53My5vcmcvMjAwMC9zdmciPjwvc3ZnPg==\" class=\"lazyload\" style=\"--smush-placeholder-width: 768px; --smush-placeholder-aspect-ratio: 768\/768;\"><\/a>\n  <\/div>\n    <div class=\"ue_post_blocks_content\">\n      \n     \n         \n    <div class=\"ue_post_blocks_title\"><a href=\"https:\/\/canyontrekguara.com\/fr\/casque-pour-enfant\/\">Casque pour enfant<\/a><\/div>    \n        \n    \n    <div class=\"ue_post_blocks_text\">4,00 \u20ac TVA incluse<\/div>      <\/div>\n<\/div>\n<div class=\"ue_post_blocks_box\">\n    <div class=\"ue_post_blocks_image\">\n    <a href=\"https:\/\/canyontrekguara.com\/fr\/casque-pour-lescalade-et-le-canyoning\/\" style=\"display:block;\"><img decoding=\"async\" data-src=\"https:\/\/canyontrekguara.com\/wp-content\/uploads\/2024\/03\/casco-escalada-y-barrnacos-1.jpg\"  data-src=\"https:\/\/canyontrekguara.com\/wp-content\/uploads\/2024\/03\/casco-escalada-y-barrnacos-1.jpg\" alt=\"casco escalada y barrnacos\" width=\"599\" height=\"599\" src=\"data:image\/svg+xml;base64,PHN2ZyB3aWR0aD0iMSIgaGVpZ2h0PSIxIiB4bWxucz0iaHR0cDovL3d3dy53My5vcmcvMjAwMC9zdmciPjwvc3ZnPg==\" class=\"lazyload\" style=\"--smush-placeholder-width: 599px; --smush-placeholder-aspect-ratio: 599\/599;\"><\/a>\n  <\/div>\n    <div class=\"ue_post_blocks_content\">\n      \n     \n         \n    <div class=\"ue_post_blocks_title\"><a href=\"https:\/\/canyontrekguara.com\/fr\/casque-pour-lescalade-et-le-canyoning\/\">Casque pour l'escalade et le canyoning<\/a><\/div>    \n        \n    \n    <div class=\"ue_post_blocks_text\">4,00 \u20ac TVA incluse<\/div>      <\/div>\n<\/div>\n<div class=\"ue_post_blocks_box\">\n    <div class=\"ue_post_blocks_image\">\n    <a href=\"https:\/\/canyontrekguara.com\/fr\/bottines\/\" style=\"display:block;\"><img decoding=\"async\" data-src=\"https:\/\/canyontrekguara.com\/wp-content\/uploads\/2024\/03\/Escarpines-barrancos-5mm-1.jpg\"  data-src=\"https:\/\/canyontrekguara.com\/wp-content\/uploads\/2024\/03\/Escarpines-barrancos-5mm-1.jpg\" alt=\"Escarpines barrancos 5mm\" width=\"538\" height=\"538\" src=\"data:image\/svg+xml;base64,PHN2ZyB3aWR0aD0iMSIgaGVpZ2h0PSIxIiB4bWxucz0iaHR0cDovL3d3dy53My5vcmcvMjAwMC9zdmciPjwvc3ZnPg==\" class=\"lazyload\" style=\"--smush-placeholder-width: 538px; --smush-placeholder-aspect-ratio: 538\/538;\"><\/a>\n  <\/div>\n    <div class=\"ue_post_blocks_content\">\n      \n     \n         \n    <div class=\"ue_post_blocks_title\"><a href=\"https:\/\/canyontrekguara.com\/fr\/bottines\/\">Chaussons en n\u00e9opr\u00e8ne<\/a><\/div>    \n        \n    \n    <div class=\"ue_post_blocks_text\">3,00\u20ac IVA inc.\/d\u00eda<\/div>      <\/div>\n<\/div>\n<div class=\"ue_post_blocks_box\">\n    <div class=\"ue_post_blocks_image\">\n    <a href=\"https:\/\/canyontrekguara.com\/fr\/neoprene-en-deux-parties\/\" style=\"display:block;\"><img decoding=\"async\" data-src=\"https:\/\/canyontrekguara.com\/wp-content\/uploads\/2024\/03\/neopreno-kynay-5mm.jpg\"  data-src=\"https:\/\/canyontrekguara.com\/wp-content\/uploads\/2024\/03\/neopreno-kynay-5mm.jpg\" alt=\"neopreno kynay 5mm\" width=\"691\" height=\"691\" src=\"data:image\/svg+xml;base64,PHN2ZyB3aWR0aD0iMSIgaGVpZ2h0PSIxIiB4bWxucz0iaHR0cDovL3d3dy53My5vcmcvMjAwMC9zdmciPjwvc3ZnPg==\" class=\"lazyload\" style=\"--smush-placeholder-width: 691px; --smush-placeholder-aspect-ratio: 691\/691;\"><\/a>\n  <\/div>\n    <div class=\"ue_post_blocks_content\">\n      \n     \n         \n    <div class=\"ue_post_blocks_title\"><a href=\"https:\/\/canyontrekguara.com\/fr\/neoprene-en-deux-parties\/\">Combinaison n\u00e9opr\u00e8ne en deux pi\u00e8ces<\/a><\/div>    \n        \n    \n    <div class=\"ue_post_blocks_text\">14,00 \u20ac TTC\/jour<\/div>      <\/div>\n<\/div>\n\n<\/div>\n<!-- end Post Blocks -->\t\t\t\t<\/div>\n\t\t\t\t<\/div>\n\t\t\t\t<div class=\"elementor-element elementor-element-873fbfc elementor-align-center elementor-widget elementor-widget-button\" data-id=\"873fbfc\" data-element_type=\"widget\" data-e-type=\"widget\" data-widget_type=\"button.default\">\n\t\t\t\t<div class=\"elementor-widget-container\">\n\t\t\t\t\t\t\t\t\t<div class=\"elementor-button-wrapper\">\n\t\t\t\t\t<a class=\"elementor-button elementor-button-link elementor-size-sm\" href=\"https:\/\/canyontrekguara.com\/fr\/location-de-materiel\/offres-forfaitaires-de-location-dequipement\/\">\n\t\t\t\t\t\t<span class=\"elementor-button-content-wrapper\">\n\t\t\t\t\t\t<span class=\"elementor-button-icon\">\n\t\t\t\t<i aria-hidden=\"true\" class=\"far fa-arrow-alt-circle-right\"><\/i>\t\t\t<\/span>\n\t\t\t\t\t\t\t\t\t<span class=\"elementor-button-text\">propose des forfaits location de mat\u00e9riel<\/span>\n\t\t\t\t\t<\/span>\n\t\t\t\t\t<\/a>\n\t\t\t\t<\/div>\n\t\t\t\t\t\t\t\t<\/div>\n\t\t\t\t<\/div>\n\t\t\t\t\t<\/div>\n\t\t<\/div>\n\t\t\t\t\t<\/div>\n\t\t<\/section>\n\t\t\t\t<section class=\"elementor-section elementor-top-section elementor-element elementor-element-60f8ce9 elementor-section-full_width elementor-section-height-default elementor-section-height-default wpr-particle-no wpr-jarallax-no wpr-parallax-no wpr-sticky-section-no\" data-id=\"60f8ce9\" data-element_type=\"section\" data-e-type=\"section\" data-settings=\"{&quot;background_background&quot;:&quot;classic&quot;,&quot;shape_divider_top&quot;:&quot;tilt&quot;}\">\n\t\t\t\t\t<div class=\"elementor-shape elementor-shape-top\" aria-hidden=\"true\" data-negative=\"false\">\n\t\t\t<svg xmlns=\"http:\/\/www.w3.org\/2000\/svg\" viewBox=\"0 0 1000 100\" preserveAspectRatio=\"none\">\n\t<path class=\"elementor-shape-fill\" d=\"M0,6V0h1000v100L0,6z\"\/>\n<\/svg>\t\t<\/div>\n\t\t\t\t\t<div class=\"elementor-container elementor-column-gap-default\">\n\t\t\t\t\t<div class=\"elementor-column elementor-col-100 elementor-top-column elementor-element elementor-element-c651266\" data-id=\"c651266\" data-element_type=\"column\" data-e-type=\"column\">\n\t\t\t<div class=\"elementor-widget-wrap elementor-element-populated\">\n\t\t\t\t\t\t<div class=\"elementor-element elementor-element-47f187c elementor-widget elementor-widget-spacer\" data-id=\"47f187c\" data-element_type=\"widget\" data-e-type=\"widget\" data-widget_type=\"spacer.default\">\n\t\t\t\t<div class=\"elementor-widget-container\">\n\t\t\t\t\t\t\t<div class=\"elementor-spacer\">\n\t\t\t<div class=\"elementor-spacer-inner\"><\/div>\n\t\t<\/div>\n\t\t\t\t\t\t<\/div>\n\t\t\t\t<\/div>\n\t\t\t\t<section class=\"elementor-section elementor-inner-section elementor-element elementor-element-e0deaec elementor-section-boxed elementor-section-height-default elementor-section-height-default wpr-particle-no wpr-jarallax-no wpr-parallax-no wpr-sticky-section-no\" data-id=\"e0deaec\" data-element_type=\"section\" data-e-type=\"section\">\n\t\t\t\t\t\t<div class=\"elementor-container elementor-column-gap-default\">\n\t\t\t\t\t<div class=\"elementor-column elementor-col-100 elementor-inner-column elementor-element elementor-element-1ad0b77\" data-id=\"1ad0b77\" data-element_type=\"column\" data-e-type=\"column\">\n\t\t\t<div class=\"elementor-widget-wrap elementor-element-populated\">\n\t\t\t\t\t\t<div class=\"elementor-element elementor-element-fdfc5e0 elementor-widget elementor-widget-heading\" data-id=\"fdfc5e0\" data-element_type=\"widget\" data-e-type=\"widget\" data-widget_type=\"heading.default\">\n\t\t\t\t<div class=\"elementor-widget-container\">\n\t\t\t\t\t<h3 class=\"elementor-heading-title elementor-size-default\">Conditions d'utilisation<\/h3>\t\t\t\t<\/div>\n\t\t\t\t<\/div>\n\t\t\t\t\t<\/div>\n\t\t<\/div>\n\t\t\t\t\t<\/div>\n\t\t<\/section>\n\t\t\t\t<div class=\"elementor-element elementor-element-a8de003 elementor-widget elementor-widget-spacer\" data-id=\"a8de003\" data-element_type=\"widget\" data-e-type=\"widget\" data-widget_type=\"spacer.default\">\n\t\t\t\t<div class=\"elementor-widget-container\">\n\t\t\t\t\t\t\t<div class=\"elementor-spacer\">\n\t\t\t<div class=\"elementor-spacer-inner\"><\/div>\n\t\t<\/div>\n\t\t\t\t\t\t<\/div>\n\t\t\t\t<\/div>\n\t\t\t\t<div class=\"elementor-element elementor-element-7dd8913 elementor-widget elementor-widget-text-editor\" data-id=\"7dd8913\" data-element_type=\"widget\" data-e-type=\"widget\" data-widget_type=\"text-editor.default\">\n\t\t\t\t<div class=\"elementor-widget-container\">\n\t\t\t\t\t\t\t\t\t<ul><li>Los neoprenos ser\u00e1n devueltos del derecho y limpios de tierra.<\/li><li>Les prix incluent la TVA \u00e0 21 %.<\/li><li>Tout notre mat\u00e9riel est d\u00e9sinfect\u00e9 avec Neoprene Clean apr\u00e8s chaque utilisation.<\/li><li>Pour la location du mat\u00e9riel, il sera indispensable de remettre la carte d&rsquo;identit\u00e9 pour en prendre une photographie.<\/li><li>La personne qui loue le mat\u00e9riel est responsable de la connaissance des techniques permettant d&rsquo;utiliser et de manipuler correctement le mat\u00e9riel technique lou\u00e9. Les instructions du fabricant sont \u00e0 la disposition du client.<\/li><li>En cas de perte ou de d\u00e9t\u00e9rioration du mat\u00e9riel lou\u00e9, le client doit payer le remplacement du mat\u00e9riel.<\/li><li>Le client doit signaler tout dommage ou incident que le mat\u00e9riel a subi.<\/li><li>Le mat\u00e9riel est soigneusement contr\u00f4l\u00e9 et conforme \u00e0 la r\u00e9glementation.<\/li><li>Les cordes ne sont pas lou\u00e9es pour des raisons de s\u00e9curit\u00e9.<\/li><\/ul>\t\t\t\t\t\t\t\t<\/div>\n\t\t\t\t<\/div>\n\t\t\t\t<div class=\"elementor-element elementor-element-577e0c1 elementor-widget elementor-widget-spacer\" data-id=\"577e0c1\" data-element_type=\"widget\" data-e-type=\"widget\" data-widget_type=\"spacer.default\">\n\t\t\t\t<div class=\"elementor-widget-container\">\n\t\t\t\t\t\t\t<div class=\"elementor-spacer\">\n\t\t\t<div class=\"elementor-spacer-inner\"><\/div>\n\t\t<\/div>\n\t\t\t\t\t\t<\/div>\n\t\t\t\t<\/div>\n\t\t\t\t\t<\/div>\n\t\t<\/div>\n\t\t\t\t\t<\/div>\n\t\t<\/section>\n\t\t\t\t<\/div>\n\t\t","protected":false},"excerpt":{"rendered":"<p>Location de mat\u00e9riel de canyoning Service de location de mat\u00e9riel pour le canyoning et la via ferrata Nous vous fournissons tout l&rsquo;\u00e9quipement n\u00e9cessaire pour que vous puissiez profiter de nos activit\u00e9s en toute s\u00e9curit\u00e9. Tous nos \u00e9quipements sont homologu\u00e9s. Contactez nous ! Location de mat\u00e9riel de canyoning Cabos de anclaje con 2 mosquetones 4,00\u20ac IVA inc.\/d\u00eda Descensor 8 + mosquet\u00f3n seguridad 4,00\u20ac IVA inc.\/d\u00eda Bid\u00f3n estanco 6,4L 4,00\u20ac IVA inc.\/d\u00eda Arn\u00e9s barrancos completo con dos cabos de anclaje 8 y mosquet\u00f3n de seguridad 8,00\u20ac IVA inc.\/d\u00eda Casco talla ni\u00f1o 4,00\u20ac IVA inc.\/d\u00eda Casco escalada y barrancos 4,00\u20ac IVA inc.\/d\u00eda Escarpines 3,00\u20ac IVA inc.\/d\u00eda Mochila de barrancos 6,00\u20ac IVA inc.\/d\u00eda Neopreno dos piezas 14,00\u20ac IVA inc.\/d\u00eda propose des forfaits location de mat\u00e9riel Conditions d&rsquo;utilisation Los neoprenos ser\u00e1n devueltos del derecho y limpios de tierra. Les prix incluent la TVA \u00e0 21 %. Tout notre mat\u00e9riel est d\u00e9sinfect\u00e9 avec Neoprene Clean apr\u00e8s chaque utilisation. Pour la location du mat\u00e9riel, il sera indispensable de remettre la carte d&rsquo;identit\u00e9 pour en prendre une photographie. La personne qui loue le mat\u00e9riel est responsable de la connaissance des techniques permettant d&rsquo;utiliser et de manipuler correctement le mat\u00e9riel technique lou\u00e9. Les instructions du fabricant sont \u00e0 la disposition du client. En cas de perte ou de d\u00e9t\u00e9rioration du mat\u00e9riel lou\u00e9, le client doit payer le remplacement du mat\u00e9riel. Le client doit signaler tout dommage ou incident que le mat\u00e9riel a subi. Le mat\u00e9riel est soigneusement contr\u00f4l\u00e9 et conforme \u00e0 la r\u00e9glementation. Les cordes ne sont pas lou\u00e9es pour des raisons de s\u00e9curit\u00e9.<\/p>\n","protected":false},"author":5,"featured_media":0,"parent":12076,"menu_order":0,"comment_status":"closed","ping_status":"closed","template":"elementor_header_footer","meta":{"_exactmetrics_skip_tracking":false,"_exactmetrics_sitenote_active":false,"_exactmetrics_sitenote_note":"","_exactmetrics_sitenote_category":0,"_monsterinsights_skip_tracking":false,"_monsterinsights_sitenote_active":false,"_monsterinsights_sitenote_note":"","_monsterinsights_sitenote_category":0,"footnotes":""},"class_list":["post-14730","page","type-page","status-publish","hentry"],"aioseo_notices":[],"_links":{"self":[{"href":"https:\/\/canyontrekguara.com\/fr\/wp-json\/wp\/v2\/pages\/14730","targetHints":{"allow":["GET"]}}],"collection":[{"href":"https:\/\/canyontrekguara.com\/fr\/wp-json\/wp\/v2\/pages"}],"about":[{"href":"https:\/\/canyontrekguara.com\/fr\/wp-json\/wp\/v2\/types\/page"}],"author":[{"embeddable":true,"href":"https:\/\/canyontrekguara.com\/fr\/wp-json\/wp\/v2\/users\/5"}],"replies":[{"embeddable":true,"href":"https:\/\/canyontrekguara.com\/fr\/wp-json\/wp\/v2\/comments?post=14730"}],"version-history":[{"count":1,"href":"https:\/\/canyontrekguara.com\/fr\/wp-json\/wp\/v2\/pages\/14730\/revisions"}],"predecessor-version":[{"id":14731,"href":"https:\/\/canyontrekguara.com\/fr\/wp-json\/wp\/v2\/pages\/14730\/revisions\/14731"}],"up":[{"embeddable":true,"href":"https:\/\/canyontrekguara.com\/fr\/wp-json\/wp\/v2\/pages\/12076"}],"wp:attachment":[{"href":"https:\/\/canyontrekguara.com\/fr\/wp-json\/wp\/v2\/media?parent=14730"}],"curies":[{"name":"wp","href":"https:\/\/api.w.org\/{rel}","templated":true}]}}