{"id":11780,"date":"2023-01-12T11:25:36","date_gmt":"2023-01-12T11:25:36","guid":{"rendered":"https:\/\/canyontrekguara.com\/pieton-inferieur\/"},"modified":"2024-01-31T15:34:53","modified_gmt":"2024-01-31T15:34:53","slug":"pieton-inferieur","status":"publish","type":"page","link":"https:\/\/canyontrekguara.com\/fr\/pieton-inferieur\/","title":{"rendered":"Pi\u00e9ton inf\u00e9rieur"},"content":{"rendered":"\t\t<div data-elementor-type=\"wp-page\" data-elementor-id=\"11780\" class=\"elementor elementor-11780\" data-elementor-post-type=\"page\">\n\t\t\t\t\t\t<section class=\"elementor-section elementor-top-section elementor-element elementor-element-70bc419f elementor-section-boxed elementor-section-height-default elementor-section-height-default wpr-particle-no wpr-jarallax-no wpr-parallax-no wpr-sticky-section-no\" data-id=\"70bc419f\" data-element_type=\"section\" data-e-type=\"section\">\n\t\t\t\t\t\t<div class=\"elementor-container elementor-column-gap-default\">\n\t\t\t\t\t<div class=\"elementor-column elementor-col-33 elementor-top-column elementor-element elementor-element-6f4f5cb0\" data-id=\"6f4f5cb0\" data-element_type=\"column\" data-e-type=\"column\">\n\t\t\t<div class=\"elementor-widget-wrap\">\n\t\t\t\t\t\t\t<\/div>\n\t\t<\/div>\n\t\t\t\t<div class=\"elementor-column elementor-col-33 elementor-top-column elementor-element elementor-element-6e205c39\" data-id=\"6e205c39\" data-element_type=\"column\" data-e-type=\"column\">\n\t\t\t<div class=\"elementor-widget-wrap elementor-element-populated\">\n\t\t\t\t\t\t<div class=\"elementor-element elementor-element-6286266 elementor-widget elementor-widget-heading\" data-id=\"6286266\" data-element_type=\"widget\" data-e-type=\"widget\" data-widget_type=\"heading.default\">\n\t\t\t\t<div class=\"elementor-widget-container\">\n\t\t\t\t\t<h2 class=\"elementor-heading-title elementor-size-default\">Ravin inf\u00e9rieur de Peonera\n<\/h2>\t\t\t\t<\/div>\n\t\t\t\t<\/div>\n\t\t\t\t<div class=\"elementor-element elementor-element-3ef5c7ed elementor-widget elementor-widget-image\" data-id=\"3ef5c7ed\" data-element_type=\"widget\" data-e-type=\"widget\" data-widget_type=\"image.default\">\n\t\t\t\t<div class=\"elementor-widget-container\">\n\t\t\t\t\t\t\t\t\t\t\t\t\t\t\t<img fetchpriority=\"high\" decoding=\"async\" width=\"1154\" height=\"865\" src=\"https:\/\/canyontrekguara.com\/wp-content\/uploads\/2023\/01\/clonacion-peonera-inferior.jpg\" class=\"attachment-large size-large wp-image-10632\" alt=\"\" srcset=\"https:\/\/canyontrekguara.com\/wp-content\/uploads\/2023\/01\/clonacion-peonera-inferior.jpg 1154w, https:\/\/canyontrekguara.com\/wp-content\/uploads\/2023\/01\/clonacion-peonera-inferior-600x450.jpg 600w, https:\/\/canyontrekguara.com\/wp-content\/uploads\/2023\/01\/clonacion-peonera-inferior-768x576.jpg 768w, https:\/\/canyontrekguara.com\/wp-content\/uploads\/2023\/01\/elementor\/thumbs\/clonacion-peonera-inferior-q1nz4tmhjwwj7iw2v44x6sug4ir9cpkik6v58hfskw.jpg 800w\" sizes=\"(max-width: 1154px) 100vw, 1154px\" \/>\t\t\t\t\t\t\t\t\t\t\t\t\t\t\t<\/div>\n\t\t\t\t<\/div>\n\t\t\t\t<div class=\"elementor-element elementor-element-484df91a elementor-widget elementor-widget-spacer\" data-id=\"484df91a\" data-element_type=\"widget\" data-e-type=\"widget\" data-widget_type=\"spacer.default\">\n\t\t\t\t<div class=\"elementor-widget-container\">\n\t\t\t\t\t\t\t<div class=\"elementor-spacer\">\n\t\t\t<div class=\"elementor-spacer-inner\"><\/div>\n\t\t<\/div>\n\t\t\t\t\t\t<\/div>\n\t\t\t\t<\/div>\n\t\t\t\t<div class=\"elementor-element elementor-element-1ecf941d elementor-widget elementor-widget-heading\" data-id=\"1ecf941d\" data-element_type=\"widget\" data-e-type=\"widget\" data-widget_type=\"heading.default\">\n\t\t\t\t<div class=\"elementor-widget-container\">\n\t\t\t\t\t<h3 class=\"elementor-heading-title elementor-size-default\">Barranco de la Peonera : une gorge \u00e9toil\u00e9e<\/h3>\t\t\t\t<\/div>\n\t\t\t\t<\/div>\n\t\t\t\t<div class=\"elementor-element elementor-element-268ec0b8 elementor-widget elementor-widget-heading\" data-id=\"268ec0b8\" data-element_type=\"widget\" data-e-type=\"widget\" data-widget_type=\"heading.default\">\n\t\t\t\t<div class=\"elementor-widget-container\">\n\t\t\t\t\t<h5 class=\"elementor-heading-title elementor-size-default\">L'un des canyons les plus c\u00e9l\u00e8bres et les plus r\u00e9cr\u00e9atifs de la Sierra de Guara.\n<\/h5>\t\t\t\t<\/div>\n\t\t\t\t<\/div>\n\t\t\t\t<div class=\"elementor-element elementor-element-1ed8f624 elementor-widget elementor-widget-text-editor\" data-id=\"1ed8f624\" data-element_type=\"widget\" data-e-type=\"widget\" data-widget_type=\"text-editor.default\">\n\t\t\t\t<div class=\"elementor-widget-container\">\n\t\t\t\t\t\t\t\t\t<p>Le ravin de Peonera est l&rsquo;un des <strong>grands classiques<\/strong> de la Sierra de Guara. Situ\u00e9 dans la municipalit\u00e9 de Bierge, il s&rsquo;agit de l&rsquo;un des tron\u00e7ons de la rivi\u00e8re Alcanadre qui descend.<\/p>\n<p>La Peonera est une descente id\u00e9ale pour <strong>tous les types de personnes<\/strong>, qu&rsquo;il s&rsquo;agisse de familles avec enfants ou d&rsquo;adultes exp\u00e9riment\u00e9s \u00e0 la recherche de sensations fortes.<\/p>\n<p>Dans le ravin de Peonera, on peut distinguer deux parties : le goulet de Fornazos et le goulet de Puntillo, tous deux divis\u00e9s par la plage de Tamara avec sa source d&rsquo;eau fra\u00eeche <strong>\u00e9meraude<\/strong>.<\/p>\n<p>C&rsquo;est une descente qui se caract\u00e9rise par ses nombreux <strong>sauts <\/strong><strong>,<\/strong> toujours facultatifs et pouvant atteindre jusqu&rsquo;\u00e0 10 m\u00e8tres de haut. Il y a deux chaos de blocs inond\u00e9s, avec des passages presque souterrains, o\u00f9 l&rsquo;on peut faire des<strong> siphons<\/strong>, des petits <strong>toboggans <\/strong>et des<strong> rapides<\/strong>, et nager dans de longues <strong>piscines naturelles<\/strong>.<\/p>\n<p>Sans aucun doute, un canyon o\u00f9 le <strong>plaisir et la<\/strong><strong> beaut\u00e9<\/strong> ne manquent pas.<\/p>\n<h5>Tarif :<\/h5>\n<p>2 personnes : 65 \u20ac\/pers. au cas o\u00f9 il n&rsquo;y aurait plus de participants dans le groupe<\/p>\n<p>De 3 \u00e0 6 personnes : 55 \u20ac\/pers.<\/p>\n<p>Groupes de plus de 7 personnes : 50 \u20ac\/pers.<\/p>\n\t\t\t\t\t\t\t\t<\/div>\n\t\t\t\t<\/div>\n\t\t\t\t<div class=\"elementor-element elementor-element-56d1cabb elementor-widget elementor-widget-text-editor\" data-id=\"56d1cabb\" data-element_type=\"widget\" data-e-type=\"widget\" data-widget_type=\"text-editor.default\">\n\t\t\t\t<div class=\"elementor-widget-container\">\n\t\t\t\t\t\t\t\t\t<p><strong>Ratio 4 personnes\/guide<\/strong><\/p>\n<p><strong>QUE COMPREND LE PRIX ?<\/strong><\/p>\n<ul>\n<li>Guide professionnel dipl\u00f4m\u00e9 \u00ab\u00a0Technicien des Sports de Montagne et d&rsquo;Escalade\u00a0\u00bb, sp\u00e9cialis\u00e9 dans le canyoning.<\/li>\n<li>Mat\u00e9riel technique n\u00e9cessaire. Toujours certifi\u00e9 CE :\n<ul>\n<li>Deux pi\u00e8ces en n\u00e9opr\u00e8ne 5 mm pour le canyoning complet<\/li>\n<li>Chaussons : chaussettes en n\u00e9opr\u00e8ne.<\/li>\n<li>Harnais avec ligne d&rsquo;ancrage et descendeur.<\/li>\n<li>Casque.<\/li>\n<li>Sac \u00e0 dos de canyoning.<\/li>\n<li>Un jerrycan \u00e9tanche pour transporter le pique-nique.<\/li>\n<\/ul>\n<\/li>\n<li>Assurances obligatoires : responsabilit\u00e9 civile et assurance accident.<\/li>\n<li>Si n\u00e9cessaire, soutenir le v\u00e9hicule.<\/li>\n<li>Si nous prenons des photos de l&rsquo;activit\u00e9, nous vous les donnerons, mais vous devrez apporter une cl\u00e9 USB pour les emporter avec vous.<\/li>\n<li>TVA 21%.<\/li>\n<\/ul>\n\t\t\t\t\t\t\t\t<\/div>\n\t\t\t\t<\/div>\n\t\t\t\t<div class=\"elementor-element elementor-element-4e891ad1 elementor-widget elementor-widget-text-editor\" data-id=\"4e891ad1\" data-element_type=\"widget\" data-e-type=\"widget\" data-widget_type=\"text-editor.default\">\n\t\t\t\t<div class=\"elementor-widget-container\">\n\t\t\t\t\t\t\t\t\t<p><strong>QUE DOIS-JE APPORTER POUR CETTE ACTIVIT\u00c9 ?<\/strong><\/p>\n<ul>\n<li>Une paire de chaussures \u00e0 lacets ou de chaussures de randonn\u00e9e en bon \u00e9tat.<\/li>\n<li>Le maillot de bain, mieux vaut d\u00e9j\u00e0 l&rsquo;enfiler.<\/li>\n<li>V\u00eatements confortables pour la marche : short et T-shirt.<\/li>\n<li>Pique-nique.<\/li>\n<li>Boire.<\/li>\n<li>Des v\u00eatements secs et des chaussures de rechange \u00e0 laisser dans la voiture.<\/li>\n<li>Coletero pour ceux qui ont les cheveux longs.<\/li>\n<li>Beaucoup d&rsquo;enthousiasme et de motivation.<\/li>\n<\/ul>\n\t\t\t\t\t\t\t\t<\/div>\n\t\t\t\t<\/div>\n\t\t\t\t<div class=\"elementor-element elementor-element-66fec012 elementor-widget elementor-widget-text-editor\" data-id=\"66fec012\" data-element_type=\"widget\" data-e-type=\"widget\" data-widget_type=\"text-editor.default\">\n\t\t\t\t<div class=\"elementor-widget-container\">\n\t\t\t\t\t\t\t\t\t<p><strong>CONDITIONS G\u00c9N\u00c9RALES<\/strong><\/p>\n<ul>\n<li>Pour le canyoning et les activit\u00e9s aquatiques, il est n\u00e9cessaire de savoir nager.<\/li>\n<li>Vous devez \u00eatre en bonne condition physique et \u00eatre familiaris\u00e9 avec l&rsquo;activit\u00e9 que vous allez entreprendre.<\/li>\n<li>L&rsquo;\u00e2ge minimum pour participer aux activit\u00e9s d\u00e9pend de la taille et du poids de l&rsquo;enfant, car il est important que la combinaison soit de la bonne taille. Elle est g\u00e9n\u00e9ralement comprise entre 5 et 7 ans. Dans tous les cas, c&rsquo;est le guide qui, en dernier ressort, approuvera et acceptera l&rsquo;activit\u00e9, en fonction de la condition physique et mentale de l&rsquo;enfant et des caract\u00e9ristiques de l&rsquo;activit\u00e9.<\/li>\n<li>Pour les activit\u00e9s de niveau \u00ab\u00a0avanc\u00e9\u00a0\u00bb ou sup\u00e9rieur, une exp\u00e9rience pr\u00e9alable peut \u00eatre exig\u00e9e, qui peut \u00eatre d\u00e9montr\u00e9e par un entretien personnel avec notre \u00e9quipe de guides ou par une activit\u00e9 ant\u00e9rieure avec notre compagnie.<\/li>\n<li>Dans les activit\u00e9s avec des mineurs de moins de 18 ans, le parent ou le tuteur l\u00e9gal devra r\u00e9aliser l&rsquo;activit\u00e9 et accompagner le mineur.<\/li>\n<\/ul>\n\t\t\t\t\t\t\t\t<\/div>\n\t\t\t\t<\/div>\n\t\t\t\t\t<\/div>\n\t\t<\/div>\n\t\t\t\t<div class=\"elementor-column elementor-col-33 elementor-top-column elementor-element elementor-element-5fcab81c\" data-id=\"5fcab81c\" data-element_type=\"column\" data-e-type=\"column\">\n\t\t\t<div class=\"elementor-widget-wrap\">\n\t\t\t\t\t\t\t<\/div>\n\t\t<\/div>\n\t\t\t\t\t<\/div>\n\t\t<\/section>\n\t\t\t\t<\/div>\n\t\t","protected":false},"excerpt":{"rendered":"<p>Ravin inf\u00e9rieur de Peonera Barranco de la Peonera : une gorge \u00e9toil\u00e9e L&rsquo;un des canyons les plus c\u00e9l\u00e8bres et les plus r\u00e9cr\u00e9atifs de la Sierra de Guara. Le ravin de Peonera est l&rsquo;un des grands classiques de la Sierra de Guara. Situ\u00e9 dans la municipalit\u00e9 de Bierge, il s&rsquo;agit de l&rsquo;un des tron\u00e7ons de la rivi\u00e8re Alcanadre qui descend. La Peonera est une descente id\u00e9ale pour tous les types de personnes, qu&rsquo;il s&rsquo;agisse de familles avec enfants ou d&rsquo;adultes exp\u00e9riment\u00e9s \u00e0 la recherche de sensations fortes. Dans le ravin de Peonera, on peut distinguer deux parties : le goulet de Fornazos et le goulet de Puntillo, tous deux divis\u00e9s par la plage de Tamara avec sa source d&rsquo;eau fra\u00eeche \u00e9meraude. C&rsquo;est une descente qui se caract\u00e9rise par ses nombreux sauts , toujours facultatifs et pouvant atteindre jusqu&rsquo;\u00e0 10 m\u00e8tres de haut. Il y a deux chaos de blocs inond\u00e9s, avec des passages presque souterrains, o\u00f9 l&rsquo;on peut faire des siphons, des petits toboggans et des rapides, et nager dans de longues piscines naturelles. Sans aucun doute, un canyon o\u00f9 le plaisir et la beaut\u00e9 ne manquent pas. Tarif : 2 personnes : 65 \u20ac\/pers. au cas o\u00f9 il n&rsquo;y aurait plus de participants dans le groupe De 3 \u00e0 6 personnes : 55 \u20ac\/pers. Groupes de plus de 7 personnes : 50 \u20ac\/pers. Ratio 4 personnes\/guide QUE COMPREND LE PRIX ? Guide professionnel dipl\u00f4m\u00e9 \u00ab\u00a0Technicien des Sports de Montagne et d&rsquo;Escalade\u00a0\u00bb, sp\u00e9cialis\u00e9 dans le canyoning. Mat\u00e9riel technique n\u00e9cessaire. Toujours certifi\u00e9 CE : Deux pi\u00e8ces en n\u00e9opr\u00e8ne 5 mm pour le canyoning complet Chaussons : chaussettes en n\u00e9opr\u00e8ne. Harnais avec ligne d&rsquo;ancrage et descendeur. Casque. Sac \u00e0 dos de canyoning. Un jerrycan \u00e9tanche pour transporter le pique-nique. Assurances obligatoires : responsabilit\u00e9 civile et assurance accident. Si n\u00e9cessaire, soutenir le v\u00e9hicule. Si nous prenons des photos de l&rsquo;activit\u00e9, nous vous les donnerons, mais vous devrez apporter une cl\u00e9 USB pour les emporter avec vous. TVA 21%. QUE DOIS-JE APPORTER POUR CETTE ACTIVIT\u00c9 ? Une paire de chaussures \u00e0 lacets ou de chaussures de randonn\u00e9e en bon \u00e9tat. Le maillot de bain, mieux vaut d\u00e9j\u00e0 l&rsquo;enfiler. V\u00eatements confortables pour la marche : short et T-shirt. Pique-nique. Boire. Des v\u00eatements secs et des chaussures de rechange \u00e0 laisser dans la voiture. Coletero pour ceux qui ont les cheveux longs. Beaucoup d&rsquo;enthousiasme et de motivation. CONDITIONS G\u00c9N\u00c9RALES Pour le canyoning et les activit\u00e9s aquatiques, il est n\u00e9cessaire de savoir nager. Vous devez \u00eatre en bonne condition physique et \u00eatre familiaris\u00e9 avec l&rsquo;activit\u00e9 que vous allez entreprendre. L&rsquo;\u00e2ge minimum pour participer aux activit\u00e9s d\u00e9pend de la taille et du poids de l&rsquo;enfant, car il est important que la combinaison soit de la bonne taille. Elle est g\u00e9n\u00e9ralement comprise entre 5 et 7 ans. Dans tous les cas, c&rsquo;est le guide qui, en dernier ressort, approuvera et acceptera l&rsquo;activit\u00e9, en fonction de la condition physique et mentale de l&rsquo;enfant et des caract\u00e9ristiques de l&rsquo;activit\u00e9. Pour les activit\u00e9s de niveau \u00ab\u00a0avanc\u00e9\u00a0\u00bb ou sup\u00e9rieur, une exp\u00e9rience pr\u00e9alable peut \u00eatre exig\u00e9e, qui peut \u00eatre d\u00e9montr\u00e9e par un entretien personnel avec notre \u00e9quipe de guides ou par une activit\u00e9 ant\u00e9rieure avec notre compagnie. Dans les activit\u00e9s avec des mineurs de moins de 18 ans, le parent ou le tuteur l\u00e9gal devra r\u00e9aliser l&rsquo;activit\u00e9 et accompagner le mineur.<\/p>\n","protected":false},"author":1,"featured_media":0,"parent":0,"menu_order":0,"comment_status":"closed","ping_status":"closed","template":"","meta":{"_exactmetrics_skip_tracking":false,"_exactmetrics_sitenote_active":false,"_exactmetrics_sitenote_note":"","_exactmetrics_sitenote_category":0,"_monsterinsights_skip_tracking":false,"_monsterinsights_sitenote_active":false,"_monsterinsights_sitenote_note":"","_monsterinsights_sitenote_category":0,"footnotes":""},"class_list":["post-11780","page","type-page","status-publish","hentry"],"aioseo_notices":[],"_links":{"self":[{"href":"https:\/\/canyontrekguara.com\/fr\/wp-json\/wp\/v2\/pages\/11780","targetHints":{"allow":["GET"]}}],"collection":[{"href":"https:\/\/canyontrekguara.com\/fr\/wp-json\/wp\/v2\/pages"}],"about":[{"href":"https:\/\/canyontrekguara.com\/fr\/wp-json\/wp\/v2\/types\/page"}],"author":[{"embeddable":true,"href":"https:\/\/canyontrekguara.com\/fr\/wp-json\/wp\/v2\/users\/1"}],"replies":[{"embeddable":true,"href":"https:\/\/canyontrekguara.com\/fr\/wp-json\/wp\/v2\/comments?post=11780"}],"version-history":[{"count":0,"href":"https:\/\/canyontrekguara.com\/fr\/wp-json\/wp\/v2\/pages\/11780\/revisions"}],"wp:attachment":[{"href":"https:\/\/canyontrekguara.com\/fr\/wp-json\/wp\/v2\/media?parent=11780"}],"curies":[{"name":"wp","href":"https:\/\/api.w.org\/{rel}","templated":true}]}}