{"id":11760,"date":"2023-01-02T11:24:12","date_gmt":"2023-01-02T11:24:12","guid":{"rendered":"https:\/\/canyontrekguara.com\/ravin-de-la-portiacha\/"},"modified":"2026-03-09T11:21:55","modified_gmt":"2026-03-09T11:21:55","slug":"ravin-de-la-portiacha","status":"publish","type":"page","link":"https:\/\/canyontrekguara.com\/fr\/ravin-de-la-portiacha\/","title":{"rendered":"Ravin de La Portiacha"},"content":{"rendered":"\t\t<div data-elementor-type=\"wp-page\" data-elementor-id=\"11760\" class=\"elementor elementor-11760 elementor-1806\" data-elementor-post-type=\"page\">\n\t\t\t\t\t\t<section class=\"elementor-section elementor-top-section elementor-element elementor-element-c1478b6 elementor-section-boxed elementor-section-height-default elementor-section-height-default wpr-particle-no wpr-jarallax-no wpr-parallax-no wpr-sticky-section-no\" data-id=\"c1478b6\" data-element_type=\"section\" data-e-type=\"section\">\n\t\t\t\t\t\t<div class=\"elementor-container elementor-column-gap-default\">\n\t\t\t\t\t<div class=\"elementor-column elementor-col-33 elementor-top-column elementor-element elementor-element-71af7c7\" data-id=\"71af7c7\" data-element_type=\"column\" data-e-type=\"column\">\n\t\t\t<div class=\"elementor-widget-wrap\">\n\t\t\t\t\t\t\t<\/div>\n\t\t<\/div>\n\t\t\t\t<div class=\"elementor-column elementor-col-33 elementor-top-column elementor-element elementor-element-f121246\" data-id=\"f121246\" data-element_type=\"column\" data-e-type=\"column\">\n\t\t\t<div class=\"elementor-widget-wrap elementor-element-populated\">\n\t\t\t\t\t\t<div class=\"elementor-element elementor-element-87c7044 elementor-widget elementor-widget-image\" data-id=\"87c7044\" data-element_type=\"widget\" data-e-type=\"widget\" data-widget_type=\"image.default\">\n\t\t\t\t<div class=\"elementor-widget-container\">\n\t\t\t\t\t\t\t\t\t\t\t\t\t\t\t<img fetchpriority=\"high\" decoding=\"async\" width=\"1154\" height=\"865\" src=\"https:\/\/canyontrekguara.com\/wp-content\/uploads\/2023\/01\/barranco-portiacha-portada-ficha.jpg\" class=\"attachment-large size-large wp-image-10569\" alt=\"\" srcset=\"https:\/\/canyontrekguara.com\/wp-content\/uploads\/2023\/01\/barranco-portiacha-portada-ficha.jpg 1154w, https:\/\/canyontrekguara.com\/wp-content\/uploads\/2023\/01\/barranco-portiacha-portada-ficha-600x450.jpg 600w, https:\/\/canyontrekguara.com\/wp-content\/uploads\/2023\/01\/barranco-portiacha-portada-ficha-768x576.jpg 768w\" sizes=\"(max-width: 1154px) 100vw, 1154px\" \/>\t\t\t\t\t\t\t\t\t\t\t\t\t\t\t<\/div>\n\t\t\t\t<\/div>\n\t\t\t\t<div class=\"elementor-element elementor-element-629d84f elementor-widget elementor-widget-spacer\" data-id=\"629d84f\" data-element_type=\"widget\" data-e-type=\"widget\" data-widget_type=\"spacer.default\">\n\t\t\t\t<div class=\"elementor-widget-container\">\n\t\t\t\t\t\t\t<div class=\"elementor-spacer\">\n\t\t\t<div class=\"elementor-spacer-inner\"><\/div>\n\t\t<\/div>\n\t\t\t\t\t\t<\/div>\n\t\t\t\t<\/div>\n\t\t\t\t<div class=\"elementor-element elementor-element-2d6688d elementor-widget elementor-widget-heading\" data-id=\"2d6688d\" data-element_type=\"widget\" data-e-type=\"widget\" data-widget_type=\"heading.default\">\n\t\t\t\t<div class=\"elementor-widget-container\">\n\t\t\t\t\t<h3 class=\"elementor-heading-title elementor-size-default\">Portiacha Ravine : rappels de canyoning de 30 m.\n<\/h3>\t\t\t\t<\/div>\n\t\t\t\t<\/div>\n\t\t\t\t<div class=\"elementor-element elementor-element-ae5ce6c elementor-widget elementor-widget-heading\" data-id=\"ae5ce6c\" data-element_type=\"widget\" data-e-type=\"widget\" data-widget_type=\"heading.default\">\n\t\t\t\t<div class=\"elementor-widget-container\">\n\t\t\t\t\t<h5 class=\"elementor-heading-title elementor-size-default\">Basender + Portiacha : combinez ces deux magnifiques canyons en une seule journ\u00e9e.\n<\/h5>\t\t\t\t<\/div>\n\t\t\t\t<\/div>\n\t\t\t\t<div class=\"elementor-element elementor-element-b5346a6 elementor-widget elementor-widget-text-editor\" data-id=\"b5346a6\" data-element_type=\"widget\" data-e-type=\"widget\" data-widget_type=\"text-editor.default\">\n\t\t\t\t<div class=\"elementor-widget-container\">\n\t\t\t\t\t\t\t\t\t<p>L&rsquo;une des combinaisons les plus classiques \u00e0 Guara pour relier deux canyons est de commencer par le Basender et de descendre ensuite le <strong>canyon de Portiacha<\/strong>. Le Portiacha est un canyon qu&rsquo;il <strong>est pr\u00e9f\u00e9rable de combiner avec d&rsquo;autres<\/strong> car il est court en soi.<\/p><p>Il s&rsquo;agit d&rsquo;une descente en <strong>3 rappels<\/strong>, dont le plus haut fait environ <strong>30 m\u00e8tres<\/strong>. Ce qui est le plus int\u00e9ressant dans le ravin de Portiacha, c&rsquo;est l&rsquo;environnement qui entoure ces rappels. <strong>Ils sont en porte-\u00e0-faux et descendent dans de magnifiques vo\u00fbtes de calcaire<\/strong> gris et orange. Le troisi\u00e8me rappel est l&rsquo;un des plus beaux de la Sierra de Guara.<\/p><p>Seul, il n&rsquo;a que peu d&rsquo;int\u00e9r\u00eat, mais combin\u00e9, il compl\u00e8te une journ\u00e9e parfaite de canyoning. Outre le Basender, d&rsquo;autres combinaisons sont possibles, comme par exemple :<\/p><ul><li>Palomeras del Fornocal + Portiacha<\/li><li>Vero superior + Portiacha<\/li><\/ul>\t\t\t\t\t\t\t\t<\/div>\n\t\t\t\t<\/div>\n\t\t\t\t<div class=\"elementor-element elementor-element-47f8636 elementor-widget elementor-widget-text-editor\" data-id=\"47f8636\" data-element_type=\"widget\" data-e-type=\"widget\" data-widget_type=\"text-editor.default\">\n\t\t\t\t<div class=\"elementor-widget-container\">\n\t\t\t\t\t\t\t\t\t<p><strong>QUE COMPREND LE PRIX ?<\/strong><\/p><ul><li>Guide professionnel dipl\u00f4m\u00e9 \u00ab\u00a0Technicien des Sports de Montagne et d&rsquo;Escalade\u00a0\u00bb, sp\u00e9cialis\u00e9 dans le canyoning.<\/li><li>Mat\u00e9riel technique n\u00e9cessaire. Toujours certifi\u00e9 CE :<ul><li>Deux pi\u00e8ces en n\u00e9opr\u00e8ne 5 mm pour le canyoning complet<\/li><li>Chaussons : chaussettes en n\u00e9opr\u00e8ne.<\/li><li>Harnais avec ligne d&rsquo;ancrage et descendeur.<\/li><li>Casque.<\/li><li>Sac \u00e0 dos de canyoning.<\/li><li>Un jerrycan \u00e9tanche pour transporter le pique-nique.<\/li><\/ul><\/li><li>Assurances obligatoires : responsabilit\u00e9 civile et assurance accident.<\/li><li>Si n\u00e9cessaire, soutenir le v\u00e9hicule.<\/li><li>Si nous prenons des photos de l&rsquo;activit\u00e9, nous vous les donnerons, mais vous devrez apporter une cl\u00e9 USB pour les emporter avec vous.<\/li><li>TVA 21%.<\/li><\/ul>\t\t\t\t\t\t\t\t<\/div>\n\t\t\t\t<\/div>\n\t\t\t\t<div class=\"elementor-element elementor-element-410fa63 elementor-widget elementor-widget-text-editor\" data-id=\"410fa63\" data-element_type=\"widget\" data-e-type=\"widget\" data-widget_type=\"text-editor.default\">\n\t\t\t\t<div class=\"elementor-widget-container\">\n\t\t\t\t\t\t\t\t\t<p><strong>QUE DOIS-JE APPORTER POUR CETTE ACTIVIT\u00c9 ?<\/strong><\/p><ul><li>Une paire de chaussures \u00e0 lacets ou de chaussures de randonn\u00e9e en bon \u00e9tat.<\/li><li>Le maillot de bain, mieux vaut d\u00e9j\u00e0 l&rsquo;enfiler.<\/li><li>Des v\u00eatements confortables ou des v\u00eatements de randonn\u00e9e pour l&rsquo;activit\u00e9. V\u00eatements chauds en fonction du temps.<\/li><li>Pique-nique.<\/li><li>Boire.<\/li><li>Des v\u00eatements secs et des chaussures de rechange \u00e0 laisser dans la voiture.<\/li><li>Coletero pour ceux qui ont les cheveux longs.<\/li><li>Beaucoup d&rsquo;enthousiasme et de motivation.<\/li><\/ul>\t\t\t\t\t\t\t\t<\/div>\n\t\t\t\t<\/div>\n\t\t\t\t<div class=\"elementor-element elementor-element-7eb5292 elementor-widget elementor-widget-text-editor\" data-id=\"7eb5292\" data-element_type=\"widget\" data-e-type=\"widget\" data-widget_type=\"text-editor.default\">\n\t\t\t\t<div class=\"elementor-widget-container\">\n\t\t\t\t\t\t\t\t\t<p><strong>CONDITIONS G\u00c9N\u00c9RALES<\/strong><\/p><ul><li>Pour le canyoning et les activit\u00e9s aquatiques, il est n\u00e9cessaire de savoir nager.<\/li><li>Vous devez \u00eatre en bonne condition physique et \u00eatre familiaris\u00e9 avec l&rsquo;activit\u00e9 que vous allez entreprendre.<\/li><li>L&rsquo;\u00e2ge minimum pour participer aux activit\u00e9s d\u00e9pend de la taille et du poids de l&rsquo;enfant, car il est important que la combinaison soit de la bonne taille. Elle est g\u00e9n\u00e9ralement comprise entre 5 et 7 ans. Dans tous les cas, c&rsquo;est le guide qui, en dernier ressort, approuvera et acceptera l&rsquo;activit\u00e9, en fonction de la condition physique et mentale de l&rsquo;enfant et des caract\u00e9ristiques de l&rsquo;activit\u00e9.<\/li><li>Pour les activit\u00e9s de niveau \u00ab\u00a0avanc\u00e9\u00a0\u00bb ou sup\u00e9rieur, une exp\u00e9rience pr\u00e9alable peut \u00eatre exig\u00e9e, qui peut \u00eatre d\u00e9montr\u00e9e par un entretien personnel avec notre \u00e9quipe de guides ou par une activit\u00e9 ant\u00e9rieure avec notre compagnie.<\/li><li>Dans les activit\u00e9s avec des mineurs de moins de 18 ans, le parent ou le tuteur l\u00e9gal devra r\u00e9aliser l&rsquo;activit\u00e9 et accompagner le mineur.<\/li><\/ul>\t\t\t\t\t\t\t\t<\/div>\n\t\t\t\t<\/div>\n\t\t\t\t\t<\/div>\n\t\t<\/div>\n\t\t\t\t<div class=\"elementor-column elementor-col-33 elementor-top-column elementor-element elementor-element-fe03b1d\" data-id=\"fe03b1d\" data-element_type=\"column\" data-e-type=\"column\">\n\t\t\t<div class=\"elementor-widget-wrap\">\n\t\t\t\t\t\t\t<\/div>\n\t\t<\/div>\n\t\t\t\t\t<\/div>\n\t\t<\/section>\n\t\t\t\t<\/div>\n\t\t","protected":false},"excerpt":{"rendered":"<p>Portiacha Ravine : rappels de canyoning de 30 m. Basender + Portiacha : combinez ces deux magnifiques canyons en une seule journ\u00e9e. L&rsquo;une des combinaisons les plus classiques \u00e0 Guara pour relier deux canyons est de commencer par le Basender et de descendre ensuite le canyon de Portiacha. Le Portiacha est un canyon qu&rsquo;il est pr\u00e9f\u00e9rable de combiner avec d&rsquo;autres car il est court en soi. Il s&rsquo;agit d&rsquo;une descente en 3 rappels, dont le plus haut fait environ 30 m\u00e8tres. Ce qui est le plus int\u00e9ressant dans le ravin de Portiacha, c&rsquo;est l&rsquo;environnement qui entoure ces rappels. Ils sont en porte-\u00e0-faux et descendent dans de magnifiques vo\u00fbtes de calcaire gris et orange. Le troisi\u00e8me rappel est l&rsquo;un des plus beaux de la Sierra de Guara. Seul, il n&rsquo;a que peu d&rsquo;int\u00e9r\u00eat, mais combin\u00e9, il compl\u00e8te une journ\u00e9e parfaite de canyoning. Outre le Basender, d&rsquo;autres combinaisons sont possibles, comme par exemple : Palomeras del Fornocal + Portiacha Vero superior + Portiacha QUE COMPREND LE PRIX ? Guide professionnel dipl\u00f4m\u00e9 \u00ab\u00a0Technicien des Sports de Montagne et d&rsquo;Escalade\u00a0\u00bb, sp\u00e9cialis\u00e9 dans le canyoning. Mat\u00e9riel technique n\u00e9cessaire. Toujours certifi\u00e9 CE : Deux pi\u00e8ces en n\u00e9opr\u00e8ne 5 mm pour le canyoning complet Chaussons : chaussettes en n\u00e9opr\u00e8ne. Harnais avec ligne d&rsquo;ancrage et descendeur. Casque. Sac \u00e0 dos de canyoning. Un jerrycan \u00e9tanche pour transporter le pique-nique. Assurances obligatoires : responsabilit\u00e9 civile et assurance accident. Si n\u00e9cessaire, soutenir le v\u00e9hicule. Si nous prenons des photos de l&rsquo;activit\u00e9, nous vous les donnerons, mais vous devrez apporter une cl\u00e9 USB pour les emporter avec vous. TVA 21%. QUE DOIS-JE APPORTER POUR CETTE ACTIVIT\u00c9 ? Une paire de chaussures \u00e0 lacets ou de chaussures de randonn\u00e9e en bon \u00e9tat. Le maillot de bain, mieux vaut d\u00e9j\u00e0 l&rsquo;enfiler. Des v\u00eatements confortables ou des v\u00eatements de randonn\u00e9e pour l&rsquo;activit\u00e9. V\u00eatements chauds en fonction du temps. Pique-nique. Boire. Des v\u00eatements secs et des chaussures de rechange \u00e0 laisser dans la voiture. Coletero pour ceux qui ont les cheveux longs. Beaucoup d&rsquo;enthousiasme et de motivation. CONDITIONS G\u00c9N\u00c9RALES Pour le canyoning et les activit\u00e9s aquatiques, il est n\u00e9cessaire de savoir nager. Vous devez \u00eatre en bonne condition physique et \u00eatre familiaris\u00e9 avec l&rsquo;activit\u00e9 que vous allez entreprendre. L&rsquo;\u00e2ge minimum pour participer aux activit\u00e9s d\u00e9pend de la taille et du poids de l&rsquo;enfant, car il est important que la combinaison soit de la bonne taille. Elle est g\u00e9n\u00e9ralement comprise entre 5 et 7 ans. Dans tous les cas, c&rsquo;est le guide qui, en dernier ressort, approuvera et acceptera l&rsquo;activit\u00e9, en fonction de la condition physique et mentale de l&rsquo;enfant et des caract\u00e9ristiques de l&rsquo;activit\u00e9. Pour les activit\u00e9s de niveau \u00ab\u00a0avanc\u00e9\u00a0\u00bb ou sup\u00e9rieur, une exp\u00e9rience pr\u00e9alable peut \u00eatre exig\u00e9e, qui peut \u00eatre d\u00e9montr\u00e9e par un entretien personnel avec notre \u00e9quipe de guides ou par une activit\u00e9 ant\u00e9rieure avec notre compagnie. Dans les activit\u00e9s avec des mineurs de moins de 18 ans, le parent ou le tuteur l\u00e9gal devra r\u00e9aliser l&rsquo;activit\u00e9 et accompagner le mineur.<\/p>\n","protected":false},"author":1,"featured_media":0,"parent":0,"menu_order":0,"comment_status":"closed","ping_status":"closed","template":"","meta":{"_exactmetrics_skip_tracking":false,"_exactmetrics_sitenote_active":false,"_exactmetrics_sitenote_note":"","_exactmetrics_sitenote_category":0,"_monsterinsights_skip_tracking":false,"_monsterinsights_sitenote_active":false,"_monsterinsights_sitenote_note":"","_monsterinsights_sitenote_category":0,"footnotes":""},"class_list":["post-11760","page","type-page","status-publish","hentry"],"aioseo_notices":[],"_links":{"self":[{"href":"https:\/\/canyontrekguara.com\/fr\/wp-json\/wp\/v2\/pages\/11760","targetHints":{"allow":["GET"]}}],"collection":[{"href":"https:\/\/canyontrekguara.com\/fr\/wp-json\/wp\/v2\/pages"}],"about":[{"href":"https:\/\/canyontrekguara.com\/fr\/wp-json\/wp\/v2\/types\/page"}],"author":[{"embeddable":true,"href":"https:\/\/canyontrekguara.com\/fr\/wp-json\/wp\/v2\/users\/1"}],"replies":[{"embeddable":true,"href":"https:\/\/canyontrekguara.com\/fr\/wp-json\/wp\/v2\/comments?post=11760"}],"version-history":[{"count":2,"href":"https:\/\/canyontrekguara.com\/fr\/wp-json\/wp\/v2\/pages\/11760\/revisions"}],"predecessor-version":[{"id":14673,"href":"https:\/\/canyontrekguara.com\/fr\/wp-json\/wp\/v2\/pages\/11760\/revisions\/14673"}],"wp:attachment":[{"href":"https:\/\/canyontrekguara.com\/fr\/wp-json\/wp\/v2\/media?parent=11760"}],"curies":[{"name":"wp","href":"https:\/\/api.w.org\/{rel}","templated":true}]}}