{"id":11748,"date":"2023-01-12T11:32:15","date_gmt":"2023-01-12T11:32:15","guid":{"rendered":"https:\/\/canyontrekguara.com\/gorges-de-basender\/"},"modified":"2024-01-31T15:34:47","modified_gmt":"2024-01-31T15:34:47","slug":"gorges-de-basender","status":"publish","type":"page","link":"https:\/\/canyontrekguara.com\/fr\/gorges-de-basender\/","title":{"rendered":"Gorges de Basender"},"content":{"rendered":"\t\t<div data-elementor-type=\"wp-page\" data-elementor-id=\"11748\" class=\"elementor elementor-11748 elementor-2684\" data-elementor-post-type=\"page\">\n\t\t\t\t\t\t<section class=\"elementor-section elementor-top-section elementor-element elementor-element-470e3105 elementor-section-boxed elementor-section-height-default elementor-section-height-default wpr-particle-no wpr-jarallax-no wpr-parallax-no wpr-sticky-section-no\" data-id=\"470e3105\" data-element_type=\"section\" data-e-type=\"section\">\n\t\t\t\t\t\t<div class=\"elementor-container elementor-column-gap-default\">\n\t\t\t\t\t<div class=\"elementor-column elementor-col-33 elementor-top-column elementor-element elementor-element-7be00575\" data-id=\"7be00575\" data-element_type=\"column\" data-e-type=\"column\">\n\t\t\t<div class=\"elementor-widget-wrap\">\n\t\t\t\t\t\t\t<\/div>\n\t\t<\/div>\n\t\t\t\t<div class=\"elementor-column elementor-col-33 elementor-top-column elementor-element elementor-element-1b035486\" data-id=\"1b035486\" data-element_type=\"column\" data-e-type=\"column\">\n\t\t\t<div class=\"elementor-widget-wrap elementor-element-populated\">\n\t\t\t\t\t\t<div class=\"elementor-element elementor-element-9a81dab elementor-widget elementor-widget-heading\" data-id=\"9a81dab\" data-element_type=\"widget\" data-e-type=\"widget\" data-widget_type=\"heading.default\">\n\t\t\t\t<div class=\"elementor-widget-container\">\n\t\t\t\t\t<h2 class=\"elementor-heading-title elementor-size-default\">Gorges de Basender\n<\/h2>\t\t\t\t<\/div>\n\t\t\t\t<\/div>\n\t\t\t\t<div class=\"elementor-element elementor-element-2ce6029c elementor-widget elementor-widget-image\" data-id=\"2ce6029c\" data-element_type=\"widget\" data-e-type=\"widget\" data-widget_type=\"image.default\">\n\t\t\t\t<div class=\"elementor-widget-container\">\n\t\t\t\t\t\t\t\t\t\t\t\t\t\t\t<img fetchpriority=\"high\" decoding=\"async\" width=\"1154\" height=\"865\" src=\"https:\/\/canyontrekguara.com\/wp-content\/uploads\/2023\/01\/clonar-barranco-del-basender.jpg\" class=\"attachment-large size-large wp-image-10635\" alt=\"\" srcset=\"https:\/\/canyontrekguara.com\/wp-content\/uploads\/2023\/01\/clonar-barranco-del-basender.jpg 1154w, https:\/\/canyontrekguara.com\/wp-content\/uploads\/2023\/01\/clonar-barranco-del-basender-600x450.jpg 600w, https:\/\/canyontrekguara.com\/wp-content\/uploads\/2023\/01\/clonar-barranco-del-basender-768x576.jpg 768w\" sizes=\"(max-width: 1154px) 100vw, 1154px\" \/>\t\t\t\t\t\t\t\t\t\t\t\t\t\t\t<\/div>\n\t\t\t\t<\/div>\n\t\t\t\t<div class=\"elementor-element elementor-element-65cd1123 elementor-widget elementor-widget-spacer\" data-id=\"65cd1123\" data-element_type=\"widget\" data-e-type=\"widget\" data-widget_type=\"spacer.default\">\n\t\t\t\t<div class=\"elementor-widget-container\">\n\t\t\t\t\t\t\t<div class=\"elementor-spacer\">\n\t\t\t<div class=\"elementor-spacer-inner\"><\/div>\n\t\t<\/div>\n\t\t\t\t\t\t<\/div>\n\t\t\t\t<\/div>\n\t\t\t\t<div class=\"elementor-element elementor-element-41b00b6f elementor-widget elementor-widget-heading\" data-id=\"41b00b6f\" data-element_type=\"widget\" data-e-type=\"widget\" data-widget_type=\"heading.default\">\n\t\t\t\t<div class=\"elementor-widget-container\">\n\t\t\t\t\t<h3 class=\"elementor-heading-title elementor-size-default\">Barranco del Basender : canyoning sec\n<\/h3>\t\t\t\t<\/div>\n\t\t\t\t<\/div>\n\t\t\t\t<div class=\"elementor-element elementor-element-54489c03 elementor-widget elementor-widget-heading\" data-id=\"54489c03\" data-element_type=\"widget\" data-e-type=\"widget\" data-widget_type=\"heading.default\">\n\t\t\t\t<div class=\"elementor-widget-container\">\n\t\t\t\t\t<h5 class=\"elementor-heading-title elementor-size-default\">Canyon parfait pour la descente en rappel et la randonn\u00e9e \u00e0 tout moment de l'ann\u00e9e.\n<\/h5>\t\t\t\t<\/div>\n\t\t\t\t<\/div>\n\t\t\t\t<div class=\"elementor-element elementor-element-2d231781 elementor-widget elementor-widget-text-editor\" data-id=\"2d231781\" data-element_type=\"widget\" data-e-type=\"widget\" data-widget_type=\"text-editor.default\">\n\t\t\t\t<div class=\"elementor-widget-container\">\n\t\t\t\t\t\t\t\t\t<p>A tout moment de l&rsquo;ann\u00e9e, quel que soit le temps, on peut faire la descente du <strong>ravin de Basender<\/strong>. Un exemple clair que m\u00eame si un canyon est sec, il peut \u00eatre une <strong>activit\u00e9 tr\u00e8s int\u00e9ressante<\/strong>. Outre sa <strong>valeur g\u00e9ologique<\/strong>, car m\u00eame si l&rsquo;eau ne coule plus, son travail a \u00e9t\u00e9 important, il y a aussi sa <strong>valeur sportive<\/strong> en tant qu&rsquo;\u00e9cole de descente en rappel.<\/p>\n<p>Apr\u00e8s \u00e0 peine une demi-heure de marche, nous atteignons la fissure calcaire qui forme le ravin de Basender et trouvons les premiers rappels. Le plus grand mesure 14 m\u00e8tres. De plus, le fait que le canyon soit sec facilite grandement l&rsquo;apprentissage de la technique de descente sur corde.  <strong>C&rsquo;est une excellente \u00e9cole de descente en rappel.<\/strong><\/p>\n<p>Cette descente est \u00e9galement tr\u00e8s appr\u00e9ci\u00e9e pour l&rsquo;entra\u00eenement technique en canyoning car elle est s\u00e8che et \u00e9vite les moments de froid lors des longues journ\u00e9es d&rsquo;entra\u00eenement.<\/p>\n<p>Particuli\u00e8rement recommand\u00e9 pour les groupes, les personnes qui veulent apprendre \u00e0 descendre en rappel, les cours ou les activit\u00e9s les jours o\u00f9 le temps est moins stable ou hors saison.<\/p>\n<p>Si l&rsquo;on veut aussi de l&rsquo;eau, on peut combiner sa descente avec la partie sup\u00e9rieure du Vero, ce qui en fait une activit\u00e9 tr\u00e8s compl\u00e8te et moins fr\u00e9quent\u00e9e que les classiques.<\/p>\n<h5>Tarif :<\/h5>\n<p>2 personnes : 60 \u20ac\/pers.<\/p>\n<p>De 3 \u00e0 6 personnes : 52 \u20ac\/pers.<\/p>\n<p>Groupes de plus de 7 personnes : 50 \u20ac\/pers.<\/p>\n\t\t\t\t\t\t\t\t<\/div>\n\t\t\t\t<\/div>\n\t\t\t\t<div class=\"elementor-element elementor-element-2f332add elementor-widget elementor-widget-text-editor\" data-id=\"2f332add\" data-element_type=\"widget\" data-e-type=\"widget\" data-widget_type=\"text-editor.default\">\n\t\t\t\t<div class=\"elementor-widget-container\">\n\t\t\t\t\t\t\t\t\t<p><strong>Ratio 4 personnes\/guide<\/strong><\/p>\n<p><strong>QUE COMPREND LE PRIX ?<\/strong><\/p>\n<ul>\n<li>Guide professionnel dipl\u00f4m\u00e9 \u00ab\u00a0Technicien des Sports de Montagne et d&rsquo;Escalade\u00a0\u00bb, sp\u00e9cialis\u00e9 dans le canyoning.<\/li>\n<li>Mat\u00e9riel technique n\u00e9cessaire. Toujours certifi\u00e9 CE :\n<ul>\n<li>Deux pi\u00e8ces en n\u00e9opr\u00e8ne 5 mm pour le canyoning complet<\/li>\n<li>Chaussons : chaussettes en n\u00e9opr\u00e8ne.<\/li>\n<li>Harnais avec ligne d&rsquo;ancrage et descendeur.<\/li>\n<li>Casque.<\/li>\n<li>Sac \u00e0 dos de canyoning.<\/li>\n<li>Un jerrycan \u00e9tanche pour transporter le pique-nique.<\/li>\n<\/ul>\n<\/li>\n<li>Assurances obligatoires : responsabilit\u00e9 civile et assurance accident.<\/li>\n<li>Si n\u00e9cessaire, soutenir le v\u00e9hicule.<\/li>\n<li>Si nous prenons des photos de l&rsquo;activit\u00e9, nous vous les donnerons, mais vous devrez apporter une cl\u00e9 USB pour les emporter avec vous.<\/li>\n<li>TVA 21%.<\/li>\n<\/ul>\n\t\t\t\t\t\t\t\t<\/div>\n\t\t\t\t<\/div>\n\t\t\t\t<div class=\"elementor-element elementor-element-73923736 elementor-widget elementor-widget-text-editor\" data-id=\"73923736\" data-element_type=\"widget\" data-e-type=\"widget\" data-widget_type=\"text-editor.default\">\n\t\t\t\t<div class=\"elementor-widget-container\">\n\t\t\t\t\t\t\t\t\t<p><strong>QUE DOIS-JE APPORTER POUR CETTE ACTIVIT\u00c9 ?<\/strong><\/p>\n<ul>\n<li>Une paire de chaussures \u00e0 lacets ou de chaussures de randonn\u00e9e en bon \u00e9tat.<\/li>\n<li>Le maillot de bain, mieux vaut d\u00e9j\u00e0 l&rsquo;enfiler.<\/li>\n<li>V\u00eatements confortables pour la marche : short et T-shirt.<\/li>\n<li>Pique-nique.<\/li>\n<li>Boire.<\/li>\n<li>Des v\u00eatements secs et des chaussures de rechange \u00e0 laisser dans la voiture.<\/li>\n<li>Coletero pour ceux qui ont les cheveux longs.<\/li>\n<li>Beaucoup d&rsquo;enthousiasme et de motivation.<\/li>\n<\/ul>\n\t\t\t\t\t\t\t\t<\/div>\n\t\t\t\t<\/div>\n\t\t\t\t<div class=\"elementor-element elementor-element-3b6e8a80 elementor-widget elementor-widget-text-editor\" data-id=\"3b6e8a80\" data-element_type=\"widget\" data-e-type=\"widget\" data-widget_type=\"text-editor.default\">\n\t\t\t\t<div class=\"elementor-widget-container\">\n\t\t\t\t\t\t\t\t\t<p><strong>CONDITIONS G\u00c9N\u00c9RALES<\/strong><\/p>\n<ul>\n<li>Pour le canyoning et les activit\u00e9s aquatiques, il est n\u00e9cessaire de savoir nager.<\/li>\n<li>Vous devez \u00eatre en bonne condition physique et \u00eatre familiaris\u00e9 avec l&rsquo;activit\u00e9 que vous allez entreprendre.<\/li>\n<li>L&rsquo;\u00e2ge minimum pour participer aux activit\u00e9s d\u00e9pend de la taille et du poids de l&rsquo;enfant, car il est important que la combinaison soit de la bonne taille. Elle est g\u00e9n\u00e9ralement comprise entre 5 et 7 ans. Dans tous les cas, c&rsquo;est le guide qui, en dernier ressort, approuvera et acceptera l&rsquo;activit\u00e9, en fonction de la condition physique et mentale de l&rsquo;enfant et des caract\u00e9ristiques de l&rsquo;activit\u00e9.<\/li>\n<li>Pour les activit\u00e9s de niveau \u00ab\u00a0avanc\u00e9\u00a0\u00bb ou sup\u00e9rieur, une exp\u00e9rience pr\u00e9alable peut \u00eatre exig\u00e9e, qui peut \u00eatre d\u00e9montr\u00e9e par un entretien personnel avec notre \u00e9quipe de guides ou par une activit\u00e9 ant\u00e9rieure avec notre compagnie.<\/li>\n<li>Dans les activit\u00e9s avec des mineurs de moins de 18 ans, le parent ou le tuteur l\u00e9gal devra r\u00e9aliser l&rsquo;activit\u00e9 et accompagner le mineur.<\/li>\n<\/ul>\n\t\t\t\t\t\t\t\t<\/div>\n\t\t\t\t<\/div>\n\t\t\t\t\t<\/div>\n\t\t<\/div>\n\t\t\t\t<div class=\"elementor-column elementor-col-33 elementor-top-column elementor-element elementor-element-1f8b8e97\" data-id=\"1f8b8e97\" data-element_type=\"column\" data-e-type=\"column\">\n\t\t\t<div class=\"elementor-widget-wrap\">\n\t\t\t\t\t\t\t<\/div>\n\t\t<\/div>\n\t\t\t\t\t<\/div>\n\t\t<\/section>\n\t\t\t\t<\/div>\n\t\t","protected":false},"excerpt":{"rendered":"<p>Gorges de Basender Barranco del Basender : canyoning sec Canyon parfait pour la descente en rappel et la randonn\u00e9e \u00e0 tout moment de l&rsquo;ann\u00e9e. A tout moment de l&rsquo;ann\u00e9e, quel que soit le temps, on peut faire la descente du ravin de Basender. Un exemple clair que m\u00eame si un canyon est sec, il peut \u00eatre une activit\u00e9 tr\u00e8s int\u00e9ressante. Outre sa valeur g\u00e9ologique, car m\u00eame si l&rsquo;eau ne coule plus, son travail a \u00e9t\u00e9 important, il y a aussi sa valeur sportive en tant qu&rsquo;\u00e9cole de descente en rappel. Apr\u00e8s \u00e0 peine une demi-heure de marche, nous atteignons la fissure calcaire qui forme le ravin de Basender et trouvons les premiers rappels. Le plus grand mesure 14 m\u00e8tres. De plus, le fait que le canyon soit sec facilite grandement l&rsquo;apprentissage de la technique de descente sur corde. C&rsquo;est une excellente \u00e9cole de descente en rappel. Cette descente est \u00e9galement tr\u00e8s appr\u00e9ci\u00e9e pour l&rsquo;entra\u00eenement technique en canyoning car elle est s\u00e8che et \u00e9vite les moments de froid lors des longues journ\u00e9es d&rsquo;entra\u00eenement. Particuli\u00e8rement recommand\u00e9 pour les groupes, les personnes qui veulent apprendre \u00e0 descendre en rappel, les cours ou les activit\u00e9s les jours o\u00f9 le temps est moins stable ou hors saison. Si l&rsquo;on veut aussi de l&rsquo;eau, on peut combiner sa descente avec la partie sup\u00e9rieure du Vero, ce qui en fait une activit\u00e9 tr\u00e8s compl\u00e8te et moins fr\u00e9quent\u00e9e que les classiques. Tarif : 2 personnes : 60 \u20ac\/pers. De 3 \u00e0 6 personnes : 52 \u20ac\/pers. Groupes de plus de 7 personnes : 50 \u20ac\/pers. Ratio 4 personnes\/guide QUE COMPREND LE PRIX ? Guide professionnel dipl\u00f4m\u00e9 \u00ab\u00a0Technicien des Sports de Montagne et d&rsquo;Escalade\u00a0\u00bb, sp\u00e9cialis\u00e9 dans le canyoning. Mat\u00e9riel technique n\u00e9cessaire. Toujours certifi\u00e9 CE : Deux pi\u00e8ces en n\u00e9opr\u00e8ne 5 mm pour le canyoning complet Chaussons : chaussettes en n\u00e9opr\u00e8ne. Harnais avec ligne d&rsquo;ancrage et descendeur. Casque. Sac \u00e0 dos de canyoning. Un jerrycan \u00e9tanche pour transporter le pique-nique. Assurances obligatoires : responsabilit\u00e9 civile et assurance accident. Si n\u00e9cessaire, soutenir le v\u00e9hicule. Si nous prenons des photos de l&rsquo;activit\u00e9, nous vous les donnerons, mais vous devrez apporter une cl\u00e9 USB pour les emporter avec vous. TVA 21%. QUE DOIS-JE APPORTER POUR CETTE ACTIVIT\u00c9 ? Une paire de chaussures \u00e0 lacets ou de chaussures de randonn\u00e9e en bon \u00e9tat. Le maillot de bain, mieux vaut d\u00e9j\u00e0 l&rsquo;enfiler. V\u00eatements confortables pour la marche : short et T-shirt. Pique-nique. Boire. Des v\u00eatements secs et des chaussures de rechange \u00e0 laisser dans la voiture. Coletero pour ceux qui ont les cheveux longs. Beaucoup d&rsquo;enthousiasme et de motivation. CONDITIONS G\u00c9N\u00c9RALES Pour le canyoning et les activit\u00e9s aquatiques, il est n\u00e9cessaire de savoir nager. Vous devez \u00eatre en bonne condition physique et \u00eatre familiaris\u00e9 avec l&rsquo;activit\u00e9 que vous allez entreprendre. L&rsquo;\u00e2ge minimum pour participer aux activit\u00e9s d\u00e9pend de la taille et du poids de l&rsquo;enfant, car il est important que la combinaison soit de la bonne taille. Elle est g\u00e9n\u00e9ralement comprise entre 5 et 7 ans. Dans tous les cas, c&rsquo;est le guide qui, en dernier ressort, approuvera et acceptera l&rsquo;activit\u00e9, en fonction de la condition physique et mentale de l&rsquo;enfant et des caract\u00e9ristiques de l&rsquo;activit\u00e9. Pour les activit\u00e9s de niveau \u00ab\u00a0avanc\u00e9\u00a0\u00bb ou sup\u00e9rieur, une exp\u00e9rience pr\u00e9alable peut \u00eatre exig\u00e9e, qui peut \u00eatre d\u00e9montr\u00e9e par un entretien personnel avec notre \u00e9quipe de guides ou par une activit\u00e9 ant\u00e9rieure avec notre compagnie. Dans les activit\u00e9s avec des mineurs de moins de 18 ans, le parent ou le tuteur l\u00e9gal devra r\u00e9aliser l&rsquo;activit\u00e9 et accompagner le mineur.<\/p>\n","protected":false},"author":1,"featured_media":0,"parent":0,"menu_order":0,"comment_status":"closed","ping_status":"closed","template":"","meta":{"_exactmetrics_skip_tracking":false,"_exactmetrics_sitenote_active":false,"_exactmetrics_sitenote_note":"","_exactmetrics_sitenote_category":0,"_monsterinsights_skip_tracking":false,"_monsterinsights_sitenote_active":false,"_monsterinsights_sitenote_note":"","_monsterinsights_sitenote_category":0,"footnotes":""},"class_list":["post-11748","page","type-page","status-publish","hentry"],"aioseo_notices":[],"_links":{"self":[{"href":"https:\/\/canyontrekguara.com\/fr\/wp-json\/wp\/v2\/pages\/11748","targetHints":{"allow":["GET"]}}],"collection":[{"href":"https:\/\/canyontrekguara.com\/fr\/wp-json\/wp\/v2\/pages"}],"about":[{"href":"https:\/\/canyontrekguara.com\/fr\/wp-json\/wp\/v2\/types\/page"}],"author":[{"embeddable":true,"href":"https:\/\/canyontrekguara.com\/fr\/wp-json\/wp\/v2\/users\/1"}],"replies":[{"embeddable":true,"href":"https:\/\/canyontrekguara.com\/fr\/wp-json\/wp\/v2\/comments?post=11748"}],"version-history":[{"count":0,"href":"https:\/\/canyontrekguara.com\/fr\/wp-json\/wp\/v2\/pages\/11748\/revisions"}],"wp:attachment":[{"href":"https:\/\/canyontrekguara.com\/fr\/wp-json\/wp\/v2\/media?parent=11748"}],"curies":[{"name":"wp","href":"https:\/\/api.w.org\/{rel}","templated":true}]}}