{"id":11747,"date":"2023-01-02T11:23:46","date_gmt":"2023-01-02T11:23:46","guid":{"rendered":"https:\/\/canyontrekguara.com\/canyon-de-la-riviere-vero\/"},"modified":"2024-01-31T15:34:46","modified_gmt":"2024-01-31T15:34:46","slug":"canyon-de-la-riviere-vero","status":"publish","type":"page","link":"https:\/\/canyontrekguara.com\/fr\/canyon-de-la-riviere-vero\/","title":{"rendered":"Canyon de la rivi\u00e8re Vero"},"content":{"rendered":"\t\t<div data-elementor-type=\"wp-page\" data-elementor-id=\"11747\" class=\"elementor elementor-11747\" data-elementor-post-type=\"page\">\n\t\t\t\t\t\t<section class=\"elementor-section elementor-top-section elementor-element elementor-element-ee66eff elementor-section-boxed elementor-section-height-default elementor-section-height-default wpr-particle-no wpr-jarallax-no wpr-parallax-no wpr-sticky-section-no\" data-id=\"ee66eff\" data-element_type=\"section\" data-e-type=\"section\">\n\t\t\t\t\t\t<div class=\"elementor-container elementor-column-gap-default\">\n\t\t\t\t\t<div class=\"elementor-column elementor-col-33 elementor-top-column elementor-element elementor-element-42aae10\" data-id=\"42aae10\" data-element_type=\"column\" data-e-type=\"column\">\n\t\t\t<div class=\"elementor-widget-wrap\">\n\t\t\t\t\t\t\t<\/div>\n\t\t<\/div>\n\t\t\t\t<div class=\"elementor-column elementor-col-33 elementor-top-column elementor-element elementor-element-723750d\" data-id=\"723750d\" data-element_type=\"column\" data-e-type=\"column\">\n\t\t\t<div class=\"elementor-widget-wrap elementor-element-populated\">\n\t\t\t\t\t\t<div class=\"elementor-element elementor-element-287c6b8 elementor-widget elementor-widget-image\" data-id=\"287c6b8\" data-element_type=\"widget\" data-e-type=\"widget\" data-widget_type=\"image.default\">\n\t\t\t\t<div class=\"elementor-widget-container\">\n\t\t\t\t\t\t\t\t\t\t\t\t\t\t\t<img fetchpriority=\"high\" decoding=\"async\" width=\"1154\" height=\"865\" src=\"https:\/\/canyontrekguara.com\/wp-content\/uploads\/2023\/01\/canon-rio-vero-alquezar-guara-canyontrekguara.jpg\" class=\"attachment-large size-large wp-image-10567\" alt=\"\" srcset=\"https:\/\/canyontrekguara.com\/wp-content\/uploads\/2023\/01\/canon-rio-vero-alquezar-guara-canyontrekguara.jpg 1154w, https:\/\/canyontrekguara.com\/wp-content\/uploads\/2023\/01\/canon-rio-vero-alquezar-guara-canyontrekguara-600x450.jpg 600w, https:\/\/canyontrekguara.com\/wp-content\/uploads\/2023\/01\/canon-rio-vero-alquezar-guara-canyontrekguara-768x576.jpg 768w\" sizes=\"(max-width: 1154px) 100vw, 1154px\" \/>\t\t\t\t\t\t\t\t\t\t\t\t\t\t\t<\/div>\n\t\t\t\t<\/div>\n\t\t\t\t<div class=\"elementor-element elementor-element-cdc46c1 elementor-widget elementor-widget-spacer\" data-id=\"cdc46c1\" data-element_type=\"widget\" data-e-type=\"widget\" data-widget_type=\"spacer.default\">\n\t\t\t\t<div class=\"elementor-widget-container\">\n\t\t\t\t\t\t\t<div class=\"elementor-spacer\">\n\t\t\t<div class=\"elementor-spacer-inner\"><\/div>\n\t\t<\/div>\n\t\t\t\t\t\t<\/div>\n\t\t\t\t<\/div>\n\t\t\t\t<div class=\"elementor-element elementor-element-b6e820a elementor-widget elementor-widget-heading\" data-id=\"b6e820a\" data-element_type=\"widget\" data-e-type=\"widget\" data-widget_type=\"heading.default\">\n\t\t\t\t<div class=\"elementor-widget-container\">\n\t\t\t\t\t<h3 class=\"elementor-heading-title elementor-size-default\">La rivi\u00e8re Vero \u00e0 Alqu\u00e9zar : culture et tradition.\n<\/h3>\t\t\t\t<\/div>\n\t\t\t\t<\/div>\n\t\t\t\t<div class=\"elementor-element elementor-element-574ac5f elementor-widget elementor-widget-heading\" data-id=\"574ac5f\" data-element_type=\"widget\" data-e-type=\"widget\" data-widget_type=\"heading.default\">\n\t\t\t\t<div class=\"elementor-widget-container\">\n\t\t\t\t\t<h5 class=\"elementor-heading-title elementor-size-default\">Un voyage \u00e0 travers les origines du canyoning pour le plaisir des sens.\n<\/h5>\t\t\t\t<\/div>\n\t\t\t\t<\/div>\n\t\t\t\t<div class=\"elementor-element elementor-element-13e6d5a elementor-widget elementor-widget-text-editor\" data-id=\"13e6d5a\" data-element_type=\"widget\" data-e-type=\"widget\" data-widget_type=\"text-editor.default\">\n\t\t\t\t<div class=\"elementor-widget-container\">\n\t\t\t\t\t\t\t\t\t<p>La descente de la <strong>rivi\u00e8re Vero<\/strong> \u00e0 Alqu\u00e9zar est un <strong>d\u00e9fi pour les sens et pour les jambes<\/strong>. Pendant 6 km de descente, nous appr\u00e9cierons la merveilleuse nature cach\u00e9e dans ce canyon entre les villages de Lecina et d&rsquo;Alqu\u00e9zar. En entrant dans les Oscuros del R\u00edo Vero, on d\u00e9couvre l&rsquo;un des endroits les plus magiques de la Sierra de Guara.<\/p>\n<p>Il y a de <strong>nombreux petits sauts<\/strong> le long de cet itin\u00e9raire. Beaucoup de surplombs, de couloirs et de courants. <strong>Passages plongeants et chaos de dimensions \u00e9normes<\/strong>. Il s&rsquo;agit d&rsquo;une descente qui, bien qu&rsquo;elle ne soit pas techniquement difficile car elle ne comporte pas de marches difficiles, est physiquement exigeante car elle n\u00e9cessite de marcher le long de la rivi\u00e8re pendant 5 \u00e0 6 heures.<\/p>\n<p>On peut distinguer quatre parties dans l&rsquo;ensemble de l&rsquo;itin\u00e9raire : le d\u00e9but par les Oscuros del Vero, le chaos de Visera sous l&rsquo;escarpement de Bov\u00edn, et les deux chaos de la rivi\u00e8re Vero inf\u00e9rieure. Ainsi, apr\u00e8s une premi\u00e8re partie plus esth\u00e9tique, on trouve une deuxi\u00e8me partie plus sportive.<\/p>\n<p>Le paysage et l&rsquo;histoire sont les points forts de cette descente que tout amateur de la Sierra de Guara se doit de conna\u00eetre.<\/p>\n<h5>Tarif :<\/h5>\n<p>2 personnes : 70 \u20ac\/pers.<\/p>\n<p>De 3 \u00e0 6 personnes : 65 \u20ac\/pers.<\/p>\n<p>Groupes de plus de 7 personnes : 60 \u20ac\/pers.<\/p>\n\t\t\t\t\t\t\t\t<\/div>\n\t\t\t\t<\/div>\n\t\t\t\t<div class=\"elementor-element elementor-element-f6c9284 elementor-widget elementor-widget-text-editor\" data-id=\"f6c9284\" data-element_type=\"widget\" data-e-type=\"widget\" data-widget_type=\"text-editor.default\">\n\t\t\t\t<div class=\"elementor-widget-container\">\n\t\t\t\t\t\t\t\t\t<p><strong>QUE COMPREND LE PRIX ?<\/strong><\/p>\n<ul>\n<li>Guide professionnel dipl\u00f4m\u00e9 \u00ab\u00a0Technicien des Sports de Montagne et d&rsquo;Escalade\u00a0\u00bb, sp\u00e9cialis\u00e9 dans le canyoning.<\/li>\n<li>Mat\u00e9riel technique n\u00e9cessaire. Toujours certifi\u00e9 CE :\n<ul>\n<li>Deux pi\u00e8ces en n\u00e9opr\u00e8ne 5 mm pour le canyoning complet<\/li>\n<li>Chaussons : chaussettes en n\u00e9opr\u00e8ne.<\/li>\n<li>Harnais avec ligne d&rsquo;ancrage et descendeur.<\/li>\n<li>Casque.<\/li>\n<li>Sac \u00e0 dos de canyoning.<\/li>\n<li>Un jerrycan \u00e9tanche pour transporter le pique-nique.<\/li>\n<\/ul>\n<\/li>\n<li>Assurances obligatoires : responsabilit\u00e9 civile et assurance accident.<\/li>\n<li>Si n\u00e9cessaire, soutenir le v\u00e9hicule.<\/li>\n<li>Si nous prenons des photos de l&rsquo;activit\u00e9, nous vous les donnerons, mais vous devrez apporter une cl\u00e9 USB pour les emporter avec vous.<\/li>\n<li>TVA 21%.<\/li>\n<\/ul>\n\t\t\t\t\t\t\t\t<\/div>\n\t\t\t\t<\/div>\n\t\t\t\t<div class=\"elementor-element elementor-element-22743ee elementor-widget elementor-widget-text-editor\" data-id=\"22743ee\" data-element_type=\"widget\" data-e-type=\"widget\" data-widget_type=\"text-editor.default\">\n\t\t\t\t<div class=\"elementor-widget-container\">\n\t\t\t\t\t\t\t\t\t<p><strong>QUE DOIS-JE APPORTER POUR CETTE ACTIVIT\u00c9 ?<\/strong><\/p>\n<ul>\n<li>Une paire de chaussures \u00e0 lacets ou de chaussures de randonn\u00e9e en bon \u00e9tat.<\/li>\n<li>Le maillot de bain, mieux vaut d\u00e9j\u00e0 l&rsquo;enfiler.<\/li>\n<li>V\u00eatements de sport pour la marche : short et T-shirt.<\/li>\n<li>Pique-nique.<\/li>\n<li>Boire.<\/li>\n<li>Des v\u00eatements secs et des chaussures de rechange \u00e0 laisser dans la voiture.<\/li>\n<li>Coletero pour ceux qui ont les cheveux longs.<\/li>\n<li>Beaucoup d&rsquo;enthousiasme et de motivation.<\/li>\n<\/ul>\n\t\t\t\t\t\t\t\t<\/div>\n\t\t\t\t<\/div>\n\t\t\t\t<div class=\"elementor-element elementor-element-2952638 elementor-widget elementor-widget-text-editor\" data-id=\"2952638\" data-element_type=\"widget\" data-e-type=\"widget\" data-widget_type=\"text-editor.default\">\n\t\t\t\t<div class=\"elementor-widget-container\">\n\t\t\t\t\t\t\t\t\t<p><strong>CONDITIONS G\u00c9N\u00c9RALES<\/strong><\/p>\n<ul>\n<li>Pour le canyoning et les activit\u00e9s nautiques, il est n\u00e9cessaire de savoir nager.<\/li>\n<li>Vous devez \u00eatre en bonne condition physique et \u00eatre familiaris\u00e9 avec l&rsquo;activit\u00e9 que vous allez entreprendre.<\/li>\n<li>L&rsquo;\u00e2ge minimum pour participer aux activit\u00e9s d\u00e9pend de la taille et du poids de l&rsquo;enfant, car il est important que la combinaison soit de la bonne taille. Elle est g\u00e9n\u00e9ralement comprise entre 5 et 7 ans. Dans tous les cas, c&rsquo;est le guide qui, en dernier ressort, approuvera et acceptera l&rsquo;activit\u00e9, en fonction de la condition physique et mentale de l&rsquo;enfant et des caract\u00e9ristiques de l&rsquo;activit\u00e9.<\/li>\n<li>Pour les activit\u00e9s de niveau \u00ab\u00a0avanc\u00e9\u00a0\u00bb ou sup\u00e9rieur, une exp\u00e9rience pr\u00e9alable peut \u00eatre exig\u00e9e, qui peut \u00eatre d\u00e9montr\u00e9e par un entretien personnel avec notre \u00e9quipe de guides ou par une activit\u00e9 ant\u00e9rieure avec notre compagnie.<\/li>\n<li>Dans les activit\u00e9s avec des mineurs de moins de 18 ans, le parent ou le tuteur l\u00e9gal devra r\u00e9aliser l&rsquo;activit\u00e9 et accompagner le mineur.<\/li>\n<\/ul>\n\t\t\t\t\t\t\t\t<\/div>\n\t\t\t\t<\/div>\n\t\t\t\t\t<\/div>\n\t\t<\/div>\n\t\t\t\t<div class=\"elementor-column elementor-col-33 elementor-top-column elementor-element elementor-element-9a82358\" data-id=\"9a82358\" data-element_type=\"column\" data-e-type=\"column\">\n\t\t\t<div class=\"elementor-widget-wrap\">\n\t\t\t\t\t\t\t<\/div>\n\t\t<\/div>\n\t\t\t\t\t<\/div>\n\t\t<\/section>\n\t\t\t\t<\/div>\n\t\t","protected":false},"excerpt":{"rendered":"<p>La rivi\u00e8re Vero \u00e0 Alqu\u00e9zar : culture et tradition. Un voyage \u00e0 travers les origines du canyoning pour le plaisir des sens. La descente de la rivi\u00e8re Vero \u00e0 Alqu\u00e9zar est un d\u00e9fi pour les sens et pour les jambes. Pendant 6 km de descente, nous appr\u00e9cierons la merveilleuse nature cach\u00e9e dans ce canyon entre les villages de Lecina et d&rsquo;Alqu\u00e9zar. En entrant dans les Oscuros del R\u00edo Vero, on d\u00e9couvre l&rsquo;un des endroits les plus magiques de la Sierra de Guara. Il y a de nombreux petits sauts le long de cet itin\u00e9raire. Beaucoup de surplombs, de couloirs et de courants. Passages plongeants et chaos de dimensions \u00e9normes. Il s&rsquo;agit d&rsquo;une descente qui, bien qu&rsquo;elle ne soit pas techniquement difficile car elle ne comporte pas de marches difficiles, est physiquement exigeante car elle n\u00e9cessite de marcher le long de la rivi\u00e8re pendant 5 \u00e0 6 heures. On peut distinguer quatre parties dans l&rsquo;ensemble de l&rsquo;itin\u00e9raire : le d\u00e9but par les Oscuros del Vero, le chaos de Visera sous l&rsquo;escarpement de Bov\u00edn, et les deux chaos de la rivi\u00e8re Vero inf\u00e9rieure. Ainsi, apr\u00e8s une premi\u00e8re partie plus esth\u00e9tique, on trouve une deuxi\u00e8me partie plus sportive. Le paysage et l&rsquo;histoire sont les points forts de cette descente que tout amateur de la Sierra de Guara se doit de conna\u00eetre. Tarif : 2 personnes : 70 \u20ac\/pers. De 3 \u00e0 6 personnes : 65 \u20ac\/pers. Groupes de plus de 7 personnes : 60 \u20ac\/pers. QUE COMPREND LE PRIX ? Guide professionnel dipl\u00f4m\u00e9 \u00ab\u00a0Technicien des Sports de Montagne et d&rsquo;Escalade\u00a0\u00bb, sp\u00e9cialis\u00e9 dans le canyoning. Mat\u00e9riel technique n\u00e9cessaire. Toujours certifi\u00e9 CE : Deux pi\u00e8ces en n\u00e9opr\u00e8ne 5 mm pour le canyoning complet Chaussons : chaussettes en n\u00e9opr\u00e8ne. Harnais avec ligne d&rsquo;ancrage et descendeur. Casque. Sac \u00e0 dos de canyoning. Un jerrycan \u00e9tanche pour transporter le pique-nique. Assurances obligatoires : responsabilit\u00e9 civile et assurance accident. Si n\u00e9cessaire, soutenir le v\u00e9hicule. Si nous prenons des photos de l&rsquo;activit\u00e9, nous vous les donnerons, mais vous devrez apporter une cl\u00e9 USB pour les emporter avec vous. TVA 21%. QUE DOIS-JE APPORTER POUR CETTE ACTIVIT\u00c9 ? Une paire de chaussures \u00e0 lacets ou de chaussures de randonn\u00e9e en bon \u00e9tat. Le maillot de bain, mieux vaut d\u00e9j\u00e0 l&rsquo;enfiler. V\u00eatements de sport pour la marche : short et T-shirt. Pique-nique. Boire. Des v\u00eatements secs et des chaussures de rechange \u00e0 laisser dans la voiture. Coletero pour ceux qui ont les cheveux longs. Beaucoup d&rsquo;enthousiasme et de motivation. CONDITIONS G\u00c9N\u00c9RALES Pour le canyoning et les activit\u00e9s nautiques, il est n\u00e9cessaire de savoir nager. Vous devez \u00eatre en bonne condition physique et \u00eatre familiaris\u00e9 avec l&rsquo;activit\u00e9 que vous allez entreprendre. L&rsquo;\u00e2ge minimum pour participer aux activit\u00e9s d\u00e9pend de la taille et du poids de l&rsquo;enfant, car il est important que la combinaison soit de la bonne taille. Elle est g\u00e9n\u00e9ralement comprise entre 5 et 7 ans. Dans tous les cas, c&rsquo;est le guide qui, en dernier ressort, approuvera et acceptera l&rsquo;activit\u00e9, en fonction de la condition physique et mentale de l&rsquo;enfant et des caract\u00e9ristiques de l&rsquo;activit\u00e9. Pour les activit\u00e9s de niveau \u00ab\u00a0avanc\u00e9\u00a0\u00bb ou sup\u00e9rieur, une exp\u00e9rience pr\u00e9alable peut \u00eatre exig\u00e9e, qui peut \u00eatre d\u00e9montr\u00e9e par un entretien personnel avec notre \u00e9quipe de guides ou par une activit\u00e9 ant\u00e9rieure avec notre compagnie. Dans les activit\u00e9s avec des mineurs de moins de 18 ans, le parent ou le tuteur l\u00e9gal devra r\u00e9aliser l&rsquo;activit\u00e9 et accompagner le mineur.<\/p>\n","protected":false},"author":1,"featured_media":0,"parent":0,"menu_order":0,"comment_status":"closed","ping_status":"closed","template":"","meta":{"_exactmetrics_skip_tracking":false,"_exactmetrics_sitenote_active":false,"_exactmetrics_sitenote_note":"","_exactmetrics_sitenote_category":0,"_monsterinsights_skip_tracking":false,"_monsterinsights_sitenote_active":false,"_monsterinsights_sitenote_note":"","_monsterinsights_sitenote_category":0,"footnotes":""},"class_list":["post-11747","page","type-page","status-publish","hentry"],"aioseo_notices":[],"_links":{"self":[{"href":"https:\/\/canyontrekguara.com\/fr\/wp-json\/wp\/v2\/pages\/11747","targetHints":{"allow":["GET"]}}],"collection":[{"href":"https:\/\/canyontrekguara.com\/fr\/wp-json\/wp\/v2\/pages"}],"about":[{"href":"https:\/\/canyontrekguara.com\/fr\/wp-json\/wp\/v2\/types\/page"}],"author":[{"embeddable":true,"href":"https:\/\/canyontrekguara.com\/fr\/wp-json\/wp\/v2\/users\/1"}],"replies":[{"embeddable":true,"href":"https:\/\/canyontrekguara.com\/fr\/wp-json\/wp\/v2\/comments?post=11747"}],"version-history":[{"count":0,"href":"https:\/\/canyontrekguara.com\/fr\/wp-json\/wp\/v2\/pages\/11747\/revisions"}],"wp:attachment":[{"href":"https:\/\/canyontrekguara.com\/fr\/wp-json\/wp\/v2\/media?parent=11747"}],"curies":[{"name":"wp","href":"https:\/\/api.w.org\/{rel}","templated":true}]}}