{"id":11738,"date":"2023-01-12T11:30:41","date_gmt":"2023-01-12T11:30:41","guid":{"rendered":"https:\/\/canyontrekguara.com\/les-sombres-chauves\/"},"modified":"2024-01-31T15:34:47","modified_gmt":"2024-01-31T15:34:47","slug":"les-sombres-chauves","status":"publish","type":"page","link":"https:\/\/canyontrekguara.com\/fr\/les-sombres-chauves\/","title":{"rendered":"Les sombres chauves"},"content":{"rendered":"\t\t<div data-elementor-type=\"wp-page\" data-elementor-id=\"11738\" class=\"elementor elementor-11738\" data-elementor-post-type=\"page\">\n\t\t\t\t\t\t<section class=\"elementor-section elementor-top-section elementor-element elementor-element-4cec414a elementor-section-boxed elementor-section-height-default elementor-section-height-default wpr-particle-no wpr-jarallax-no wpr-parallax-no wpr-sticky-section-no\" data-id=\"4cec414a\" data-element_type=\"section\" data-e-type=\"section\">\n\t\t\t\t\t\t<div class=\"elementor-container elementor-column-gap-default\">\n\t\t\t\t\t<div class=\"elementor-column elementor-col-33 elementor-top-column elementor-element elementor-element-5378e7a2\" data-id=\"5378e7a2\" data-element_type=\"column\" data-e-type=\"column\">\n\t\t\t<div class=\"elementor-widget-wrap\">\n\t\t\t\t\t\t\t<\/div>\n\t\t<\/div>\n\t\t\t\t<div class=\"elementor-column elementor-col-33 elementor-top-column elementor-element elementor-element-2bcf96b7\" data-id=\"2bcf96b7\" data-element_type=\"column\" data-e-type=\"column\">\n\t\t\t<div class=\"elementor-widget-wrap elementor-element-populated\">\n\t\t\t\t\t\t<div class=\"elementor-element elementor-element-0538db5 elementor-widget elementor-widget-heading\" data-id=\"0538db5\" data-element_type=\"widget\" data-e-type=\"widget\" data-widget_type=\"heading.default\">\n\t\t\t\t<div class=\"elementor-widget-container\">\n\t\t\t\t\t<h2 class=\"elementor-heading-title elementor-size-default\">Oscuros del Balced Ravine\n<\/h2>\t\t\t\t<\/div>\n\t\t\t\t<\/div>\n\t\t\t\t<div class=\"elementor-element elementor-element-522d22dc elementor-widget elementor-widget-image\" data-id=\"522d22dc\" data-element_type=\"widget\" data-e-type=\"widget\" data-widget_type=\"image.default\">\n\t\t\t\t<div class=\"elementor-widget-container\">\n\t\t\t\t\t\t\t\t\t\t\t\t\t\t\t<img fetchpriority=\"high\" decoding=\"async\" width=\"1154\" height=\"865\" src=\"https:\/\/canyontrekguara.com\/wp-content\/uploads\/2023\/01\/clonacion-oscuros-del-balced.jpg\" class=\"attachment-large size-large wp-image-10634\" alt=\"\" srcset=\"https:\/\/canyontrekguara.com\/wp-content\/uploads\/2023\/01\/clonacion-oscuros-del-balced.jpg 1154w, https:\/\/canyontrekguara.com\/wp-content\/uploads\/2023\/01\/clonacion-oscuros-del-balced-600x450.jpg 600w, https:\/\/canyontrekguara.com\/wp-content\/uploads\/2023\/01\/clonacion-oscuros-del-balced-768x576.jpg 768w\" sizes=\"(max-width: 1154px) 100vw, 1154px\" \/>\t\t\t\t\t\t\t\t\t\t\t\t\t\t\t<\/div>\n\t\t\t\t<\/div>\n\t\t\t\t<div class=\"elementor-element elementor-element-20986622 elementor-widget elementor-widget-spacer\" data-id=\"20986622\" data-element_type=\"widget\" data-e-type=\"widget\" data-widget_type=\"spacer.default\">\n\t\t\t\t<div class=\"elementor-widget-container\">\n\t\t\t\t\t\t\t<div class=\"elementor-spacer\">\n\t\t\t<div class=\"elementor-spacer-inner\"><\/div>\n\t\t<\/div>\n\t\t\t\t\t\t<\/div>\n\t\t\t\t<\/div>\n\t\t\t\t<div class=\"elementor-element elementor-element-2574dc3d elementor-widget elementor-widget-heading\" data-id=\"2574dc3d\" data-element_type=\"widget\" data-e-type=\"widget\" data-widget_type=\"heading.default\">\n\t\t\t\t<div class=\"elementor-widget-container\">\n\t\t\t\t\t<h3 class=\"elementor-heading-title elementor-size-default\">Oscuros del Balced, le joyau cach\u00e9.<\/h3>\t\t\t\t<\/div>\n\t\t\t\t<\/div>\n\t\t\t\t<div class=\"elementor-element elementor-element-542d5457 elementor-widget elementor-widget-heading\" data-id=\"542d5457\" data-element_type=\"widget\" data-e-type=\"widget\" data-widget_type=\"heading.default\">\n\t\t\t\t<div class=\"elementor-widget-container\">\n\t\t\t\t\t<h5 class=\"elementor-heading-title elementor-size-default\">Canyoning dans une gorge \u00e9troite digne de Jules Verne.<\/h5>\t\t\t\t<\/div>\n\t\t\t\t<\/div>\n\t\t\t\t<div class=\"elementor-element elementor-element-30a568fb elementor-widget elementor-widget-text-editor\" data-id=\"30a568fb\" data-element_type=\"widget\" data-e-type=\"widget\" data-widget_type=\"text-editor.default\">\n\t\t\t\t<div class=\"elementor-widget-container\">\n\t\t\t\t\t\t\t\t\t<p>Le ravin Oscuros del Balced est injustement moins connu que ses compagnons plus classiques tels que la Peonera, le Vero ou la Formiga. Mais c&rsquo;est un <strong>ravin d&rsquo;une grande richesse et d&rsquo;une grande beaut\u00e9 g\u00e9ologique<\/strong>. La route d&rsquo;acc\u00e8s, un peu plus compliqu\u00e9e et plus longue que celle de ses fr\u00e8res, fait de ce ravin un endroit plus solitaire. La randonn\u00e9e initiale offre des vues extraordinaires sur toute la vall\u00e9e de Balced, un paradis pour les oiseaux de proie en raison des grandes parois rocheuses qui forment la cr\u00eate de Balced.<\/p>\n<p>La descente elle-m\u00eame n&rsquo;est pas excessivement longue, mais elle est suffisante pour passer une bonne journ\u00e9e de sports de montagne dans la nature et dans la Sierra de Guara. Los oscuros del Balced offre <strong>tous les attraits du canyoning : beaut\u00e9, aquatique, rappels, sauts, toboggans et passages sous-marins <\/strong>. L&rsquo;un des <strong>plus beaux<\/strong> endroits de la Sierra de Guara est sans aucun doute la<strong> travers\u00e9e de sa profonde fissure<\/strong>, les lumi\u00e8res qui s&rsquo;en d\u00e9gagent sont impressionnantes&#8230;..<\/p>\n<p>Dans l&rsquo;ensemble, nous passerons une journ\u00e9e tr\u00e8s compl\u00e8te \u00e0 profiter d&rsquo;un endroit tr\u00e8s sauvage et inconnu, plein d&rsquo;histoire et de traditions de la population locale, comme les charbonniers.<\/p>\n<p>En r\u00e9sum\u00e9, il faut reconna\u00eetre que notre attrait pour cette descente des Oscuros del Balced est tr\u00e8s \u00e9lev\u00e9 car elle poss\u00e8de une multitude de vertus qui en font un canyon exceptionnel. Il est peut-\u00eatre difficile de l&rsquo;expliquer si on ne l&rsquo;a pas v\u00e9cu.<\/p>\n<h5>Tarif :<\/h5>\n<p>2 personnes : 65 \u20ac\/pers.<\/p>\n<p>De 3 \u00e0 6 personnes : 55 \u20ac\/pers.<\/p>\n<p>Groupes de plus de 7 personnes : 50 \u20ac\/pers.<\/p>\n\t\t\t\t\t\t\t\t<\/div>\n\t\t\t\t<\/div>\n\t\t\t\t<div class=\"elementor-element elementor-element-3e7774f4 elementor-widget elementor-widget-text-editor\" data-id=\"3e7774f4\" data-element_type=\"widget\" data-e-type=\"widget\" data-widget_type=\"text-editor.default\">\n\t\t\t\t<div class=\"elementor-widget-container\">\n\t\t\t\t\t\t\t\t\t<p><strong>Ratio 4 personnes\/guide<\/strong><\/p>\n<p><strong>QUE COMPREND LE PRIX ?<\/strong><\/p>\n<ul>\n<li>Guide professionnel dipl\u00f4m\u00e9 \u00ab\u00a0Technicien des Sports de Montagne et d&rsquo;Escalade\u00a0\u00bb, sp\u00e9cialis\u00e9 dans le canyoning.<\/li>\n<li>Mat\u00e9riel technique n\u00e9cessaire. Toujours certifi\u00e9 CE :\n<ul>\n<li>Deux pi\u00e8ces en n\u00e9opr\u00e8ne 5 mm pour le canyoning complet<\/li>\n<li>Chaussons : chaussettes en n\u00e9opr\u00e8ne.<\/li>\n<li>Harnais avec ligne d&rsquo;ancrage et descendeur.<\/li>\n<li>Casque.<\/li>\n<li>Sac \u00e0 dos de canyoning.<\/li>\n<li>Un jerrycan \u00e9tanche pour transporter le pique-nique.<\/li>\n<\/ul>\n<\/li>\n<li>Assurances obligatoires : responsabilit\u00e9 civile et assurance accident.<\/li>\n<li>Si n\u00e9cessaire, soutenir le v\u00e9hicule.<\/li>\n<li>Si nous prenons des photos de l&rsquo;activit\u00e9, nous vous les donnerons, mais vous devrez apporter une cl\u00e9 USB pour les emporter avec vous.<\/li>\n<li>TVA 21%.<\/li>\n<\/ul>\n\t\t\t\t\t\t\t\t<\/div>\n\t\t\t\t<\/div>\n\t\t\t\t<div class=\"elementor-element elementor-element-47147f8b elementor-widget elementor-widget-text-editor\" data-id=\"47147f8b\" data-element_type=\"widget\" data-e-type=\"widget\" data-widget_type=\"text-editor.default\">\n\t\t\t\t<div class=\"elementor-widget-container\">\n\t\t\t\t\t\t\t\t\t<p><strong>QUE DOIS-JE APPORTER POUR CETTE ACTIVIT\u00c9 ?<\/strong><\/p>\n<ul>\n<li>Une paire de chaussures \u00e0 lacets ou de chaussures de randonn\u00e9e en bon \u00e9tat.<\/li>\n<li>Le maillot de bain, mieux vaut d\u00e9j\u00e0 l&rsquo;enfiler.<\/li>\n<li>V\u00eatements confortables pour la marche : short et T-shirt.<\/li>\n<li>Pique-nique.<\/li>\n<li>Boire.<\/li>\n<li>Des v\u00eatements secs et des chaussures de rechange \u00e0 laisser dans la voiture.<\/li>\n<li>Coletero pour ceux qui ont les cheveux longs.<\/li>\n<li>Beaucoup d&rsquo;enthousiasme et de motivation.<\/li>\n<\/ul>\n\t\t\t\t\t\t\t\t<\/div>\n\t\t\t\t<\/div>\n\t\t\t\t<div class=\"elementor-element elementor-element-6f4a37fe elementor-widget elementor-widget-text-editor\" data-id=\"6f4a37fe\" data-element_type=\"widget\" data-e-type=\"widget\" data-widget_type=\"text-editor.default\">\n\t\t\t\t<div class=\"elementor-widget-container\">\n\t\t\t\t\t\t\t\t\t<p><strong>CONDITIONS G\u00c9N\u00c9RALES<\/strong><\/p>\n<ul>\n<li>Pour le canyoning et les activit\u00e9s aquatiques, il est n\u00e9cessaire de savoir nager.<\/li>\n<li>Vous devez \u00eatre en bonne condition physique et \u00eatre familiaris\u00e9 avec l&rsquo;activit\u00e9 que vous allez entreprendre.<\/li>\n<li>L&rsquo;\u00e2ge minimum pour participer aux activit\u00e9s d\u00e9pend de la taille et du poids de l&rsquo;enfant, car il est important que la combinaison soit de la bonne taille. Elle est g\u00e9n\u00e9ralement comprise entre 5 et 7 ans. Dans tous les cas, c&rsquo;est le guide qui, en dernier ressort, approuvera et acceptera l&rsquo;activit\u00e9, en fonction de la condition physique et mentale de l&rsquo;enfant et des caract\u00e9ristiques de l&rsquo;activit\u00e9.<\/li>\n<li>Pour les activit\u00e9s de niveau \u00ab\u00a0avanc\u00e9\u00a0\u00bb ou sup\u00e9rieur, une exp\u00e9rience pr\u00e9alable peut \u00eatre exig\u00e9e, qui peut \u00eatre d\u00e9montr\u00e9e par un entretien personnel avec notre \u00e9quipe de guides ou par une activit\u00e9 ant\u00e9rieure avec notre compagnie.<\/li>\n<li>Dans les activit\u00e9s avec des mineurs de moins de 18 ans, le parent ou le tuteur l\u00e9gal devra r\u00e9aliser l&rsquo;activit\u00e9 et accompagner le mineur.<\/li>\n<\/ul>\n\t\t\t\t\t\t\t\t<\/div>\n\t\t\t\t<\/div>\n\t\t\t\t\t<\/div>\n\t\t<\/div>\n\t\t\t\t<div class=\"elementor-column elementor-col-33 elementor-top-column elementor-element elementor-element-44432a6a\" data-id=\"44432a6a\" data-element_type=\"column\" data-e-type=\"column\">\n\t\t\t<div class=\"elementor-widget-wrap\">\n\t\t\t\t\t\t\t<\/div>\n\t\t<\/div>\n\t\t\t\t\t<\/div>\n\t\t<\/section>\n\t\t\t\t<\/div>\n\t\t","protected":false},"excerpt":{"rendered":"<p>Oscuros del Balced Ravine Oscuros del Balced, le joyau cach\u00e9. Canyoning dans une gorge \u00e9troite digne de Jules Verne. Le ravin Oscuros del Balced est injustement moins connu que ses compagnons plus classiques tels que la Peonera, le Vero ou la Formiga. Mais c&rsquo;est un ravin d&rsquo;une grande richesse et d&rsquo;une grande beaut\u00e9 g\u00e9ologique. La route d&rsquo;acc\u00e8s, un peu plus compliqu\u00e9e et plus longue que celle de ses fr\u00e8res, fait de ce ravin un endroit plus solitaire. La randonn\u00e9e initiale offre des vues extraordinaires sur toute la vall\u00e9e de Balced, un paradis pour les oiseaux de proie en raison des grandes parois rocheuses qui forment la cr\u00eate de Balced. La descente elle-m\u00eame n&rsquo;est pas excessivement longue, mais elle est suffisante pour passer une bonne journ\u00e9e de sports de montagne dans la nature et dans la Sierra de Guara. Los oscuros del Balced offre tous les attraits du canyoning : beaut\u00e9, aquatique, rappels, sauts, toboggans et passages sous-marins . L&rsquo;un des plus beaux endroits de la Sierra de Guara est sans aucun doute la travers\u00e9e de sa profonde fissure, les lumi\u00e8res qui s&rsquo;en d\u00e9gagent sont impressionnantes&#8230;.. Dans l&rsquo;ensemble, nous passerons une journ\u00e9e tr\u00e8s compl\u00e8te \u00e0 profiter d&rsquo;un endroit tr\u00e8s sauvage et inconnu, plein d&rsquo;histoire et de traditions de la population locale, comme les charbonniers. En r\u00e9sum\u00e9, il faut reconna\u00eetre que notre attrait pour cette descente des Oscuros del Balced est tr\u00e8s \u00e9lev\u00e9 car elle poss\u00e8de une multitude de vertus qui en font un canyon exceptionnel. Il est peut-\u00eatre difficile de l&rsquo;expliquer si on ne l&rsquo;a pas v\u00e9cu. Tarif : 2 personnes : 65 \u20ac\/pers. De 3 \u00e0 6 personnes : 55 \u20ac\/pers. Groupes de plus de 7 personnes : 50 \u20ac\/pers. Ratio 4 personnes\/guide QUE COMPREND LE PRIX ? Guide professionnel dipl\u00f4m\u00e9 \u00ab\u00a0Technicien des Sports de Montagne et d&rsquo;Escalade\u00a0\u00bb, sp\u00e9cialis\u00e9 dans le canyoning. Mat\u00e9riel technique n\u00e9cessaire. Toujours certifi\u00e9 CE : Deux pi\u00e8ces en n\u00e9opr\u00e8ne 5 mm pour le canyoning complet Chaussons : chaussettes en n\u00e9opr\u00e8ne. Harnais avec ligne d&rsquo;ancrage et descendeur. Casque. Sac \u00e0 dos de canyoning. Un jerrycan \u00e9tanche pour transporter le pique-nique. Assurances obligatoires : responsabilit\u00e9 civile et assurance accident. Si n\u00e9cessaire, soutenir le v\u00e9hicule. Si nous prenons des photos de l&rsquo;activit\u00e9, nous vous les donnerons, mais vous devrez apporter une cl\u00e9 USB pour les emporter avec vous. TVA 21%. QUE DOIS-JE APPORTER POUR CETTE ACTIVIT\u00c9 ? Une paire de chaussures \u00e0 lacets ou de chaussures de randonn\u00e9e en bon \u00e9tat. Le maillot de bain, mieux vaut d\u00e9j\u00e0 l&rsquo;enfiler. V\u00eatements confortables pour la marche : short et T-shirt. Pique-nique. Boire. Des v\u00eatements secs et des chaussures de rechange \u00e0 laisser dans la voiture. Coletero pour ceux qui ont les cheveux longs. Beaucoup d&rsquo;enthousiasme et de motivation. CONDITIONS G\u00c9N\u00c9RALES Pour le canyoning et les activit\u00e9s aquatiques, il est n\u00e9cessaire de savoir nager. Vous devez \u00eatre en bonne condition physique et \u00eatre familiaris\u00e9 avec l&rsquo;activit\u00e9 que vous allez entreprendre. L&rsquo;\u00e2ge minimum pour participer aux activit\u00e9s d\u00e9pend de la taille et du poids de l&rsquo;enfant, car il est important que la combinaison soit de la bonne taille. Elle est g\u00e9n\u00e9ralement comprise entre 5 et 7 ans. Dans tous les cas, c&rsquo;est le guide qui, en dernier ressort, approuvera et acceptera l&rsquo;activit\u00e9, en fonction de la condition physique et mentale de l&rsquo;enfant et des caract\u00e9ristiques de l&rsquo;activit\u00e9. Pour les activit\u00e9s de niveau \u00ab\u00a0avanc\u00e9\u00a0\u00bb ou sup\u00e9rieur, une exp\u00e9rience pr\u00e9alable peut \u00eatre exig\u00e9e, qui peut \u00eatre d\u00e9montr\u00e9e par un entretien personnel avec notre \u00e9quipe de guides ou par une activit\u00e9 ant\u00e9rieure avec notre compagnie. Dans les activit\u00e9s avec des mineurs de moins de 18 ans, le parent ou le tuteur l\u00e9gal devra r\u00e9aliser l&rsquo;activit\u00e9 et accompagner le mineur.<\/p>\n","protected":false},"author":1,"featured_media":0,"parent":0,"menu_order":0,"comment_status":"closed","ping_status":"closed","template":"","meta":{"_exactmetrics_skip_tracking":false,"_exactmetrics_sitenote_active":false,"_exactmetrics_sitenote_note":"","_exactmetrics_sitenote_category":0,"_monsterinsights_skip_tracking":false,"_monsterinsights_sitenote_active":false,"_monsterinsights_sitenote_note":"","_monsterinsights_sitenote_category":0,"footnotes":""},"class_list":["post-11738","page","type-page","status-publish","hentry"],"aioseo_notices":[],"_links":{"self":[{"href":"https:\/\/canyontrekguara.com\/fr\/wp-json\/wp\/v2\/pages\/11738","targetHints":{"allow":["GET"]}}],"collection":[{"href":"https:\/\/canyontrekguara.com\/fr\/wp-json\/wp\/v2\/pages"}],"about":[{"href":"https:\/\/canyontrekguara.com\/fr\/wp-json\/wp\/v2\/types\/page"}],"author":[{"embeddable":true,"href":"https:\/\/canyontrekguara.com\/fr\/wp-json\/wp\/v2\/users\/1"}],"replies":[{"embeddable":true,"href":"https:\/\/canyontrekguara.com\/fr\/wp-json\/wp\/v2\/comments?post=11738"}],"version-history":[{"count":0,"href":"https:\/\/canyontrekguara.com\/fr\/wp-json\/wp\/v2\/pages\/11738\/revisions"}],"wp:attachment":[{"href":"https:\/\/canyontrekguara.com\/fr\/wp-json\/wp\/v2\/media?parent=11738"}],"curies":[{"name":"wp","href":"https:\/\/api.w.org\/{rel}","templated":true}]}}