{"id":11736,"date":"2023-01-02T11:23:36","date_gmt":"2023-01-02T11:23:36","guid":{"rendered":"https:\/\/canyontrekguara.com\/ravin-fornocal\/"},"modified":"2024-01-31T15:34:46","modified_gmt":"2024-01-31T15:34:46","slug":"ravin-fornocal","status":"publish","type":"page","link":"https:\/\/canyontrekguara.com\/fr\/ravin-fornocal\/","title":{"rendered":"Ravin fornocal"},"content":{"rendered":"\t\t<div data-elementor-type=\"wp-page\" data-elementor-id=\"11736\" class=\"elementor elementor-11736\" data-elementor-post-type=\"page\">\n\t\t\t\t\t\t<section class=\"elementor-section elementor-top-section elementor-element elementor-element-dea7dde elementor-section-boxed elementor-section-height-default elementor-section-height-default wpr-particle-no wpr-jarallax-no wpr-parallax-no wpr-sticky-section-no\" data-id=\"dea7dde\" data-element_type=\"section\" data-e-type=\"section\">\n\t\t\t\t\t\t<div class=\"elementor-container elementor-column-gap-default\">\n\t\t\t\t\t<div class=\"elementor-column elementor-col-33 elementor-top-column elementor-element elementor-element-6fd4bbb\" data-id=\"6fd4bbb\" data-element_type=\"column\" data-e-type=\"column\">\n\t\t\t<div class=\"elementor-widget-wrap\">\n\t\t\t\t\t\t\t<\/div>\n\t\t<\/div>\n\t\t\t\t<div class=\"elementor-column elementor-col-33 elementor-top-column elementor-element elementor-element-de90281\" data-id=\"de90281\" data-element_type=\"column\" data-e-type=\"column\">\n\t\t\t<div class=\"elementor-widget-wrap elementor-element-populated\">\n\t\t\t\t\t\t<div class=\"elementor-element elementor-element-a88b409 elementor-widget elementor-widget-image\" data-id=\"a88b409\" data-element_type=\"widget\" data-e-type=\"widget\" data-widget_type=\"image.default\">\n\t\t\t\t<div class=\"elementor-widget-container\">\n\t\t\t\t\t\t\t\t\t\t\t\t\t\t\t<img fetchpriority=\"high\" decoding=\"async\" width=\"1154\" height=\"865\" src=\"https:\/\/canyontrekguara.com\/wp-content\/uploads\/2023\/01\/barranco-del-fornocal-guara-portada-blog.jpg\" class=\"attachment-large size-large wp-image-10566\" alt=\"\" srcset=\"https:\/\/canyontrekguara.com\/wp-content\/uploads\/2023\/01\/barranco-del-fornocal-guara-portada-blog.jpg 1154w, https:\/\/canyontrekguara.com\/wp-content\/uploads\/2023\/01\/barranco-del-fornocal-guara-portada-blog-600x450.jpg 600w, https:\/\/canyontrekguara.com\/wp-content\/uploads\/2023\/01\/barranco-del-fornocal-guara-portada-blog-768x576.jpg 768w\" sizes=\"(max-width: 1154px) 100vw, 1154px\" \/>\t\t\t\t\t\t\t\t\t\t\t\t\t\t\t<\/div>\n\t\t\t\t<\/div>\n\t\t\t\t<div class=\"elementor-element elementor-element-c0e2a93 elementor-widget elementor-widget-spacer\" data-id=\"c0e2a93\" data-element_type=\"widget\" data-e-type=\"widget\" data-widget_type=\"spacer.default\">\n\t\t\t\t<div class=\"elementor-widget-container\">\n\t\t\t\t\t\t\t<div class=\"elementor-spacer\">\n\t\t\t<div class=\"elementor-spacer-inner\"><\/div>\n\t\t<\/div>\n\t\t\t\t\t\t<\/div>\n\t\t\t\t<\/div>\n\t\t\t\t<div class=\"elementor-element elementor-element-426d0eb elementor-widget elementor-widget-heading\" data-id=\"426d0eb\" data-element_type=\"widget\" data-e-type=\"widget\" data-widget_type=\"heading.default\">\n\t\t\t\t<div class=\"elementor-widget-container\">\n\t\t\t\t\t<h3 class=\"elementor-heading-title elementor-size-default\">El Fornocal, sportif et spectaculaire\n<\/h3>\t\t\t\t<\/div>\n\t\t\t\t<\/div>\n\t\t\t\t<div class=\"elementor-element elementor-element-118427c elementor-widget elementor-widget-heading\" data-id=\"118427c\" data-element_type=\"widget\" data-e-type=\"widget\" data-widget_type=\"heading.default\">\n\t\t\t\t<div class=\"elementor-widget-container\">\n\t\t\t\t\t<h5 class=\"elementor-heading-title elementor-size-default\">Un grand canyon avec des attractions pour ceux qui recherchent l'essentiel.\n<\/h5>\t\t\t\t<\/div>\n\t\t\t\t<\/div>\n\t\t\t\t<div class=\"elementor-element elementor-element-4401796 elementor-widget elementor-widget-text-editor\" data-id=\"4401796\" data-element_type=\"widget\" data-e-type=\"widget\" data-widget_type=\"text-editor.default\">\n\t\t\t\t<div class=\"elementor-widget-container\">\n\t\t\t\t\t\t\t\t\t<p>El <strong>Fornocal<\/strong> est un canyon moins connu car la p\u00e9riode pendant laquelle on peut le descendre est limit\u00e9e \u00e0 trois mois. Il s&rsquo;agit cependant d&rsquo;un itin\u00e9raire tr\u00e8s vari\u00e9, avec un <strong>lit de rivi\u00e8re tr\u00e8s creus\u00e9<\/strong> et fa\u00e7onn\u00e9 qui est tr\u00e8s spectaculaire, avec des <strong>passages \u00e9troits<\/strong>, d&rsquo;<strong>innombrables corniches et marmites<\/strong>, <strong>plusieurs rappels<\/strong> et de <strong>grandes parois calcaires<\/strong>.<\/p>\n<p>Il ne nous faudra que 45 minutes de marche pour arriver au d\u00e9part et, apr\u00e8s un premier rappel de 12 m\u00e8tres, nous entrerons dans un paysage compl\u00e8tement diff\u00e9rent, une fissure \u00e9troite et profonde creus\u00e9e par l&rsquo;eau. <strong>Nous apprendrons et perfectionnerons ainsi la technique du rappel aquatique<\/strong>.<\/p>\n<p>Il est divis\u00e9 en deux parties : la premi\u00e8re est plus \u00e9troite et plus en retrait ; la seconde est plus ouverte et plus ensoleill\u00e9e. La premi\u00e8re partie est consacr\u00e9e \u00e0 la <strong>source d&rsquo;eau<\/strong>, sans doute l&rsquo;un des plus beaux coins de la Sierra de Guara. Tr\u00e8s exub\u00e9rant. Dans la deuxi\u00e8me partie, nous passerons sous l&rsquo;une des plus grandes fen\u00eatres de la Sierra, le <strong>Portal de la Cunarda<\/strong>.<\/p>\n<p>Nous ne trouverons pas de grands sauts ou de toboggans mais la nature et l&rsquo;environnement qui l&rsquo;entoure sont pr\u00e9sents dans quelques canyons de Guara, \u00e9tant peut-\u00eatre avec le Masc\u00fan <strong>l&rsquo;un des plus complets<\/strong>. Bref, il faut profiter de la p\u00e9riode d&rsquo;avril \u00e0 juin pour faire cette descente qui en vaut vraiment la peine.<\/p>\n<h5>Tarif :<\/h5>\n<p>2 personnes : 70 \u20ac\/pers.<\/p>\n<p>De 3 \u00e0 6 personnes : 65 \u20ac\/pers.<\/p>\n<p>Groupes de 7 personnes ou plus : 60 \u20ac\/pers.<\/p>\n\t\t\t\t\t\t\t\t<\/div>\n\t\t\t\t<\/div>\n\t\t\t\t<div class=\"elementor-element elementor-element-676d353 elementor-widget elementor-widget-text-editor\" data-id=\"676d353\" data-element_type=\"widget\" data-e-type=\"widget\" data-widget_type=\"text-editor.default\">\n\t\t\t\t<div class=\"elementor-widget-container\">\n\t\t\t\t\t\t\t\t\t<p><strong>QUE COMPREND LE PRIX ?<\/strong><\/p>\n<ul>\n<li>Guide professionnel dipl\u00f4m\u00e9 \u00ab\u00a0Technicien des Sports de Montagne et d&rsquo;Escalade\u00a0\u00bb, sp\u00e9cialis\u00e9 dans le canyoning.<\/li>\n<li>Mat\u00e9riel technique n\u00e9cessaire. Toujours certifi\u00e9 CE :\n<ul>\n<li>Deux pi\u00e8ces en n\u00e9opr\u00e8ne 5 mm pour le canyoning complet<\/li>\n<li>Chaussons : chaussettes en n\u00e9opr\u00e8ne.<\/li>\n<li>Harnais avec ligne d&rsquo;ancrage et descendeur.<\/li>\n<li>Casque.<\/li>\n<li>Sac \u00e0 dos de canyoning.<\/li>\n<li>Un jerrycan \u00e9tanche pour transporter le pique-nique.<\/li>\n<\/ul>\n<\/li>\n<li>Assurances obligatoires : responsabilit\u00e9 civile et assurance accident.<\/li>\n<li>Si n\u00e9cessaire, soutenir le v\u00e9hicule.<\/li>\n<li>Si nous prenons des photos de l&rsquo;activit\u00e9, nous vous les donnerons, mais vous devrez apporter une cl\u00e9 USB pour les emporter avec vous.<\/li>\n<li>TVA 21%.<\/li>\n<\/ul>\n\t\t\t\t\t\t\t\t<\/div>\n\t\t\t\t<\/div>\n\t\t\t\t<div class=\"elementor-element elementor-element-bb85f54 elementor-widget elementor-widget-text-editor\" data-id=\"bb85f54\" data-element_type=\"widget\" data-e-type=\"widget\" data-widget_type=\"text-editor.default\">\n\t\t\t\t<div class=\"elementor-widget-container\">\n\t\t\t\t\t\t\t\t\t<p><strong>QUE DOIS-JE APPORTER POUR CETTE ACTIVIT\u00c9 ?<\/strong><\/p>\n<ul>\n<li>Une paire de chaussures \u00e0 lacets ou de chaussures de randonn\u00e9e en bon \u00e9tat.<\/li>\n<li>Le maillot de bain, mieux vaut d\u00e9j\u00e0 l&rsquo;enfiler.<\/li>\n<li>V\u00eatements confortables pour la marche : short et T-shirt.<\/li>\n<li>Pique-nique.<\/li>\n<li>Boire.<\/li>\n<li>Des v\u00eatements secs et des chaussures de rechange \u00e0 laisser dans la voiture.<\/li>\n<li>Coletero pour ceux qui ont les cheveux longs.<\/li>\n<li>Beaucoup d&rsquo;enthousiasme et de motivation.<\/li>\n<\/ul>\n\t\t\t\t\t\t\t\t<\/div>\n\t\t\t\t<\/div>\n\t\t\t\t<div class=\"elementor-element elementor-element-16b940d elementor-widget elementor-widget-text-editor\" data-id=\"16b940d\" data-element_type=\"widget\" data-e-type=\"widget\" data-widget_type=\"text-editor.default\">\n\t\t\t\t<div class=\"elementor-widget-container\">\n\t\t\t\t\t\t\t\t\t<p><strong>CONDITIONS G\u00c9N\u00c9RALES<\/strong><\/p>\n<ul>\n<li>Pour le canyoning et les activit\u00e9s aquatiques, il est n\u00e9cessaire de savoir nager.<\/li>\n<li>Vous devez \u00eatre en bonne condition physique et \u00eatre familiaris\u00e9 avec l&rsquo;activit\u00e9 que vous allez entreprendre.<\/li>\n<li>L&rsquo;\u00e2ge minimum pour participer aux activit\u00e9s d\u00e9pend de la taille et du poids de l&rsquo;enfant, car il est important que la combinaison soit de la bonne taille. Elle est g\u00e9n\u00e9ralement comprise entre 5 et 7 ans. Dans tous les cas, c&rsquo;est le guide qui, en dernier ressort, approuvera et acceptera l&rsquo;activit\u00e9, en fonction de la condition physique et mentale de l&rsquo;enfant et des caract\u00e9ristiques de l&rsquo;activit\u00e9.<\/li>\n<li>Pour les activit\u00e9s de niveau \u00ab\u00a0avanc\u00e9\u00a0\u00bb ou sup\u00e9rieur, une exp\u00e9rience pr\u00e9alable peut \u00eatre exig\u00e9e, qui peut \u00eatre d\u00e9montr\u00e9e par un entretien personnel avec notre \u00e9quipe de guides ou par une activit\u00e9 ant\u00e9rieure avec notre compagnie.<\/li>\n<li>Dans les activit\u00e9s avec des mineurs de moins de 18 ans, le parent ou le tuteur l\u00e9gal devra r\u00e9aliser l&rsquo;activit\u00e9 et accompagner le mineur.<\/li>\n<\/ul>\n\t\t\t\t\t\t\t\t<\/div>\n\t\t\t\t<\/div>\n\t\t\t\t<div class=\"elementor-element elementor-element-0e69e80 elementor-widget elementor-widget-spacer\" data-id=\"0e69e80\" data-element_type=\"widget\" data-e-type=\"widget\" data-widget_type=\"spacer.default\">\n\t\t\t\t<div class=\"elementor-widget-container\">\n\t\t\t\t\t\t\t<div class=\"elementor-spacer\">\n\t\t\t<div class=\"elementor-spacer-inner\"><\/div>\n\t\t<\/div>\n\t\t\t\t\t\t<\/div>\n\t\t\t\t<\/div>\n\t\t\t\t\t<\/div>\n\t\t<\/div>\n\t\t\t\t<div class=\"elementor-column elementor-col-33 elementor-top-column elementor-element elementor-element-12e5370\" data-id=\"12e5370\" data-element_type=\"column\" data-e-type=\"column\">\n\t\t\t<div class=\"elementor-widget-wrap\">\n\t\t\t\t\t\t\t<\/div>\n\t\t<\/div>\n\t\t\t\t\t<\/div>\n\t\t<\/section>\n\t\t\t\t<\/div>\n\t\t","protected":false},"excerpt":{"rendered":"<p>El Fornocal, sportif et spectaculaire Un grand canyon avec des attractions pour ceux qui recherchent l&rsquo;essentiel. El Fornocal est un canyon moins connu car la p\u00e9riode pendant laquelle on peut le descendre est limit\u00e9e \u00e0 trois mois. Il s&rsquo;agit cependant d&rsquo;un itin\u00e9raire tr\u00e8s vari\u00e9, avec un lit de rivi\u00e8re tr\u00e8s creus\u00e9 et fa\u00e7onn\u00e9 qui est tr\u00e8s spectaculaire, avec des passages \u00e9troits, d&rsquo;innombrables corniches et marmites, plusieurs rappels et de grandes parois calcaires. Il ne nous faudra que 45 minutes de marche pour arriver au d\u00e9part et, apr\u00e8s un premier rappel de 12 m\u00e8tres, nous entrerons dans un paysage compl\u00e8tement diff\u00e9rent, une fissure \u00e9troite et profonde creus\u00e9e par l&rsquo;eau. Nous apprendrons et perfectionnerons ainsi la technique du rappel aquatique. Il est divis\u00e9 en deux parties : la premi\u00e8re est plus \u00e9troite et plus en retrait ; la seconde est plus ouverte et plus ensoleill\u00e9e. La premi\u00e8re partie est consacr\u00e9e \u00e0 la source d&rsquo;eau, sans doute l&rsquo;un des plus beaux coins de la Sierra de Guara. Tr\u00e8s exub\u00e9rant. Dans la deuxi\u00e8me partie, nous passerons sous l&rsquo;une des plus grandes fen\u00eatres de la Sierra, le Portal de la Cunarda. Nous ne trouverons pas de grands sauts ou de toboggans mais la nature et l&rsquo;environnement qui l&rsquo;entoure sont pr\u00e9sents dans quelques canyons de Guara, \u00e9tant peut-\u00eatre avec le Masc\u00fan l&rsquo;un des plus complets. Bref, il faut profiter de la p\u00e9riode d&rsquo;avril \u00e0 juin pour faire cette descente qui en vaut vraiment la peine. Tarif : 2 personnes : 70 \u20ac\/pers. De 3 \u00e0 6 personnes : 65 \u20ac\/pers. Groupes de 7 personnes ou plus : 60 \u20ac\/pers. QUE COMPREND LE PRIX ? Guide professionnel dipl\u00f4m\u00e9 \u00ab\u00a0Technicien des Sports de Montagne et d&rsquo;Escalade\u00a0\u00bb, sp\u00e9cialis\u00e9 dans le canyoning. Mat\u00e9riel technique n\u00e9cessaire. Toujours certifi\u00e9 CE : Deux pi\u00e8ces en n\u00e9opr\u00e8ne 5 mm pour le canyoning complet Chaussons : chaussettes en n\u00e9opr\u00e8ne. Harnais avec ligne d&rsquo;ancrage et descendeur. Casque. Sac \u00e0 dos de canyoning. Un jerrycan \u00e9tanche pour transporter le pique-nique. Assurances obligatoires : responsabilit\u00e9 civile et assurance accident. Si n\u00e9cessaire, soutenir le v\u00e9hicule. Si nous prenons des photos de l&rsquo;activit\u00e9, nous vous les donnerons, mais vous devrez apporter une cl\u00e9 USB pour les emporter avec vous. TVA 21%. QUE DOIS-JE APPORTER POUR CETTE ACTIVIT\u00c9 ? Une paire de chaussures \u00e0 lacets ou de chaussures de randonn\u00e9e en bon \u00e9tat. Le maillot de bain, mieux vaut d\u00e9j\u00e0 l&rsquo;enfiler. V\u00eatements confortables pour la marche : short et T-shirt. Pique-nique. Boire. Des v\u00eatements secs et des chaussures de rechange \u00e0 laisser dans la voiture. Coletero pour ceux qui ont les cheveux longs. Beaucoup d&rsquo;enthousiasme et de motivation. CONDITIONS G\u00c9N\u00c9RALES Pour le canyoning et les activit\u00e9s aquatiques, il est n\u00e9cessaire de savoir nager. Vous devez \u00eatre en bonne condition physique et \u00eatre familiaris\u00e9 avec l&rsquo;activit\u00e9 que vous allez entreprendre. L&rsquo;\u00e2ge minimum pour participer aux activit\u00e9s d\u00e9pend de la taille et du poids de l&rsquo;enfant, car il est important que la combinaison soit de la bonne taille. Elle est g\u00e9n\u00e9ralement comprise entre 5 et 7 ans. Dans tous les cas, c&rsquo;est le guide qui, en dernier ressort, approuvera et acceptera l&rsquo;activit\u00e9, en fonction de la condition physique et mentale de l&rsquo;enfant et des caract\u00e9ristiques de l&rsquo;activit\u00e9. Pour les activit\u00e9s de niveau \u00ab\u00a0avanc\u00e9\u00a0\u00bb ou sup\u00e9rieur, une exp\u00e9rience pr\u00e9alable peut \u00eatre exig\u00e9e, qui peut \u00eatre d\u00e9montr\u00e9e par un entretien personnel avec notre \u00e9quipe de guides ou par une activit\u00e9 ant\u00e9rieure avec notre compagnie. Dans les activit\u00e9s avec des mineurs de moins de 18 ans, le parent ou le tuteur l\u00e9gal devra r\u00e9aliser l&rsquo;activit\u00e9 et accompagner le mineur.<\/p>\n","protected":false},"author":1,"featured_media":0,"parent":0,"menu_order":0,"comment_status":"closed","ping_status":"closed","template":"elementor_header_footer","meta":{"_exactmetrics_skip_tracking":false,"_exactmetrics_sitenote_active":false,"_exactmetrics_sitenote_note":"","_exactmetrics_sitenote_category":0,"_monsterinsights_skip_tracking":false,"_monsterinsights_sitenote_active":false,"_monsterinsights_sitenote_note":"","_monsterinsights_sitenote_category":0,"footnotes":""},"class_list":["post-11736","page","type-page","status-publish","hentry"],"aioseo_notices":[],"_links":{"self":[{"href":"https:\/\/canyontrekguara.com\/fr\/wp-json\/wp\/v2\/pages\/11736","targetHints":{"allow":["GET"]}}],"collection":[{"href":"https:\/\/canyontrekguara.com\/fr\/wp-json\/wp\/v2\/pages"}],"about":[{"href":"https:\/\/canyontrekguara.com\/fr\/wp-json\/wp\/v2\/types\/page"}],"author":[{"embeddable":true,"href":"https:\/\/canyontrekguara.com\/fr\/wp-json\/wp\/v2\/users\/1"}],"replies":[{"embeddable":true,"href":"https:\/\/canyontrekguara.com\/fr\/wp-json\/wp\/v2\/comments?post=11736"}],"version-history":[{"count":0,"href":"https:\/\/canyontrekguara.com\/fr\/wp-json\/wp\/v2\/pages\/11736\/revisions"}],"wp:attachment":[{"href":"https:\/\/canyontrekguara.com\/fr\/wp-json\/wp\/v2\/media?parent=11736"}],"curies":[{"name":"wp","href":"https:\/\/api.w.org\/{rel}","templated":true}]}}