{"id":11729,"date":"2023-01-03T12:09:34","date_gmt":"2023-01-03T12:09:34","guid":{"rendered":"https:\/\/canyontrekguara.com\/vias-ferratas-dans-la-sierra-de-guara\/"},"modified":"2024-01-31T15:34:53","modified_gmt":"2024-01-31T15:34:53","slug":"vias-ferratas-dans-la-sierra-de-guara","status":"publish","type":"page","link":"https:\/\/canyontrekguara.com\/fr\/vias-ferratas-dans-la-sierra-de-guara\/","title":{"rendered":"vias ferratas dans la sierra de guara"},"content":{"rendered":"\t\t<div data-elementor-type=\"wp-page\" data-elementor-id=\"11729\" class=\"elementor elementor-11729 elementor-1945\" data-elementor-post-type=\"page\">\n\t\t\t\t\t\t<section class=\"elementor-section elementor-top-section elementor-element elementor-element-1dc7484 elementor-section-boxed elementor-section-height-default elementor-section-height-default wpr-particle-no wpr-jarallax-no wpr-parallax-no wpr-sticky-section-no\" data-id=\"1dc7484\" data-element_type=\"section\" data-e-type=\"section\">\n\t\t\t\t\t\t<div class=\"elementor-container elementor-column-gap-default\">\n\t\t\t\t\t<div class=\"elementor-column elementor-col-100 elementor-top-column elementor-element elementor-element-9f9143f\" data-id=\"9f9143f\" data-element_type=\"column\" data-e-type=\"column\">\n\t\t\t<div class=\"elementor-widget-wrap elementor-element-populated\">\n\t\t\t\t\t\t<div class=\"elementor-element elementor-element-e302573 elementor-widget elementor-widget-image\" data-id=\"e302573\" data-element_type=\"widget\" data-e-type=\"widget\" data-widget_type=\"image.default\">\n\t\t\t\t<div class=\"elementor-widget-container\">\n\t\t\t\t\t\t\t\t\t\t\t\t\t\t\t<img fetchpriority=\"high\" decoding=\"async\" width=\"1900\" height=\"460\" src=\"https:\/\/canyontrekguara.com\/wp-content\/uploads\/2023\/01\/ferrata-guara-cab-1.jpg\" class=\"attachment-large size-large wp-image-10572\" alt=\"\" srcset=\"https:\/\/canyontrekguara.com\/wp-content\/uploads\/2023\/01\/ferrata-guara-cab-1.jpg 1900w, https:\/\/canyontrekguara.com\/wp-content\/uploads\/2023\/01\/ferrata-guara-cab-1-600x145.jpg 600w, https:\/\/canyontrekguara.com\/wp-content\/uploads\/2023\/01\/ferrata-guara-cab-1-768x186.jpg 768w, https:\/\/canyontrekguara.com\/wp-content\/uploads\/2023\/01\/ferrata-guara-cab-1-1536x372.jpg 1536w\" sizes=\"(max-width: 1900px) 100vw, 1900px\" \/>\t\t\t\t\t\t\t\t\t\t\t\t\t\t\t<\/div>\n\t\t\t\t<\/div>\n\t\t\t\t<div class=\"elementor-element elementor-element-9caac50 elementor-widget elementor-widget-spacer\" data-id=\"9caac50\" data-element_type=\"widget\" data-e-type=\"widget\" data-widget_type=\"spacer.default\">\n\t\t\t\t<div class=\"elementor-widget-container\">\n\t\t\t\t\t\t\t<div class=\"elementor-spacer\">\n\t\t\t<div class=\"elementor-spacer-inner\"><\/div>\n\t\t<\/div>\n\t\t\t\t\t\t<\/div>\n\t\t\t\t<\/div>\n\t\t\t\t\t<\/div>\n\t\t<\/div>\n\t\t\t\t\t<\/div>\n\t\t<\/section>\n\t\t\t\t<section class=\"elementor-section elementor-top-section elementor-element elementor-element-41491ff elementor-section-boxed elementor-section-height-default elementor-section-height-default wpr-particle-no wpr-jarallax-no wpr-parallax-no wpr-sticky-section-no\" data-id=\"41491ff\" data-element_type=\"section\" data-e-type=\"section\">\n\t\t\t\t\t\t<div class=\"elementor-container elementor-column-gap-default\">\n\t\t\t\t\t<div class=\"elementor-column elementor-col-100 elementor-top-column elementor-element elementor-element-665c0af\" data-id=\"665c0af\" data-element_type=\"column\" data-e-type=\"column\">\n\t\t\t<div class=\"elementor-widget-wrap elementor-element-populated\">\n\t\t\t\t\t\t<div class=\"elementor-element elementor-element-cfba8dd elementor-widget elementor-widget-heading\" data-id=\"cfba8dd\" data-element_type=\"widget\" data-e-type=\"widget\" data-widget_type=\"heading.default\">\n\t\t\t\t<div class=\"elementor-widget-container\">\n\t\t\t\t\t<h2 class=\"elementor-heading-title elementor-size-default\">VIA FERRATAS DANS LA SIERRA DE GUARA\n<\/h2>\t\t\t\t<\/div>\n\t\t\t\t<\/div>\n\t\t\t\t<div class=\"elementor-element elementor-element-896c007 elementor-widget elementor-widget-heading\" data-id=\"896c007\" data-element_type=\"widget\" data-e-type=\"widget\" data-widget_type=\"heading.default\">\n\t\t\t\t<div class=\"elementor-widget-container\">\n\t\t\t\t\t<h3 class=\"elementor-heading-title elementor-size-default\">GUARA D'UN POINT DE VUE DIFF\u00c9RENT\n<\/h3>\t\t\t\t<\/div>\n\t\t\t\t<\/div>\n\t\t\t\t<div class=\"elementor-element elementor-element-03e0a64 elementor-widget elementor-widget-text-editor\" data-id=\"03e0a64\" data-element_type=\"widget\" data-e-type=\"widget\" data-widget_type=\"text-editor.default\">\n\t\t\t\t<div class=\"elementor-widget-container\">\n\t\t\t\t\t\t\t\t\t<p>D\u00e9couvrir la <strong>Sierra <\/strong>depuis les hauteurs et s&rsquo;initier \u00e0 la technique de la via ferrata est possible gr\u00e2ce \u00e0 ses trois itin\u00e9raires am\u00e9nag\u00e9s. Le niveau des via ferratas de la Sierra de Guara va de d\u00e9butant \u00e0 avanc\u00e9. Les deux plus simples, pour tous, sont celui de Bierge, appel\u00e9<strong>\u00ab\u00a0Pe\u00f1as Juntas\u00a0\u00bb ( <\/strong>id\u00e9al pour les plus jeunes) et celui de <strong>Rodellar,<\/strong> connu sous le nom de <strong>\u00ab\u00a0Espol\u00f3n de la Virgen\u00a0\u00bb<\/strong>. Cette derni\u00e8re longe un<strong> \u00e9peron vertigineux et pr\u00e9sente un caract\u00e8re tr\u00e8s a\u00e9rien<\/strong>. Bien qu&rsquo;il s&rsquo;agisse d&rsquo;un parcours d&rsquo;initiation, il ravit tous ceux qui le font. A Rodellar, selon le programme, nous pouvons \u00e9galement combiner la ferrata avec un canyon sec mais tr\u00e8s bien form\u00e9 avec trois rappels. En raison de leur exposition au soleil, elles sont id\u00e9ales aux heures centrales de la journ\u00e9e en hiver, en automne et au printemps. A la fin du printemps et de l&rsquo;\u00e9t\u00e9, nous devrons rechercher les heures de moindre chaleur pour les r\u00e9aliser. De m\u00eame, \u00e0 l&rsquo;extr\u00e9mit\u00e9 ouest de la Sierra, \u00e0 <strong>Vadiello, <\/strong>la<strong> via ferrata de Palomo, <\/strong>qui est l&rsquo;un des premiers itin\u00e9raires \u00e9quip\u00e9s en Espagne, remonte le ravin du m\u00eame nom avec des \u00e9tapes et des mouvements physiques et magnifiques.<\/p>\n\t\t\t\t\t\t\t\t<\/div>\n\t\t\t\t<\/div>\n\t\t\t\t<div class=\"elementor-element elementor-element-1e83724 elementor-align-center elementor-widget elementor-widget-button\" data-id=\"1e83724\" data-element_type=\"widget\" data-e-type=\"widget\" data-widget_type=\"button.default\">\n\t\t\t\t<div class=\"elementor-widget-container\">\n\t\t\t\t\t\t\t\t\t<div class=\"elementor-button-wrapper\">\n\t\t\t\t\t<a class=\"elementor-button elementor-button-link elementor-size-sm\" href=\"https:\/\/canyontrekguara.com\/fr\/contact\/\">\n\t\t\t\t\t\t<span class=\"elementor-button-content-wrapper\">\n\t\t\t\t\t\t\t\t\t<span class=\"elementor-button-text\">CONTACT ET R\u00c9SERVATION<\/span>\n\t\t\t\t\t<\/span>\n\t\t\t\t\t<\/a>\n\t\t\t\t<\/div>\n\t\t\t\t\t\t\t\t<\/div>\n\t\t\t\t<\/div>\n\t\t\t\t<div class=\"elementor-element elementor-element-642fea4 elementor-widget-divider--view-line elementor-widget elementor-widget-divider\" data-id=\"642fea4\" data-element_type=\"widget\" data-e-type=\"widget\" data-widget_type=\"divider.default\">\n\t\t\t\t<div class=\"elementor-widget-container\">\n\t\t\t\t\t\t\t<div class=\"elementor-divider\">\n\t\t\t<span class=\"elementor-divider-separator\">\n\t\t\t\t\t\t<\/span>\n\t\t<\/div>\n\t\t\t\t\t\t<\/div>\n\t\t\t\t<\/div>\n\t\t\t\t\t<\/div>\n\t\t<\/div>\n\t\t\t\t\t<\/div>\n\t\t<\/section>\n\t\t\t\t<section class=\"elementor-section elementor-top-section elementor-element elementor-element-b5c044c elementor-section-boxed elementor-section-height-default elementor-section-height-default wpr-particle-no wpr-jarallax-no wpr-parallax-no wpr-sticky-section-no\" data-id=\"b5c044c\" data-element_type=\"section\" data-e-type=\"section\">\n\t\t\t\t\t\t<div class=\"elementor-container elementor-column-gap-custom\">\n\t\t\t\t\t<div class=\"elementor-column elementor-col-33 elementor-top-column elementor-element elementor-element-c06a469\" data-id=\"c06a469\" data-element_type=\"column\" data-e-type=\"column\">\n\t\t\t<div class=\"elementor-widget-wrap elementor-element-populated\">\n\t\t\t\t\t\t<div class=\"elementor-element elementor-element-2d03019 elementor-widget elementor-widget-heading\" data-id=\"2d03019\" data-element_type=\"widget\" data-e-type=\"widget\" data-widget_type=\"heading.default\">\n\t\t\t\t<div class=\"elementor-widget-container\">\n\t\t\t\t\t<h2 class=\"elementor-heading-title elementor-size-default\">NIVEAU FAMILIAL - INTERM\u00c9DIAIRE\n<\/h2>\t\t\t\t<\/div>\n\t\t\t\t<\/div>\n\t\t\t\t<div class=\"elementor-element elementor-element-57837b6 elementor-widget elementor-widget-text-editor\" data-id=\"57837b6\" data-element_type=\"widget\" data-e-type=\"widget\" data-widget_type=\"text-editor.default\">\n\t\t\t\t<div class=\"elementor-widget-container\">\n\t\t\t\t\t\t\t\t\t<ul>\n<li><strong>Pe\u00f1as Juntas (Bierge) : <\/strong>escaliers verticaux et ponts tib\u00e9tains de 30 m.<\/li>\n<li><strong>Espol\u00f3n de la Virgen + Ca\u00f1on seco de la Virgen (Rodellar) : <\/strong>Marches couch\u00e9es, marches verticales et cha\u00eenes.<\/li>\n<li><strong>El Morral (Graus) : <\/strong>Escaliers fixes et marches horizontales le long des corniches.<\/li>\n<\/ul>\n\t\t\t\t\t\t\t\t<\/div>\n\t\t\t\t<\/div>\n\t\t\t\t<div class=\"elementor-element elementor-element-dd877af elementor-widget elementor-widget-heading\" data-id=\"dd877af\" data-element_type=\"widget\" data-e-type=\"widget\" data-widget_type=\"heading.default\">\n\t\t\t\t<div class=\"elementor-widget-container\">\n\t\t\t\t\t<h2 class=\"elementor-heading-title elementor-size-default\">TAUX\n<\/h2>\t\t\t\t<\/div>\n\t\t\t\t<\/div>\n\t\t\t\t<div class=\"elementor-element elementor-element-69e86b1 elementor-widget elementor-widget-text-editor\" data-id=\"69e86b1\" data-element_type=\"widget\" data-e-type=\"widget\" data-widget_type=\"text-editor.default\">\n\t\t\t\t<div class=\"elementor-widget-container\">\n\t\t\t\t\t\t\t\t\t<ul>\n<li>\n<p><strong>2 personnes &#8211; 60\u20ac\/pers | +3 personnes &#8211; 50\u20ac\/pers<\/strong><\/p>\n<p><strong>* Pour des raisons de s\u00e9curit\u00e9, \u00e0 ce niveau, le groupe maximum par guide sera de 5 \u00e0 7 personnes.<\/strong><\/p>\n<\/li>\n<\/ul>\n\t\t\t\t\t\t\t\t<\/div>\n\t\t\t\t<\/div>\n\t\t\t\t\t<\/div>\n\t\t<\/div>\n\t\t\t\t<div class=\"elementor-column elementor-col-33 elementor-top-column elementor-element elementor-element-ec51c6d\" data-id=\"ec51c6d\" data-element_type=\"column\" data-e-type=\"column\">\n\t\t\t<div class=\"elementor-widget-wrap elementor-element-populated\">\n\t\t\t\t\t\t<div class=\"elementor-element elementor-element-4c6dc33 elementor-widget elementor-widget-heading\" data-id=\"4c6dc33\" data-element_type=\"widget\" data-e-type=\"widget\" data-widget_type=\"heading.default\">\n\t\t\t\t<div class=\"elementor-widget-container\">\n\t\t\t\t\t<h2 class=\"elementor-heading-title elementor-size-default\">NIVEAU AVANC\u00c9\n<\/h2>\t\t\t\t<\/div>\n\t\t\t\t<\/div>\n\t\t\t\t<div class=\"elementor-element elementor-element-7bb7cc6 elementor-widget elementor-widget-text-editor\" data-id=\"7bb7cc6\" data-element_type=\"widget\" data-e-type=\"widget\" data-widget_type=\"text-editor.default\">\n\t\t\t\t<div class=\"elementor-widget-container\">\n\t\t\t\t\t\t\t\t\t<ul>\n<li><strong>Canal de Palomo (Loporzano, Vadiello) :<\/strong> pinces, chevilles, croisements, chemin\u00e9es et surplombs. Ses mares (qui sont prot\u00e9g\u00e9es) sont encore habit\u00e9es par des tritons pyr\u00e9n\u00e9ens.<\/li>\n<\/ul>\n\t\t\t\t\t\t\t\t<\/div>\n\t\t\t\t<\/div>\n\t\t\t\t<div class=\"elementor-element elementor-element-07f4dd0 elementor-widget elementor-widget-heading\" data-id=\"07f4dd0\" data-element_type=\"widget\" data-e-type=\"widget\" data-widget_type=\"heading.default\">\n\t\t\t\t<div class=\"elementor-widget-container\">\n\t\t\t\t\t<h2 class=\"elementor-heading-title elementor-size-default\">TAUX\n<\/h2>\t\t\t\t<\/div>\n\t\t\t\t<\/div>\n\t\t\t\t<div class=\"elementor-element elementor-element-8be994e elementor-widget elementor-widget-text-editor\" data-id=\"8be994e\" data-element_type=\"widget\" data-e-type=\"widget\" data-widget_type=\"text-editor.default\">\n\t\t\t\t<div class=\"elementor-widget-container\">\n\t\t\t\t\t\t\t\t\t<ul>\n<li>\n<p><strong>2 personnes &#8211; 70\u20ac\/pers | <\/strong><strong>+3 personnes &#8211; 60\u20ac\/pers<\/strong><\/p>\n<p><strong>* Pour des raisons de s\u00e9curit\u00e9, \u00e0 ce niveau, la taille maximale d&rsquo;un groupe par guide est de 3 \u00e0 4 personnes.<\/strong><\/p>\n<\/li>\n<\/ul>\n\t\t\t\t\t\t\t\t<\/div>\n\t\t\t\t<\/div>\n\t\t\t\t\t<\/div>\n\t\t<\/div>\n\t\t\t\t<div class=\"elementor-column elementor-col-33 elementor-top-column elementor-element elementor-element-71bb970\" data-id=\"71bb970\" data-element_type=\"column\" data-e-type=\"column\">\n\t\t\t<div class=\"elementor-widget-wrap elementor-element-populated\">\n\t\t\t\t\t\t<div class=\"elementor-element elementor-element-45d591b elementor-widget elementor-widget-heading\" data-id=\"45d591b\" data-element_type=\"widget\" data-e-type=\"widget\" data-widget_type=\"heading.default\">\n\t\t\t\t<div class=\"elementor-widget-container\">\n\t\t\t\t\t<h3 class=\"elementor-heading-title elementor-size-default\">PLUS D'INFORMATIONS\n<\/h3>\t\t\t\t<\/div>\n\t\t\t\t<\/div>\n\t\t\t\t<div class=\"elementor-element elementor-element-6096733 elementor-widget elementor-widget-accordion\" data-id=\"6096733\" data-element_type=\"widget\" data-e-type=\"widget\" data-widget_type=\"accordion.default\">\n\t\t\t\t<div class=\"elementor-widget-container\">\n\t\t\t\t\t\t\t<div class=\"elementor-accordion\">\n\t\t\t\t\t\t\t<div class=\"elementor-accordion-item\">\n\t\t\t\t\t<div id=\"elementor-tab-title-1011\" class=\"elementor-tab-title\" data-tab=\"1\" role=\"button\" aria-controls=\"elementor-tab-content-1011\" aria-expanded=\"false\">\n\t\t\t\t\t\t\t\t\t\t\t\t\t<span class=\"elementor-accordion-icon elementor-accordion-icon-right\" aria-hidden=\"true\">\n\t\t\t\t\t\t\t\t\t\t\t\t\t\t\t<span class=\"elementor-accordion-icon-closed\"><i class=\"fas fa-plus\"><\/i><\/span>\n\t\t\t\t\t\t\t\t<span class=\"elementor-accordion-icon-opened\"><i class=\"fas fa-minus\"><\/i><\/span>\n\t\t\t\t\t\t\t\t\t\t\t\t\t\t<\/span>\n\t\t\t\t\t\t\t\t\t\t\t\t<a class=\"elementor-accordion-title\" tabindex=\"0\">Que dois-je apporter \u00e0 l'activit\u00e9 ?<\/a>\n\t\t\t\t\t<\/div>\n\t\t\t\t\t<div id=\"elementor-tab-content-1011\" class=\"elementor-tab-content elementor-clearfix\" data-tab=\"1\" role=\"region\" aria-labelledby=\"elementor-tab-title-1011\"><ul>\n<li>Une paire de baskets \u00e0 lacets ou de chaussures de randonn\u00e9e.<\/li>\n<li>V\u00eatements de sport ou de montagne confortables et adapt\u00e9s au temps et \u00e0 la p\u00e9riode de l&rsquo;ann\u00e9e.<\/li>\n<li>Pique-nique.<\/li>\n<li>Boire.<\/li>\n<li>Un petit sac \u00e0 dos pour transporter ses effets personnels.<\/li>\n<li>Coletero ceux qui ont les cheveux longs.<\/li>\n<li>Gants \u00e0 demi-doigts ou de type \u00ab\u00a0biker\u00a0\u00bb en option.<\/li>\n<li>Beaucoup d&rsquo;enthousiasme et de motivation.<\/li>\n<\/ul>\n<\/div>\n\t\t\t\t<\/div>\n\t\t\t\t\t\t\t<div class=\"elementor-accordion-item\">\n\t\t\t\t\t<div id=\"elementor-tab-title-1012\" class=\"elementor-tab-title\" data-tab=\"2\" role=\"button\" aria-controls=\"elementor-tab-content-1012\" aria-expanded=\"false\">\n\t\t\t\t\t\t\t\t\t\t\t\t\t<span class=\"elementor-accordion-icon elementor-accordion-icon-right\" aria-hidden=\"true\">\n\t\t\t\t\t\t\t\t\t\t\t\t\t\t\t<span class=\"elementor-accordion-icon-closed\"><i class=\"fas fa-plus\"><\/i><\/span>\n\t\t\t\t\t\t\t\t<span class=\"elementor-accordion-icon-opened\"><i class=\"fas fa-minus\"><\/i><\/span>\n\t\t\t\t\t\t\t\t\t\t\t\t\t\t<\/span>\n\t\t\t\t\t\t\t\t\t\t\t\t<a class=\"elementor-accordion-title\" tabindex=\"0\">Qu'est-ce qui est inclus dans le prix ?<\/a>\n\t\t\t\t\t<\/div>\n\t\t\t\t\t<div id=\"elementor-tab-content-1012\" class=\"elementor-tab-content elementor-clearfix\" data-tab=\"2\" role=\"region\" aria-labelledby=\"elementor-tab-title-1012\"><ul>\n<li>Guide qualifi\u00e9 comme \u00ab\u00a0Technicien des sports de montagne et d&rsquo;escalade\u00a0\u00bb.<\/li>\n<li>Mat\u00e9riel technique n\u00e9cessaire. Toujours certifi\u00e9 CE :\n<ul>\n<li>Harnais d&rsquo;escalade.<\/li>\n<li>Dissipateur sp\u00e9cial pour la via ferrata.<\/li>\n<li>Casque<\/li>\n<\/ul>\n<\/li>\n<li>Assurances obligatoires : responsabilit\u00e9 civile et assurance accident.<\/li>\n<li>Photos et vid\u00e9os de l&rsquo;activit\u00e9.<\/li>\n<li>Si n\u00e9cessaire, soutenir le v\u00e9hicule.<\/li>\n<li> <\/li>\n<\/ul>\n<\/div>\n\t\t\t\t<\/div>\n\t\t\t\t\t\t\t<div class=\"elementor-accordion-item\">\n\t\t\t\t\t<div id=\"elementor-tab-title-1013\" class=\"elementor-tab-title\" data-tab=\"3\" role=\"button\" aria-controls=\"elementor-tab-content-1013\" aria-expanded=\"false\">\n\t\t\t\t\t\t\t\t\t\t\t\t\t<span class=\"elementor-accordion-icon elementor-accordion-icon-right\" aria-hidden=\"true\">\n\t\t\t\t\t\t\t\t\t\t\t\t\t\t\t<span class=\"elementor-accordion-icon-closed\"><i class=\"fas fa-plus\"><\/i><\/span>\n\t\t\t\t\t\t\t\t<span class=\"elementor-accordion-icon-opened\"><i class=\"fas fa-minus\"><\/i><\/span>\n\t\t\t\t\t\t\t\t\t\t\t\t\t\t<\/span>\n\t\t\t\t\t\t\t\t\t\t\t\t<a class=\"elementor-accordion-title\" tabindex=\"0\">Conditions g\u00e9n\u00e9rales d'utilisation<\/a>\n\t\t\t\t\t<\/div>\n\t\t\t\t\t<div id=\"elementor-tab-content-1013\" class=\"elementor-tab-content elementor-clearfix\" data-tab=\"3\" role=\"region\" aria-labelledby=\"elementor-tab-title-1013\"><ul>\n<li>Vous devez \u00eatre en bonne condition physique et \u00eatre familiaris\u00e9 avec l&rsquo;activit\u00e9 que vous allez entreprendre.<\/li>\n<li>Les via ferratas et les activit\u00e9s d&rsquo;escalade sont des activit\u00e9s a\u00e9riennes et il est essentiel de ne pas avoir le vertige ou la peur des hauteurs.<\/li>\n<li>L&rsquo;\u00e2ge minimum pour les activit\u00e9s sera de 8 ans, dans tous les cas, et c&rsquo;est le guide qui, en dernier ressort, approuvera et acceptera l&rsquo;activit\u00e9, en fonction des conditions physiques et mentales de l&rsquo;enfant et des caract\u00e9ristiques de l&rsquo;activit\u00e9.<\/li>\n<li>Pour les activit\u00e9s de niveau \u00ab\u00a0avanc\u00e9\u00a0\u00bb ou sup\u00e9rieur, une exp\u00e9rience pr\u00e9alable peut \u00eatre exig\u00e9e, qui peut \u00eatre d\u00e9montr\u00e9e au moyen d&rsquo;un entretien personnel avec notre \u00e9quipe de guides ou d&rsquo;une activit\u00e9 ant\u00e9rieure avec notre compagnie.<\/li>\n<li>Pour les activit\u00e9s avec des enfants de moins de 18 ans, le parent ou le tuteur l\u00e9gal, s&rsquo;il n&rsquo;accompagne pas l&rsquo;enfant, doit signer une autorisation.<\/li>\n<li> <\/li>\n<\/ul>\n<\/div>\n\t\t\t\t<\/div>\n\t\t\t\t\t\t\t\t<\/div>\n\t\t\t\t\t\t<\/div>\n\t\t\t\t<\/div>\n\t\t\t\t\t<\/div>\n\t\t<\/div>\n\t\t\t\t\t<\/div>\n\t\t<\/section>\n\t\t\t\t<\/div>\n\t\t","protected":false},"excerpt":{"rendered":"<p>VIA FERRATAS DANS LA SIERRA DE GUARA GUARA D&rsquo;UN POINT DE VUE DIFF\u00c9RENT D\u00e9couvrir la Sierra depuis les hauteurs et s&rsquo;initier \u00e0 la technique de la via ferrata est possible gr\u00e2ce \u00e0 ses trois itin\u00e9raires am\u00e9nag\u00e9s. Le niveau des via ferratas de la Sierra de Guara va de d\u00e9butant \u00e0 avanc\u00e9. Les deux plus simples, pour tous, sont celui de Bierge, appel\u00e9\u00ab\u00a0Pe\u00f1as Juntas\u00a0\u00bb ( id\u00e9al pour les plus jeunes) et celui de Rodellar, connu sous le nom de \u00ab\u00a0Espol\u00f3n de la Virgen\u00a0\u00bb. Cette derni\u00e8re longe un \u00e9peron vertigineux et pr\u00e9sente un caract\u00e8re tr\u00e8s a\u00e9rien. Bien qu&rsquo;il s&rsquo;agisse d&rsquo;un parcours d&rsquo;initiation, il ravit tous ceux qui le font. A Rodellar, selon le programme, nous pouvons \u00e9galement combiner la ferrata avec un canyon sec mais tr\u00e8s bien form\u00e9 avec trois rappels. En raison de leur exposition au soleil, elles sont id\u00e9ales aux heures centrales de la journ\u00e9e en hiver, en automne et au printemps. A la fin du printemps et de l&rsquo;\u00e9t\u00e9, nous devrons rechercher les heures de moindre chaleur pour les r\u00e9aliser. De m\u00eame, \u00e0 l&rsquo;extr\u00e9mit\u00e9 ouest de la Sierra, \u00e0 Vadiello, la via ferrata de Palomo, qui est l&rsquo;un des premiers itin\u00e9raires \u00e9quip\u00e9s en Espagne, remonte le ravin du m\u00eame nom avec des \u00e9tapes et des mouvements physiques et magnifiques. CONTACT ET R\u00c9SERVATION NIVEAU FAMILIAL &#8211; INTERM\u00c9DIAIRE Pe\u00f1as Juntas (Bierge) : escaliers verticaux et ponts tib\u00e9tains de 30 m. Espol\u00f3n de la Virgen + Ca\u00f1on seco de la Virgen (Rodellar) : Marches couch\u00e9es, marches verticales et cha\u00eenes. El Morral (Graus) : Escaliers fixes et marches horizontales le long des corniches. TAUX 2 personnes &#8211; 60\u20ac\/pers | +3 personnes &#8211; 50\u20ac\/pers * Pour des raisons de s\u00e9curit\u00e9, \u00e0 ce niveau, le groupe maximum par guide sera de 5 \u00e0 7 personnes. NIVEAU AVANC\u00c9 Canal de Palomo (Loporzano, Vadiello) : pinces, chevilles, croisements, chemin\u00e9es et surplombs. Ses mares (qui sont prot\u00e9g\u00e9es) sont encore habit\u00e9es par des tritons pyr\u00e9n\u00e9ens. TAUX 2 personnes &#8211; 70\u20ac\/pers | +3 personnes &#8211; 60\u20ac\/pers * Pour des raisons de s\u00e9curit\u00e9, \u00e0 ce niveau, la taille maximale d&rsquo;un groupe par guide est de 3 \u00e0 4 personnes. PLUS D&rsquo;INFORMATIONS Que dois-je apporter \u00e0 l&rsquo;activit\u00e9 ? Une paire de baskets \u00e0 lacets ou de chaussures de randonn\u00e9e. V\u00eatements de sport ou de montagne confortables et adapt\u00e9s au temps et \u00e0 la p\u00e9riode de l&#8217;ann\u00e9e. Pique-nique. Boire. Un petit sac \u00e0 dos pour transporter ses effets personnels. Coletero ceux qui ont les cheveux longs. Gants \u00e0 demi-doigts ou de type \u00abbiker\u00bb en option. Beaucoup d&#8217;enthousiasme et de motivation. Qu&rsquo;est-ce qui est inclus dans le prix ? Guide qualifi\u00e9 comme \u00abTechnicien des sports de montagne et d&#8217;escalade\u00bb. Mat\u00e9riel technique n\u00e9cessaire. Toujours certifi\u00e9 CE : Harnais d&#8217;escalade. Dissipateur sp\u00e9cial pour la via ferrata. Casque Assurances obligatoires : responsabilit\u00e9 civile et assurance accident. Photos et vid\u00e9os de l&#8217;activit\u00e9. Si n\u00e9cessaire, soutenir le v\u00e9hicule. Conditions g\u00e9n\u00e9rales d&rsquo;utilisation Vous devez \u00eatre en bonne condition physique et \u00eatre familiaris\u00e9 avec l&#8217;activit\u00e9 que vous allez entreprendre. Les via ferratas et les activit\u00e9s d&#8217;escalade sont des activit\u00e9s a\u00e9riennes et il est essentiel de ne pas avoir le vertige ou la peur des hauteurs. L&#8217;\u00e2ge minimum pour les activit\u00e9s sera de 8 ans, dans tous les cas, et c&#8217;est le guide qui, en dernier ressort, approuvera et acceptera l&#8217;activit\u00e9, en fonction des conditions physiques et mentales de l&#8217;enfant et des caract\u00e9ristiques de l&#8217;activit\u00e9. Pour les activit\u00e9s de niveau \u00abavanc\u00e9\u00bb ou sup\u00e9rieur, une exp\u00e9rience pr\u00e9alable peut \u00eatre exig\u00e9e, qui peut \u00eatre d\u00e9montr\u00e9e au moyen d&#8217;un entretien personnel avec notre \u00e9quipe de guides ou d&#8217;une activit\u00e9 ant\u00e9rieure avec notre compagnie. Pour les activit\u00e9s avec des enfants de moins de 18 ans, le parent ou le tuteur l\u00e9gal, s&#8217;il n&#8217;accompagne pas l&#8217;enfant, doit signer une autorisation.<\/p>\n","protected":false},"author":1,"featured_media":10572,"parent":0,"menu_order":0,"comment_status":"closed","ping_status":"closed","template":"elementor_header_footer","meta":{"_exactmetrics_skip_tracking":false,"_exactmetrics_sitenote_active":false,"_exactmetrics_sitenote_note":"","_exactmetrics_sitenote_category":0,"_monsterinsights_skip_tracking":false,"_monsterinsights_sitenote_active":false,"_monsterinsights_sitenote_note":"","_monsterinsights_sitenote_category":0,"footnotes":""},"class_list":["post-11729","page","type-page","status-publish","has-post-thumbnail","hentry"],"aioseo_notices":[],"_links":{"self":[{"href":"https:\/\/canyontrekguara.com\/fr\/wp-json\/wp\/v2\/pages\/11729","targetHints":{"allow":["GET"]}}],"collection":[{"href":"https:\/\/canyontrekguara.com\/fr\/wp-json\/wp\/v2\/pages"}],"about":[{"href":"https:\/\/canyontrekguara.com\/fr\/wp-json\/wp\/v2\/types\/page"}],"author":[{"embeddable":true,"href":"https:\/\/canyontrekguara.com\/fr\/wp-json\/wp\/v2\/users\/1"}],"replies":[{"embeddable":true,"href":"https:\/\/canyontrekguara.com\/fr\/wp-json\/wp\/v2\/comments?post=11729"}],"version-history":[{"count":0,"href":"https:\/\/canyontrekguara.com\/fr\/wp-json\/wp\/v2\/pages\/11729\/revisions"}],"wp:featuredmedia":[{"embeddable":true,"href":"https:\/\/canyontrekguara.com\/fr\/wp-json\/wp\/v2\/media\/10572"}],"wp:attachment":[{"href":"https:\/\/canyontrekguara.com\/fr\/wp-json\/wp\/v2\/media?parent=11729"}],"curies":[{"name":"wp","href":"https:\/\/api.w.org\/{rel}","templated":true}]}}