{"id":11727,"date":"2023-01-12T11:28:51","date_gmt":"2023-01-12T11:28:51","guid":{"rendered":"https:\/\/canyontrekguara.com\/ravin-du-petit-mascun\/"},"modified":"2024-01-31T15:34:47","modified_gmt":"2024-01-31T15:34:47","slug":"ravin-du-petit-mascun","status":"publish","type":"page","link":"https:\/\/canyontrekguara.com\/fr\/ravin-du-petit-mascun\/","title":{"rendered":"Ravin du Petit Masc\u00fan"},"content":{"rendered":"\t\t<div data-elementor-type=\"wp-page\" data-elementor-id=\"11727\" class=\"elementor elementor-11727 elementor-2669\" data-elementor-post-type=\"page\">\n\t\t\t\t\t\t<section class=\"elementor-section elementor-top-section elementor-element elementor-element-79adc78 elementor-section-boxed elementor-section-height-default elementor-section-height-default wpr-particle-no wpr-jarallax-no wpr-parallax-no wpr-sticky-section-no\" data-id=\"79adc78\" data-element_type=\"section\" data-e-type=\"section\">\n\t\t\t\t\t\t<div class=\"elementor-container elementor-column-gap-default\">\n\t\t\t\t\t<div class=\"elementor-column elementor-col-33 elementor-top-column elementor-element elementor-element-106aaa94\" data-id=\"106aaa94\" data-element_type=\"column\" data-e-type=\"column\">\n\t\t\t<div class=\"elementor-widget-wrap\">\n\t\t\t\t\t\t\t<\/div>\n\t\t<\/div>\n\t\t\t\t<div class=\"elementor-column elementor-col-33 elementor-top-column elementor-element elementor-element-443a5901\" data-id=\"443a5901\" data-element_type=\"column\" data-e-type=\"column\">\n\t\t\t<div class=\"elementor-widget-wrap elementor-element-populated\">\n\t\t\t\t\t\t<div class=\"elementor-element elementor-element-fd4b793 elementor-widget elementor-widget-heading\" data-id=\"fd4b793\" data-element_type=\"widget\" data-e-type=\"widget\" data-widget_type=\"heading.default\">\n\t\t\t\t<div class=\"elementor-widget-container\">\n\t\t\t\t\t<h2 class=\"elementor-heading-title elementor-size-default\">Banque du Petit Mascun\n<\/h2>\t\t\t\t<\/div>\n\t\t\t\t<\/div>\n\t\t\t\t<div class=\"elementor-element elementor-element-407bc613 elementor-widget elementor-widget-image\" data-id=\"407bc613\" data-element_type=\"widget\" data-e-type=\"widget\" data-widget_type=\"image.default\">\n\t\t\t\t<div class=\"elementor-widget-container\">\n\t\t\t\t\t\t\t\t\t\t\t\t\t\t\t<img fetchpriority=\"high\" decoding=\"async\" width=\"1154\" height=\"865\" src=\"https:\/\/canyontrekguara.com\/wp-content\/uploads\/2023\/01\/clonar-petit-mascun.jpg\" class=\"attachment-large size-large wp-image-10633\" alt=\"\" srcset=\"https:\/\/canyontrekguara.com\/wp-content\/uploads\/2023\/01\/clonar-petit-mascun.jpg 1154w, https:\/\/canyontrekguara.com\/wp-content\/uploads\/2023\/01\/clonar-petit-mascun-600x450.jpg 600w, https:\/\/canyontrekguara.com\/wp-content\/uploads\/2023\/01\/clonar-petit-mascun-768x576.jpg 768w\" sizes=\"(max-width: 1154px) 100vw, 1154px\" \/>\t\t\t\t\t\t\t\t\t\t\t\t\t\t\t<\/div>\n\t\t\t\t<\/div>\n\t\t\t\t<div class=\"elementor-element elementor-element-56d3ac4a elementor-widget elementor-widget-spacer\" data-id=\"56d3ac4a\" data-element_type=\"widget\" data-e-type=\"widget\" data-widget_type=\"spacer.default\">\n\t\t\t\t<div class=\"elementor-widget-container\">\n\t\t\t\t\t\t\t<div class=\"elementor-spacer\">\n\t\t\t<div class=\"elementor-spacer-inner\"><\/div>\n\t\t<\/div>\n\t\t\t\t\t\t<\/div>\n\t\t\t\t<\/div>\n\t\t\t\t<div class=\"elementor-element elementor-element-2cfea5b5 elementor-widget elementor-widget-heading\" data-id=\"2cfea5b5\" data-element_type=\"widget\" data-e-type=\"widget\" data-widget_type=\"heading.default\">\n\t\t\t\t<div class=\"elementor-widget-container\">\n\t\t\t\t\t<h3 class=\"elementor-heading-title elementor-size-default\">Canyoning \u00e0 Rodellar : le Petit Mascun<\/h3>\t\t\t\t<\/div>\n\t\t\t\t<\/div>\n\t\t\t\t<div class=\"elementor-element elementor-element-54e771ca elementor-widget elementor-widget-heading\" data-id=\"54e771ca\" data-element_type=\"widget\" data-e-type=\"widget\" data-widget_type=\"heading.default\">\n\t\t\t\t<div class=\"elementor-widget-container\">\n\t\t\t\t\t<h5 class=\"elementor-heading-title elementor-size-default\">Le meilleur canyoning pour tous au printemps.<\/h5>\t\t\t\t<\/div>\n\t\t\t\t<\/div>\n\t\t\t\t<div class=\"elementor-element elementor-element-1c55a1a2 elementor-widget elementor-widget-text-editor\" data-id=\"1c55a1a2\" data-element_type=\"widget\" data-e-type=\"widget\" data-widget_type=\"text-editor.default\">\n\t\t\t\t<div class=\"elementor-widget-container\">\n\t\t\t\t\t\t\t\t\t<p>Lorsque l&rsquo;on parle de<strong> canyoning \u00e0 Rodellar, <\/strong>on pense imm\u00e9diatement au<strong> Petit Masc\u00fan<\/strong>. Il s&rsquo;agit d&rsquo;un canyon qui descend le long de la rivi\u00e8re Masc\u00fan, en bordure du village de Rodellar, avant d&rsquo;atteindre son point de rencontre avec la rivi\u00e8re Alcanadre. C&rsquo;est un environnement in\u00e9galable et sauvage, avec des formations spectaculaires d&rsquo;aiguilles et de grottes. Une vall\u00e9e cach\u00e9e dans la Sierra de Guara. Le canyon s&rsquo;\u00e9tend entre les mythiques parois calcaires qui font de Rodellar une destination internationale d&rsquo;escalade.<\/p>\n<p>Le canyon est un concentr\u00e9, o\u00f9 vous trouverez tout ce dont vous avez besoin pour une activit\u00e9 de <strong>canyoning<\/strong> compl\u00e8te <strong>\u00e0 Rodellar :<\/strong> une multitude de sauts, de petits passages plongeables, de grandes falaises, du soleil et un chaos avec une grotte. Parfait pour d\u00e9couvrir tous les aspects du canyoning. De plus, si nous commen\u00e7ons dans le <strong>canyon sec de La Virgen<\/strong>, nous ajoutons trois rappels \u00e0 l&rsquo;activit\u00e9, qui sont secs et compl\u00e8tent parfaitement notre journ\u00e9e de d\u00e9couverte de ce sport d&rsquo;aventure. Mais cette option est toujours facultative.<\/p>\n<p>Le Petit Masc\u00fan propose une journ\u00e9e de canyoning \u00e0 Rodellar, amusante, aquatique et ensoleill\u00e9e. Il est abordable pour tout le monde. Recommand\u00e9 aux familles avec enfants, aux personnes qui recherchent une activit\u00e9 tranquille, aux groupes qui veulent passer une journ\u00e9e ensemble dans la nature, etc. Son plus grand avantage est que <strong>la descente a lieu au printemps<\/strong>, entre mars et juin, lorsque les grands fleuves de la Sierra ont encore trop de d\u00e9bit.<\/p>\n<h5>Tarif :<\/h5>\n<p>2 personnes : 60 \u20ac\/pers.<\/p>\n<p>De 3 \u00e0 6 personnes : 55 \u20ac\/pers.<\/p>\n<p>Groupes de plus de 7 personnes : 50 \u20ac\/pers.<\/p>\n\t\t\t\t\t\t\t\t<\/div>\n\t\t\t\t<\/div>\n\t\t\t\t<div class=\"elementor-element elementor-element-1511f2dd elementor-widget elementor-widget-text-editor\" data-id=\"1511f2dd\" data-element_type=\"widget\" data-e-type=\"widget\" data-widget_type=\"text-editor.default\">\n\t\t\t\t<div class=\"elementor-widget-container\">\n\t\t\t\t\t\t\t\t\t<p><strong>Ratio 4 personnes\/guide<\/strong><\/p>\n<p><strong>QUE COMPREND LE PRIX ?<\/strong><\/p>\n<ul>\n<li>Guide professionnel dipl\u00f4m\u00e9 \u00ab\u00a0Technicien des Sports de Montagne et d&rsquo;Escalade\u00a0\u00bb, sp\u00e9cialis\u00e9 dans le canyoning.<\/li>\n<li>Mat\u00e9riel technique n\u00e9cessaire. Toujours certifi\u00e9 CE :\n<ul>\n<li>Deux pi\u00e8ces en n\u00e9opr\u00e8ne 5 mm pour le canyoning complet<\/li>\n<li>Chaussons : chaussettes en n\u00e9opr\u00e8ne.<\/li>\n<li>Harnais avec ligne d&rsquo;ancrage et descendeur.<\/li>\n<li>Casque.<\/li>\n<li>Sac \u00e0 dos de canyoning.<\/li>\n<li>Un jerrycan \u00e9tanche pour transporter le pique-nique.<\/li>\n<\/ul>\n<\/li>\n<li>Assurances obligatoires : responsabilit\u00e9 civile et assurance accident.<\/li>\n<li>Si n\u00e9cessaire, soutenir le v\u00e9hicule.<\/li>\n<li>Si nous prenons des photos de l&rsquo;activit\u00e9, nous vous les donnerons, mais vous devrez apporter une cl\u00e9 USB pour les emporter avec vous.<\/li>\n<li>TVA 21%.<\/li>\n<\/ul>\n\t\t\t\t\t\t\t\t<\/div>\n\t\t\t\t<\/div>\n\t\t\t\t<div class=\"elementor-element elementor-element-3e5e92df elementor-widget elementor-widget-text-editor\" data-id=\"3e5e92df\" data-element_type=\"widget\" data-e-type=\"widget\" data-widget_type=\"text-editor.default\">\n\t\t\t\t<div class=\"elementor-widget-container\">\n\t\t\t\t\t\t\t\t\t<p><strong>QUE DOIS-JE APPORTER POUR CETTE ACTIVIT\u00c9 ?<\/strong><\/p>\n<ul>\n<li>Une paire de chaussures \u00e0 lacets ou de chaussures de randonn\u00e9e en bon \u00e9tat.<\/li>\n<li>Le maillot de bain, mieux vaut d\u00e9j\u00e0 l&rsquo;enfiler.<\/li>\n<li>V\u00eatements confortables pour la marche : short et T-shirt.<\/li>\n<li>Pique-nique.<\/li>\n<li>Boire.<\/li>\n<li>Des v\u00eatements secs et des chaussures de rechange \u00e0 laisser dans la voiture.<\/li>\n<li>Coletero pour ceux qui ont les cheveux longs.<\/li>\n<li>Beaucoup d&rsquo;enthousiasme et de motivation.<\/li>\n<\/ul>\n\t\t\t\t\t\t\t\t<\/div>\n\t\t\t\t<\/div>\n\t\t\t\t<div class=\"elementor-element elementor-element-36c7ffbf elementor-widget elementor-widget-text-editor\" data-id=\"36c7ffbf\" data-element_type=\"widget\" data-e-type=\"widget\" data-widget_type=\"text-editor.default\">\n\t\t\t\t<div class=\"elementor-widget-container\">\n\t\t\t\t\t\t\t\t\t<p><strong>CONDITIONS G\u00c9N\u00c9RALES<\/strong><\/p>\n<ul>\n<li>Pour le canyoning et les activit\u00e9s aquatiques, il est n\u00e9cessaire de savoir nager.<\/li>\n<li>Vous devez \u00eatre en bonne condition physique et \u00eatre familiaris\u00e9 avec l&rsquo;activit\u00e9 que vous allez entreprendre.<\/li>\n<li>L&rsquo;\u00e2ge minimum pour participer aux activit\u00e9s d\u00e9pend de la taille et du poids de l&rsquo;enfant, car il est important que la combinaison soit de la bonne taille. Elle est g\u00e9n\u00e9ralement comprise entre 5 et 7 ans. Dans tous les cas, c&rsquo;est le guide qui, en dernier ressort, approuvera et acceptera l&rsquo;activit\u00e9, en fonction de la condition physique et mentale de l&rsquo;enfant et des caract\u00e9ristiques de l&rsquo;activit\u00e9.<\/li>\n<li>Pour les activit\u00e9s de niveau \u00ab\u00a0avanc\u00e9\u00a0\u00bb ou sup\u00e9rieur, une exp\u00e9rience pr\u00e9alable peut \u00eatre exig\u00e9e, qui peut \u00eatre d\u00e9montr\u00e9e par un entretien personnel avec notre \u00e9quipe de guides ou par une activit\u00e9 ant\u00e9rieure avec notre compagnie.<\/li>\n<li>Dans les activit\u00e9s avec des mineurs de moins de 18 ans, le parent ou le tuteur l\u00e9gal devra r\u00e9aliser l&rsquo;activit\u00e9 et accompagner le mineur.<\/li>\n<\/ul>\n\t\t\t\t\t\t\t\t<\/div>\n\t\t\t\t<\/div>\n\t\t\t\t\t<\/div>\n\t\t<\/div>\n\t\t\t\t<div class=\"elementor-column elementor-col-33 elementor-top-column elementor-element elementor-element-546a0e1a\" data-id=\"546a0e1a\" data-element_type=\"column\" data-e-type=\"column\">\n\t\t\t<div class=\"elementor-widget-wrap\">\n\t\t\t\t\t\t\t<\/div>\n\t\t<\/div>\n\t\t\t\t\t<\/div>\n\t\t<\/section>\n\t\t\t\t<\/div>\n\t\t","protected":false},"excerpt":{"rendered":"<p>Banque du Petit Mascun Canyoning \u00e0 Rodellar : le Petit Mascun Le meilleur canyoning pour tous au printemps. Lorsque l&rsquo;on parle de canyoning \u00e0 Rodellar, on pense imm\u00e9diatement au Petit Masc\u00fan. Il s&rsquo;agit d&rsquo;un canyon qui descend le long de la rivi\u00e8re Masc\u00fan, en bordure du village de Rodellar, avant d&rsquo;atteindre son point de rencontre avec la rivi\u00e8re Alcanadre. C&rsquo;est un environnement in\u00e9galable et sauvage, avec des formations spectaculaires d&rsquo;aiguilles et de grottes. Une vall\u00e9e cach\u00e9e dans la Sierra de Guara. Le canyon s&rsquo;\u00e9tend entre les mythiques parois calcaires qui font de Rodellar une destination internationale d&rsquo;escalade. Le canyon est un concentr\u00e9, o\u00f9 vous trouverez tout ce dont vous avez besoin pour une activit\u00e9 de canyoning compl\u00e8te \u00e0 Rodellar : une multitude de sauts, de petits passages plongeables, de grandes falaises, du soleil et un chaos avec une grotte. Parfait pour d\u00e9couvrir tous les aspects du canyoning. De plus, si nous commen\u00e7ons dans le canyon sec de La Virgen, nous ajoutons trois rappels \u00e0 l&rsquo;activit\u00e9, qui sont secs et compl\u00e8tent parfaitement notre journ\u00e9e de d\u00e9couverte de ce sport d&rsquo;aventure. Mais cette option est toujours facultative. Le Petit Masc\u00fan propose une journ\u00e9e de canyoning \u00e0 Rodellar, amusante, aquatique et ensoleill\u00e9e. Il est abordable pour tout le monde. Recommand\u00e9 aux familles avec enfants, aux personnes qui recherchent une activit\u00e9 tranquille, aux groupes qui veulent passer une journ\u00e9e ensemble dans la nature, etc. Son plus grand avantage est que la descente a lieu au printemps, entre mars et juin, lorsque les grands fleuves de la Sierra ont encore trop de d\u00e9bit. Tarif : 2 personnes : 60 \u20ac\/pers. De 3 \u00e0 6 personnes : 55 \u20ac\/pers. Groupes de plus de 7 personnes : 50 \u20ac\/pers. Ratio 4 personnes\/guide QUE COMPREND LE PRIX ? Guide professionnel dipl\u00f4m\u00e9 \u00ab\u00a0Technicien des Sports de Montagne et d&rsquo;Escalade\u00a0\u00bb, sp\u00e9cialis\u00e9 dans le canyoning. Mat\u00e9riel technique n\u00e9cessaire. Toujours certifi\u00e9 CE : Deux pi\u00e8ces en n\u00e9opr\u00e8ne 5 mm pour le canyoning complet Chaussons : chaussettes en n\u00e9opr\u00e8ne. Harnais avec ligne d&rsquo;ancrage et descendeur. Casque. Sac \u00e0 dos de canyoning. Un jerrycan \u00e9tanche pour transporter le pique-nique. Assurances obligatoires : responsabilit\u00e9 civile et assurance accident. Si n\u00e9cessaire, soutenir le v\u00e9hicule. Si nous prenons des photos de l&rsquo;activit\u00e9, nous vous les donnerons, mais vous devrez apporter une cl\u00e9 USB pour les emporter avec vous. TVA 21%. QUE DOIS-JE APPORTER POUR CETTE ACTIVIT\u00c9 ? Une paire de chaussures \u00e0 lacets ou de chaussures de randonn\u00e9e en bon \u00e9tat. Le maillot de bain, mieux vaut d\u00e9j\u00e0 l&rsquo;enfiler. V\u00eatements confortables pour la marche : short et T-shirt. Pique-nique. Boire. Des v\u00eatements secs et des chaussures de rechange \u00e0 laisser dans la voiture. Coletero pour ceux qui ont les cheveux longs. Beaucoup d&rsquo;enthousiasme et de motivation. CONDITIONS G\u00c9N\u00c9RALES Pour le canyoning et les activit\u00e9s aquatiques, il est n\u00e9cessaire de savoir nager. Vous devez \u00eatre en bonne condition physique et \u00eatre familiaris\u00e9 avec l&rsquo;activit\u00e9 que vous allez entreprendre. L&rsquo;\u00e2ge minimum pour participer aux activit\u00e9s d\u00e9pend de la taille et du poids de l&rsquo;enfant, car il est important que la combinaison soit de la bonne taille. Elle est g\u00e9n\u00e9ralement comprise entre 5 et 7 ans. Dans tous les cas, c&rsquo;est le guide qui, en dernier ressort, approuvera et acceptera l&rsquo;activit\u00e9, en fonction de la condition physique et mentale de l&rsquo;enfant et des caract\u00e9ristiques de l&rsquo;activit\u00e9. Pour les activit\u00e9s de niveau \u00ab\u00a0avanc\u00e9\u00a0\u00bb ou sup\u00e9rieur, une exp\u00e9rience pr\u00e9alable peut \u00eatre exig\u00e9e, qui peut \u00eatre d\u00e9montr\u00e9e par un entretien personnel avec notre \u00e9quipe de guides ou par une activit\u00e9 ant\u00e9rieure avec notre compagnie. Dans les activit\u00e9s avec des mineurs de moins de 18 ans, le parent ou le tuteur l\u00e9gal devra r\u00e9aliser l&rsquo;activit\u00e9 et accompagner le mineur.<\/p>\n","protected":false},"author":1,"featured_media":0,"parent":0,"menu_order":0,"comment_status":"closed","ping_status":"closed","template":"","meta":{"_exactmetrics_skip_tracking":false,"_exactmetrics_sitenote_active":false,"_exactmetrics_sitenote_note":"","_exactmetrics_sitenote_category":0,"_monsterinsights_skip_tracking":false,"_monsterinsights_sitenote_active":false,"_monsterinsights_sitenote_note":"","_monsterinsights_sitenote_category":0,"footnotes":""},"class_list":["post-11727","page","type-page","status-publish","hentry"],"aioseo_notices":[],"_links":{"self":[{"href":"https:\/\/canyontrekguara.com\/fr\/wp-json\/wp\/v2\/pages\/11727","targetHints":{"allow":["GET"]}}],"collection":[{"href":"https:\/\/canyontrekguara.com\/fr\/wp-json\/wp\/v2\/pages"}],"about":[{"href":"https:\/\/canyontrekguara.com\/fr\/wp-json\/wp\/v2\/types\/page"}],"author":[{"embeddable":true,"href":"https:\/\/canyontrekguara.com\/fr\/wp-json\/wp\/v2\/users\/1"}],"replies":[{"embeddable":true,"href":"https:\/\/canyontrekguara.com\/fr\/wp-json\/wp\/v2\/comments?post=11727"}],"version-history":[{"count":0,"href":"https:\/\/canyontrekguara.com\/fr\/wp-json\/wp\/v2\/pages\/11727\/revisions"}],"wp:attachment":[{"href":"https:\/\/canyontrekguara.com\/fr\/wp-json\/wp\/v2\/media?parent=11727"}],"curies":[{"name":"wp","href":"https:\/\/api.w.org\/{rel}","templated":true}]}}